{"id":721829,"date":"2025-08-27T18:55:23","date_gmt":"2025-08-27T15:55:23","guid":{"rendered":"https:\/\/roveyayinevi.com.tr\/index.php\/urun\/ataturkun-hatiralari-1914-1919\/"},"modified":"2026-04-16T02:29:46","modified_gmt":"2026-04-15T23:29:46","slug":"ataturkun-hatiralari-1914-1919","status":"publish","type":"product","link":"https:\/\/roveyayinevi.com.tr\/index.php\/urun\/ataturkun-hatiralari-1914-1919\/","title":{"rendered":"Atat\u00fcrk&#8217;\u00fcn Hat\u0131ralar\u0131 1914-1919"},"content":{"rendered":"<p>\u201cHi\u00e7 \u015f\u00fcphesiz ki Falih R\u0131fk\u0131 Atay\u2019\u0131n  \u00c7ankaya, Atat\u00fcrk\u2019\u00fcn Hat\u0131ralar\u0131 kitaplar\u0131 her t\u00fcrl\u00fc d\u00fc\u015f\u00fcnce sahibinin mutlaka okumas\u0131 gereken kitaplard\u0131r. Falih R\u0131fk\u0131 Atay\u2019\u0131n s\u00fcr\u00fckleyici, zengin muhteval\u0131, z\u0131t g\u00f6r\u00fcn\u00fcm ve olaylara dayanarak tezlerini savunan bir \u00fcslubu vard\u0131r.\u201d                                                                         Prof. Dr. \u0130lber ORTAYLI     Falih R\u0131fk\u0131 Atay, modern T\u00fcrkiye ve cumhuriyete giden yolu ayd\u0131nlatan, \u201cAtat\u00fcrk\u2019\u00fcn Hat\u0131ralar\u0131\u201d ad\u0131n\u0131 verdi\u011fi de\u011ferli eseri ile ilgili \u015funlar\u0131 s\u00f6yl\u00fcyor: \u201c1926 y\u0131l\u0131nday\u0131z. Mustafa Kemal Pa\u015fa hen\u00fcz Atat\u00fcrk soyad\u0131n\u0131 almam\u0131\u015ft\u0131r. Cumhurba\u015fkan\u0131 oldu\u011fu i\u00e7in ad\u0131 ba\u015f\u0131nda \u201cGazi ve M\u00fc\u015fir\u201d s\u0131fatlar\u0131n\u0131 da g\u00f6rm\u00fcyoruz. Biz kendisine Gazi veya Gazi Pa\u015fa derdik. Mustafa Kemal\u2019in ak\u015fam sofras\u0131, Sel\u00e2nik\u2019te kola\u011fas\u0131l\u0131\u011f\u0131ndan beri bir siyasi toplant\u0131 idi. Bir \u201ci\u00e7ki ve e\u011flence \u00e2lemi\u201d de\u011fildi. Ben hi\u00e7bir okulda \u00c7ankaya ak\u015fam toplant\u0131lar\u0131nda oldu\u011fu kadar ciddi \u00e7al\u0131\u015fma g\u00fcnleri ge\u00e7irdi\u011fimi hat\u0131rlam\u0131yorum. Bu toplant\u0131larda e\u011flence, okullardaki \u201cteneff\u00fcs\u201d dedi\u011fimiz, bah\u00e7eye inerek dinlenme gibi bir \u015feydi. \u2026 Hat\u0131ralar, 1914\u2019te Kaymakam Mustafa Kemal Bey\u2019in Sofya\u2019da ata\u015femiliter oldu\u011fu g\u00fcnlerden 1926 y\u0131l\u0131na kadar s\u00fcrecekti. \u2026 Notlar\u0131m Mustafa Kemal\u2019in 19 May\u0131s 1919\u2019da Samsun\u2019da karaya \u00e7\u0131kmas\u0131na kadar s\u00fcrer. 19 May\u0131s 1919\u2019dan sonras\u0131n\u0131 da Atat\u00fcrk \u201cNutuk\u201dunda anlatm\u0131\u015ft\u0131r. \u2026 \u201cAtat\u00fcrk\u2019\u00fcn Hat\u0131ralar\u0131\u201d ad\u0131n\u0131 pek hakl\u0131 olarak ta\u015f\u0131yan bu eser 19 May\u0131s 1919\u2019dan \u00f6nceki bo\u015flu\u011fu doldurmakta, Kurtulu\u015f Sava\u015f\u0131 ile onu ba\u015faran\u0131n t\u00fcrl\u00fc olaylar i\u00e7inde nas\u0131l yeti\u015fti\u011fini anlatmaktad\u0131r.\u201d <\/p>\n","protected":false},"excerpt":{"rendered":"<p>\u201cHi\u00e7 \u015f\u00fcphesiz ki Falih R\u0131fk\u0131 Atay\u2019\u0131n \u00c7ankaya, Atat\u00fcrk\u2019\u00fcn Hat\u0131ralar\u0131 kitaplar\u0131 her t\u00fcrl\u00fc d\u00fc\u015f\u00fcnce sahibinin mutlaka okumas\u0131 gereken kitaplard\u0131r. Falih R\u0131fk\u0131 Atay\u2019\u0131n s\u00fcr\u00fckleyici, zengin muhteval\u0131, z\u0131t g\u00f6r\u00fcn\u00fcm<span class=\"excerpt-hellip\"> [\u2026]<\/span><\/p>\n","protected":false},"featured_media":0,"template":"","meta":{"_monsterinsights_skip_tracking":false,"_monsterinsights_sitenote_active":false,"_monsterinsights_sitenote_note":"","_monsterinsights_sitenote_category":0},"product_brand":[],"product_cat":[13701,12291],"product_tag":[],"class_list":{"0":"post-721829","1":"product","2":"type-product","3":"status-publish","5":"product_cat-ani-mektup-gunluk","6":"product_cat-edebiyat","7":"pa_cilt-ciltsiz","8":"pa_tur-kitap","9":"pa_yayinevi-pozitif-yayinlari","10":"pa_yazar-falih-rifki-atay","12":"first","13":"instock","14":"sale","15":"shipping-taxable","16":"purchasable","17":"product-type-simple"},"_links":{"self":[{"href":"https:\/\/roveyayinevi.com.tr\/index.php\/wp-json\/wp\/v2\/product\/721829","targetHints":{"allow":["GET"]}}],"collection":[{"href":"https:\/\/roveyayinevi.com.tr\/index.php\/wp-json\/wp\/v2\/product"}],"about":[{"href":"https:\/\/roveyayinevi.com.tr\/index.php\/wp-json\/wp\/v2\/types\/product"}],"wp:attachment":[{"href":"https:\/\/roveyayinevi.com.tr\/index.php\/wp-json\/wp\/v2\/media?parent=721829"}],"wp:term":[{"taxonomy":"product_brand","embeddable":true,"href":"https:\/\/roveyayinevi.com.tr\/index.php\/wp-json\/wp\/v2\/product_brand?post=721829"},{"taxonomy":"product_cat","embeddable":true,"href":"https:\/\/roveyayinevi.com.tr\/index.php\/wp-json\/wp\/v2\/product_cat?post=721829"},{"taxonomy":"product_tag","embeddable":true,"href":"https:\/\/roveyayinevi.com.tr\/index.php\/wp-json\/wp\/v2\/product_tag?post=721829"}],"curies":[{"name":"wp","href":"https:\/\/api.w.org\/{rel}","templated":true}]}}