{"id":721826,"date":"2025-08-27T18:55:21","date_gmt":"2025-08-27T15:55:21","guid":{"rendered":"https:\/\/roveyayinevi.com.tr\/index.php\/urun\/kalbe-dokunan-kocluk\/"},"modified":"2026-04-11T02:37:03","modified_gmt":"2026-04-10T23:37:03","slug":"kalbe-dokunan-kocluk","status":"publish","type":"product","link":"https:\/\/roveyayinevi.com.tr\/index.php\/urun\/kalbe-dokunan-kocluk\/","title":{"rendered":"Kalbe Dokunan Ko\u00e7luk"},"content":{"rendered":"<p>Hayat\u0131n\u0131zda ne oldu\u011funda ya\u015fad\u0131klar\u0131n\u0131z size zor geliyor? Zoru nas\u0131l tan\u0131ml\u0131yorsunuz? Zor dedi\u011finizin hayat kalitenize olumlu olumsuz etkilerini ne kadar biliyor ve anlayabiliyorsunuz? Hayat\u0131n\u0131zda ne oldu\u011funda ya\u015fad\u0131klar\u0131n\u0131z size keyif veriyor? &#8220;Keyif&#8221;i nas\u0131l tan\u0131ml\u0131yorsunuz? Keyifli dedi\u011finizin hayat kalitenize olumlu olumsuz etkilerini ne kadar biliyor ve anlayabiliyorsunuz? Bu sorular ilginizi \u00e7ekiyor mu? Kendi i\u00e7inizde bu sorulara cevap bulmak g\u00fczel zamanlar\u0131n\u0131z\u0131 dolu dizgin ya\u015famak zor zamanlar\u0131n\u0131z\u0131 da hakk\u0131yla t\u00fcketerek hayat\u0131 bir dengede tutmak i\u00e7in kendinizi tan\u0131maya ihtiya\u00e7 duyuyor mu\u015funu? E\u011fer hen\u00fcz ki\u015fisel kullan\u0131m kulavuzunuzu olu\u015fturamad\u0131ysan\u0131z bir ko\u00e7 bu noktada \u00e7ok i\u015finize yarayabilir. Neyi neden ya\u015fad\u0131\u011f\u0131n\u0131z\u0131 ve\/veya ya\u015fayamad\u0131\u011f\u0131n\u0131z\u0131 anlama yolculu\u011funuza e\u015flik edecek birisine ihtiya\u00e7 duyuyorsan\u0131z profesyonel bir ko\u00e7la bulu\u015fman\u0131z\u0131n zaman\u0131 gelmi\u015f demektir. \u0130\u015fte bu kitap da bunun i\u00e7in yaz\u0131ld\u0131. Ko\u00e7 olma ya da bir ko\u00e7la \u00e7al\u0131\u015fma yolunda ilerlemek isteyenler i\u00e7in&#8230; Nurdan Esen ve Bediz K\u0131l\u0131\u00e7k\u0131n\u0131&#8217;n\u0131n kaleminden&#8230;<\/p>\n","protected":false},"excerpt":{"rendered":"<p>Hayat\u0131n\u0131zda ne oldu\u011funda ya\u015fad\u0131klar\u0131n\u0131z size zor geliyor? Zoru nas\u0131l tan\u0131ml\u0131yorsunuz? Zor dedi\u011finizin hayat kalitenize olumlu olumsuz etkilerini ne kadar biliyor ve anlayabiliyorsunuz? Hayat\u0131n\u0131zda ne oldu\u011funda ya\u015fad\u0131klar\u0131n\u0131z<span class=\"excerpt-hellip\"> [\u2026]<\/span><\/p>\n","protected":false},"featured_media":0,"template":"","meta":{"_monsterinsights_skip_tracking":false,"_monsterinsights_sitenote_active":false,"_monsterinsights_sitenote_note":"","_monsterinsights_sitenote_category":0},"product_brand":[],"product_cat":[12364,12376],"product_tag":[],"class_list":{"0":"post-721826","1":"product","2":"type-product","3":"status-publish","5":"product_cat-genel-konular","6":"product_cat-kisisel-gelisim","7":"pa_cilt-ciltsiz","8":"pa_tur-kitap","9":"pa_yayinevi-pozitif-yayinlari","10":"pa_yazar-bediz-kilickini-nurdan-esen","12":"first","13":"instock","14":"sale","15":"shipping-taxable","16":"purchasable","17":"product-type-simple"},"_links":{"self":[{"href":"https:\/\/roveyayinevi.com.tr\/index.php\/wp-json\/wp\/v2\/product\/721826","targetHints":{"allow":["GET"]}}],"collection":[{"href":"https:\/\/roveyayinevi.com.tr\/index.php\/wp-json\/wp\/v2\/product"}],"about":[{"href":"https:\/\/roveyayinevi.com.tr\/index.php\/wp-json\/wp\/v2\/types\/product"}],"wp:attachment":[{"href":"https:\/\/roveyayinevi.com.tr\/index.php\/wp-json\/wp\/v2\/media?parent=721826"}],"wp:term":[{"taxonomy":"product_brand","embeddable":true,"href":"https:\/\/roveyayinevi.com.tr\/index.php\/wp-json\/wp\/v2\/product_brand?post=721826"},{"taxonomy":"product_cat","embeddable":true,"href":"https:\/\/roveyayinevi.com.tr\/index.php\/wp-json\/wp\/v2\/product_cat?post=721826"},{"taxonomy":"product_tag","embeddable":true,"href":"https:\/\/roveyayinevi.com.tr\/index.php\/wp-json\/wp\/v2\/product_tag?post=721826"}],"curies":[{"name":"wp","href":"https:\/\/api.w.org\/{rel}","templated":true}]}}