{"id":721822,"date":"2025-08-27T18:55:18","date_gmt":"2025-08-27T15:55:18","guid":{"rendered":"https:\/\/roveyayinevi.com.tr\/index.php\/urun\/sifa-olsun\/"},"modified":"2026-04-16T02:29:46","modified_gmt":"2026-04-15T23:29:46","slug":"sifa-olsun","status":"publish","type":"product","link":"https:\/\/roveyayinevi.com.tr\/index.php\/urun\/sifa-olsun\/","title":{"rendered":"\u015eifa Olsun"},"content":{"rendered":"<p>\u201cSevgili Ceren\u2019in seanslardaki yarat\u0131c\u0131 ve yenilik\u00e7i bak\u0131\u015f a\u00e7\u0131s\u0131n\u0131; aile, kad\u0131n, evlilik, annelik, \u00e7ocuklar gibi pek \u00e7ok konuda size \u00e7\u00f6z\u00fcm yollar\u0131 sunan bu kitab\u0131n sat\u0131rlar\u0131nda bulmak m\u00fcmk\u00fcn. Kitap, aile olmak gibi \u00f6nemli bir konuyu \u00e7e\u015fitli y\u00f6nleriyle ele al\u0131rken, kad\u0131n ve erke\u011fi birbirine e\u015f yapan de\u011ferlerden bahsediyor. Aile kurmay\u0131 d\u00fc\u015f\u00fcnen ya da de\u011fi\u015fen ihtiya\u00e7lar\u0131na kar\u015f\u0131n ailesine hazla tutunmak ve ili\u015fkilerini canl\u0131 tutmak isteyen herkesin ba\u015fucunda durmas\u0131 gereken bir kitap.\u201d Emre KONUK &#8211; Klinik Psikolog &#8211; DBE Kurucu- Ba\u015fkan   &#8220;Ya\u015fad\u0131\u011f\u0131m\u0131z \u00e7a\u011f, insan\u0131n kendini anlamas\u0131n\u0131 ve \u00f6z-disiplin becerilerini art\u0131rmas\u0131n\u0131 zorunlu k\u0131lan bir \u00e7a\u011f. Bu nedenle psikoloji biliminin \u00f6nemi, her ge\u00e7en g\u00fcn art\u0131yor. Alanda ortaya konan pek \u00e7ok eser var. Okurlar, bu eserler arac\u0131l\u0131\u011f\u0131 ile yaralar\u0131n\u0131 sarmay\u0131, rotalar\u0131n\u0131 belirlemeyi, sorunlar\u0131n\u0131 \u00e7\u00f6zmeyi umuyorlar. \u015eifa Olsun, tam da bu ihtiya\u00e7lar\u0131 g\u00f6zeterek, g\u00fcn\u00fcm\u00fcz \u015fartlar\u0131n\u0131n, toplumun yan\u0131lg\u0131lar\u0131n\u0131n i\u00e7erisinden bize sesleniyor. Kapal\u0131 kap\u0131lar\u0131 aral\u0131yor. Bildiklerini ve ya\u015fad\u0131klar\u0131n\u0131 harmanlayan Sevgili Ceren&#8217;in i\u00e7ten kalemi, kendisiyle ve \u00e7evresiyle sa\u011fl\u0131kl\u0131 bir etkile\u015fim i\u00e7erisinde olmak isteyen herkese \u0131\u015f\u0131k tutuyor.&#8221;    R. Berin Tuncel, Kendine Do\u011fmak Kitab\u0131 Yazar\u0131 <\/p>\n","protected":false},"excerpt":{"rendered":"<p>\u201cSevgili Ceren\u2019in seanslardaki yarat\u0131c\u0131 ve yenilik\u00e7i bak\u0131\u015f a\u00e7\u0131s\u0131n\u0131; aile, kad\u0131n, evlilik, annelik, \u00e7ocuklar gibi pek \u00e7ok konuda size \u00e7\u00f6z\u00fcm yollar\u0131 sunan bu kitab\u0131n sat\u0131rlar\u0131nda bulmak m\u00fcmk\u00fcn.<span class=\"excerpt-hellip\"> [\u2026]<\/span><\/p>\n","protected":false},"featured_media":0,"template":"","meta":{"_monsterinsights_skip_tracking":false,"_monsterinsights_sitenote_active":false,"_monsterinsights_sitenote_note":"","_monsterinsights_sitenote_category":0},"product_brand":[],"product_cat":[12358,12357],"product_tag":[],"class_list":{"0":"post-721822","1":"product","2":"type-product","3":"status-publish","5":"product_cat-genel-psikoloji","6":"product_cat-psikoloji","7":"pa_cilt-ciltsiz","8":"pa_tur-kitap","9":"pa_yayinevi-pusula-yayinevi-ankara","10":"pa_yazar-ceren-kurtay-dogan","12":"first","13":"instock","14":"sale","15":"shipping-taxable","16":"purchasable","17":"product-type-simple"},"_links":{"self":[{"href":"https:\/\/roveyayinevi.com.tr\/index.php\/wp-json\/wp\/v2\/product\/721822","targetHints":{"allow":["GET"]}}],"collection":[{"href":"https:\/\/roveyayinevi.com.tr\/index.php\/wp-json\/wp\/v2\/product"}],"about":[{"href":"https:\/\/roveyayinevi.com.tr\/index.php\/wp-json\/wp\/v2\/types\/product"}],"wp:attachment":[{"href":"https:\/\/roveyayinevi.com.tr\/index.php\/wp-json\/wp\/v2\/media?parent=721822"}],"wp:term":[{"taxonomy":"product_brand","embeddable":true,"href":"https:\/\/roveyayinevi.com.tr\/index.php\/wp-json\/wp\/v2\/product_brand?post=721822"},{"taxonomy":"product_cat","embeddable":true,"href":"https:\/\/roveyayinevi.com.tr\/index.php\/wp-json\/wp\/v2\/product_cat?post=721822"},{"taxonomy":"product_tag","embeddable":true,"href":"https:\/\/roveyayinevi.com.tr\/index.php\/wp-json\/wp\/v2\/product_tag?post=721822"}],"curies":[{"name":"wp","href":"https:\/\/api.w.org\/{rel}","templated":true}]}}