{"id":721821,"date":"2025-08-27T18:55:17","date_gmt":"2025-08-27T15:55:17","guid":{"rendered":"https:\/\/roveyayinevi.com.tr\/index.php\/urun\/supernatural-gecis-ayini\/"},"modified":"2026-04-16T02:29:46","modified_gmt":"2026-04-15T23:29:46","slug":"supernatural-gecis-ayini","status":"publish","type":"product","link":"https:\/\/roveyayinevi.com.tr\/index.php\/urun\/supernatural-gecis-ayini\/","title":{"rendered":"Supernatural &#8211; Ge\u00e7i\u015f Ayini"},"content":{"rendered":"<p>Laurel Hill kasabas\u0131, d\u00fcnyan\u0131n en talihsiz kasabas\u0131 olmak konusunda nam kazanmak \u00fczere \u00e7\u00fcnk\u00fc k\u00f6t\u00fc olaylar\u0131n ard\u0131 arkas\u0131 kesilmiyor. Zincirleme trafik kazalar\u0131, evlerinde \u00f6l\u00fc bulunan insanlar ve ac\u0131 dolu tesad\u00fcfler kasaban\u0131n d\u00f6rt bir yan\u0131na yay\u0131lm\u0131\u015f durumda. Fakat Sam ve Dean Winchester karde\u015flere g\u00f6re durum \u201ck\u00f6t\u00fc talih\u201d ile a\u00e7\u0131klanamayacak kadar ciddi. Sam ve Dean, Bobby\u2019nin yard\u0131m\u0131yla, kasabay\u0131 etkisi alt\u0131na alan \u015feytan\u0131 etkisiz hale getirmek zorunda. Supernatural serisinin onuncu kitab\u0131 olan Ge\u00e7i\u015f Ayini, televizyon dizisinde yer almayan gizemli olaylara odaklan\u0131yor.<\/p>\n","protected":false},"excerpt":{"rendered":"<p>Laurel Hill kasabas\u0131, d\u00fcnyan\u0131n en talihsiz kasabas\u0131 olmak konusunda nam kazanmak \u00fczere \u00e7\u00fcnk\u00fc k\u00f6t\u00fc olaylar\u0131n ard\u0131 arkas\u0131 kesilmiyor. Zincirleme trafik kazalar\u0131, evlerinde \u00f6l\u00fc bulunan insanlar ve<span class=\"excerpt-hellip\"> [\u2026]<\/span><\/p>\n","protected":false},"featured_media":0,"template":"","meta":{"_monsterinsights_skip_tracking":false,"_monsterinsights_sitenote_active":false,"_monsterinsights_sitenote_note":"","_monsterinsights_sitenote_category":0},"product_brand":[],"product_cat":[12291,14777],"product_tag":[],"class_list":{"0":"post-721821","1":"product","2":"type-product","3":"status-publish","5":"product_cat-edebiyat","6":"product_cat-fantastik","7":"pa_cilt-ciltsiz","8":"pa_tur-kitap","9":"pa_yayinevi-artemis-yayinlari","10":"pa_yazar-john-passarella","12":"first","13":"instock","14":"sale","15":"shipping-taxable","16":"purchasable","17":"product-type-simple"},"_links":{"self":[{"href":"https:\/\/roveyayinevi.com.tr\/index.php\/wp-json\/wp\/v2\/product\/721821","targetHints":{"allow":["GET"]}}],"collection":[{"href":"https:\/\/roveyayinevi.com.tr\/index.php\/wp-json\/wp\/v2\/product"}],"about":[{"href":"https:\/\/roveyayinevi.com.tr\/index.php\/wp-json\/wp\/v2\/types\/product"}],"wp:attachment":[{"href":"https:\/\/roveyayinevi.com.tr\/index.php\/wp-json\/wp\/v2\/media?parent=721821"}],"wp:term":[{"taxonomy":"product_brand","embeddable":true,"href":"https:\/\/roveyayinevi.com.tr\/index.php\/wp-json\/wp\/v2\/product_brand?post=721821"},{"taxonomy":"product_cat","embeddable":true,"href":"https:\/\/roveyayinevi.com.tr\/index.php\/wp-json\/wp\/v2\/product_cat?post=721821"},{"taxonomy":"product_tag","embeddable":true,"href":"https:\/\/roveyayinevi.com.tr\/index.php\/wp-json\/wp\/v2\/product_tag?post=721821"}],"curies":[{"name":"wp","href":"https:\/\/api.w.org\/{rel}","templated":true}]}}