{"id":721820,"date":"2025-08-27T18:55:17","date_gmt":"2025-08-27T15:55:17","guid":{"rendered":"https:\/\/roveyayinevi.com.tr\/index.php\/urun\/kamusuz-yararlar-ulkesi\/"},"modified":"2026-01-29T02:55:10","modified_gmt":"2026-01-28T23:55:10","slug":"kamusuz-yararlar-ulkesi","status":"publish","type":"product","link":"https:\/\/roveyayinevi.com.tr\/index.php\/urun\/kamusuz-yararlar-ulkesi\/","title":{"rendered":"Kamusuz Yararlar \u00dclkesi"},"content":{"rendered":"<p>Kamu i\u015flerinin hukuka uygunlu\u011funun do\u011frulan\u0131\u015f\u0131 i\u00e7in takdis edici, nesnel bir \u00f6l\u00e7\u00fct olarak kullan\u0131lan kamu yarar\u0131 ilkesi kavram\u0131 politik g\u00fc\u00e7 kullan\u0131m\u0131, hegemonya ve kamusal alan\u0131n devlet\u00e7e temell\u00fck edilmi\u015f boyutlar\u0131yla da do\u011frudan ili\u015fkilidir. Medyada kamu yarar\u0131 ilkesine halel getiren ba\u015fka durumlar da vard\u0131r: Kamusall\u0131\u011f\u0131n her d\u00fczeyi, art\u0131k hem \u00f6zel \u00e7\u0131kar ili\u015fkileri ve sermayenin hem de mahrem ya\u015fam ve \u015fahsilik ilkesinin ayart\u0131c\u0131 cazibesinin ku\u015fatmas\u0131 alt\u0131ndad\u0131r. \u0130lki, adeta di\u011ferinin s\u00f6ze ve g\u00f6r\u00fcnt\u00fcye d\u00f6k\u00fclm\u00fc\u015f te\u015friki lojisti\u011fi gibidir. Kamunun yarar\u0131 ve iyili\u011fi gibi tabirlerin siyasi ve ticari \u00e7\u0131karlara kurban gitti\u011fi, siyasal nitelikli kamunun pop\u00fclist politik salvolarla \u00e7\u00f6kertilerek yerine \u2018tefekk\u00fcr\u00fcne\u2019 ak\u0131l s\u0131r erdirilmez kalabal\u0131klar\u0131n imal edildi\u011fi, sivil toplum kurulu\u015flar\u0131n\u0131n olaylar\u0131n seyrini belirleyebilme g\u00fc\u00e7lerinin etkisizle\u015ftirildi\u011fi, toplumsal yap\u0131n\u0131n ger\u00e7e\u011fini kavraman\u0131n rasyonel zemininin daralt\u0131ld\u0131\u011f\u0131 ve siyasetin \u015fenlikli g\u00f6sterilere evrildi\u011fi bir d\u00f6nemde, medyatik dilin izaha muhta\u00e7l\u0131\u011f\u0131 ba\u015fl\u0131 ba\u015f\u0131na tart\u0131\u015fma konusudur.Kamu yarar\u0131 kavram\u0131n\u0131n vaktiyle ihtiva etti\u011fi anlamlar\u0131n kas\u0131tl\u0131 ihmaline y\u00f6nelik tutum bir y\u00f6n\u00fcyle de e\u015fit bilgilenme ve \u00f6zg\u00fcr haber dola\u015f\u0131m\u0131yla \u015fekillenecek g\u00f6rece ayd\u0131nlat\u0131lm\u0131\u015f bir kamuoyunun yak\u0131n gelecekteki mevcudiyetiyle ilgilidir. Nitekim yarar ilkesinden ayr\u0131 d\u00fc\u015fm\u00fc\u015f bir kamunun imali i\u015fini \u00fcstlenmi\u015f i\u015fe yarar bir kamusu olmayan bir medyatik d\u00fczenin yarardan neyi anlad\u0131\u011f\u0131 sorusu me\u00e7huld\u00fcr. Kamusuz Yararlar \u00dclkesi, sa\u011f pop\u00fclist siyasetin y\u00fckseli\u015fte oldu\u011fu bir d\u00f6nemde kamusuz yarar\u0131n \u015fehvetiyle \u015fekillenmi\u015f bir medya sisteminin d\u00fc\u015f\u00fcnce hayat\u0131m\u0131zda yol a\u00e7t\u0131\u011f\u0131\/a\u00e7aca\u011f\u0131 derin u\u00e7urumun izini s\u00fcr\u00fcyor. \u0130hbar ve ihtar edici bu sese ciddiyetle kulak verecekler i\u00e7in\u2026.<\/p>\n","protected":false},"excerpt":{"rendered":"<p>Kamu i\u015flerinin hukuka uygunlu\u011funun do\u011frulan\u0131\u015f\u0131 i\u00e7in takdis edici, nesnel bir \u00f6l\u00e7\u00fct olarak kullan\u0131lan kamu yarar\u0131 ilkesi kavram\u0131 politik g\u00fc\u00e7 kullan\u0131m\u0131, hegemonya ve kamusal alan\u0131n devlet\u00e7e temell\u00fck<span class=\"excerpt-hellip\"> [\u2026]<\/span><\/p>\n","protected":false},"featured_media":0,"template":"","meta":{"_monsterinsights_skip_tracking":false,"_monsterinsights_sitenote_active":false,"_monsterinsights_sitenote_note":"","_monsterinsights_sitenote_category":0},"product_brand":[],"product_cat":[13590,12337],"product_tag":[],"class_list":{"0":"post-721820","1":"product","2":"type-product","3":"status-publish","5":"product_cat-arastirma-inceleme-politika-siyaset","6":"product_cat-politika-siyaset","7":"pa_cilt-ciltsiz","8":"pa_tur-kitap","9":"pa_yayinevi-utopya-yayinevi","10":"pa_yazar-huseyin-kose","12":"first","13":"instock","14":"sale","15":"shipping-taxable","16":"purchasable","17":"product-type-simple"},"_links":{"self":[{"href":"https:\/\/roveyayinevi.com.tr\/index.php\/wp-json\/wp\/v2\/product\/721820","targetHints":{"allow":["GET"]}}],"collection":[{"href":"https:\/\/roveyayinevi.com.tr\/index.php\/wp-json\/wp\/v2\/product"}],"about":[{"href":"https:\/\/roveyayinevi.com.tr\/index.php\/wp-json\/wp\/v2\/types\/product"}],"wp:attachment":[{"href":"https:\/\/roveyayinevi.com.tr\/index.php\/wp-json\/wp\/v2\/media?parent=721820"}],"wp:term":[{"taxonomy":"product_brand","embeddable":true,"href":"https:\/\/roveyayinevi.com.tr\/index.php\/wp-json\/wp\/v2\/product_brand?post=721820"},{"taxonomy":"product_cat","embeddable":true,"href":"https:\/\/roveyayinevi.com.tr\/index.php\/wp-json\/wp\/v2\/product_cat?post=721820"},{"taxonomy":"product_tag","embeddable":true,"href":"https:\/\/roveyayinevi.com.tr\/index.php\/wp-json\/wp\/v2\/product_tag?post=721820"}],"curies":[{"name":"wp","href":"https:\/\/api.w.org\/{rel}","templated":true}]}}