{"id":721819,"date":"2025-08-27T18:55:16","date_gmt":"2025-08-27T15:55:16","guid":{"rendered":"https:\/\/roveyayinevi.com.tr\/index.php\/urun\/izmir-spor-tarihi\/"},"modified":"2026-01-29T02:55:10","modified_gmt":"2026-01-28T23:55:10","slug":"izmir-spor-tarihi","status":"publish","type":"product","link":"https:\/\/roveyayinevi.com.tr\/index.php\/urun\/izmir-spor-tarihi\/","title":{"rendered":"\u0130zmir Spor Tarihi"},"content":{"rendered":"<p>\u0130zmir, 19. y\u00fczy\u0131l ortalar\u0131ndan itibaren t\u00fcm Osmanl\u0131 \u015fehirlerinin en bat\u0131l\u0131s\u0131, en moderni olarak y\u00fckselirken bir\u00e7ok siyasi, sosyal, k\u00fclt\u00fcrel etkinli\u011fe de \u00f6nc\u00fcl\u00fck etmi\u015ftir. O y\u00fczden modern sporlar\u0131n \u0130mparatorluk i\u00e7erisinde ilk kez bu \u015fehirde g\u00f6r\u00fclmesi tesad\u00fcf de\u011fildir. Akdeniz\u2019in incisi \u0130zmir, 19. y\u00fczy\u0131l sonlar\u0131nda yaln\u0131zca g\u00f6z kama\u015ft\u0131ran g\u00fczelli\u011fi ve ticari zenginli\u011fi ile de\u011fil, modern spor dallar\u0131n\u0131n imparatorluk s\u0131n\u0131rlar\u0131 i\u00e7inde do\u011fup geli\u015fti\u011fi bir \u015fehir olarak da \u00e7ekim merkezi olmu\u015ftur. Modern spor oyunlar\u0131, 19. y\u00fczy\u0131l\u0131n ikinci yar\u0131s\u0131ndan itibaren \u0130zmir\u2019de g\u00f6r\u00fclmeye ba\u015fland\u0131. Bunlardan at yar\u0131\u015flar\u0131 1861, futbol 1877, atletizm 1892 ve kay\u0131k-y\u00fczme yar\u0131\u015flar\u0131 1890\u2019lar\u0131n ilk y\u0131llar\u0131nda \u0130zmir\u2019de ger\u00e7ekle\u015ftirilmi\u015ftir. \u0130zmir, bu s\u00fcre\u00e7te, Levanten aileler eliyle, Bat\u0131\u2019da ortaya \u00e7\u0131kan spor oyunlar\u0131n\u0131 Osmanl\u0131 topraklar\u0131na ta\u015f\u0131yan \u015fehirdir. Futbol, basketbol, tenis, bisiklet, eskrim, y\u00fczme, k\u00fcrek, atletizm, kriket, jimnastik, boks Levantenlerle \u015fehirde yayg\u0131nla\u015fan spor dallar\u0131 oldu. Bu yeni e\u011flenceli ya\u015fam tarz\u0131na daha sonra \u0130zmir\u2019in gayrim\u00fcslimleri Rumlar, Ermeniler, Yahudiler ve bask\u0131 ve yasaklara ra\u011fmen 20. y\u00fczy\u0131l ba\u015f\u0131nda T\u00fcrkler de kat\u0131lm\u0131\u015ft\u0131r.1894\u2019te kurulan \u201cBornova Rugby ve Futbol Kul\u00fcb\u00fc\u201d T\u00fcrkiye\u2019de resmi nizamnamesi ve t\u00fcz\u00fc\u011f\u00fc olan ilk futbol tak\u0131m\u0131 olurken Bornova\u2019y\u0131 Rumlar\u0131n Panionios, Pelops ve Apollon tak\u0131mlar\u0131yla Ermenilerin Apetyan ile Vartanyan tak\u0131mlar\u0131 izlemi\u015ftir. T\u00fcrk kul\u00fcplerinden Kar\u015f\u0131yaka\u2019n\u0131n kurulu\u015f ise, ancak Balkan Sava\u015flar\u0131 s\u0131ras\u0131nda, 1912 y\u0131l\u0131nda ger\u00e7ekle\u015fmi\u015ftir. Altay ise 1914 y\u0131l\u0131nda faaliyete ba\u015flam\u0131\u015ft\u0131r. \u0130zmir\u2019de 1922\u2019ye kadar Panionios ve Apollon kul\u00fcplerinin d\u00fczenledi\u011fi programl\u0131 yar\u0131\u015fmalar, d\u0131\u015f \u00fclkelerden de kat\u0131l\u0131mla adeta uluslararas\u0131 bir kimlik kazanm\u0131\u015ft\u0131. \u0130zmir\u2019in spor tarihi bilimsel ara\u015ft\u0131rmalara konu olacak zenginli\u011fe sahiptir. Bu anlamda \u00e7okta mesafe katedildi\u011fi s\u00f6ylenemez. Eser i\u00e7eri\u011fi ile alanlar\u0131nda uzman farkl\u0131 yazarlar\u0131 bir araya getirerek \u0130zmir\u2019i, \u0130zmir\u2019in fark\u0131ndal\u0131k yaratan spor k\u00fclt\u00fcr\u00fcn\u00fc bilimsel zeminde ortaya \u00e7\u0131karmay\u0131 ama\u00e7lamaktad\u0131r. Bu \u00e7al\u0131\u015fma, \u0130zmir Spor Tarihini ara\u015ft\u0131rmak isteyen merakl\u0131lara rehberlik edecek bir referans olacakt\u0131r. \u0130zmir Spor Tarihini t\u00fcm y\u00f6nleriyle eksiksiz ele alma iddias\u0131 ta\u015f\u0131mamaktad\u0131r. S\u00f6z konusu alanda yap\u0131lacak \u00e7al\u0131\u015fmalara yol g\u00f6sterecek \u00f6nc\u00fc bir rol\u00fc vard\u0131r&#8230; <\/p>\n","protected":false},"excerpt":{"rendered":"<p>\u0130zmir, 19. y\u00fczy\u0131l ortalar\u0131ndan itibaren t\u00fcm Osmanl\u0131 \u015fehirlerinin en bat\u0131l\u0131s\u0131, en moderni olarak y\u00fckselirken bir\u00e7ok siyasi, sosyal, k\u00fclt\u00fcrel etkinli\u011fe de \u00f6nc\u00fcl\u00fck etmi\u015ftir. O y\u00fczden modern sporlar\u0131n<span class=\"excerpt-hellip\"> [\u2026]<\/span><\/p>\n","protected":false},"featured_media":0,"template":"","meta":{"_monsterinsights_skip_tracking":false,"_monsterinsights_sitenote_active":false,"_monsterinsights_sitenote_note":"","_monsterinsights_sitenote_category":0},"product_brand":[],"product_cat":[12370,12304],"product_tag":[],"class_list":{"0":"post-721819","1":"product","2":"type-product","3":"status-publish","5":"product_cat-arastirma-inceleme","6":"product_cat-tarih","7":"pa_cilt-ciltsiz","8":"pa_tur-kitap","9":"pa_yayinevi-utopya-yayinevi","10":"pa_yazar-gunver-gunes-bahri-okumus","12":"first","13":"instock","14":"sale","15":"shipping-taxable","16":"purchasable","17":"product-type-simple"},"_links":{"self":[{"href":"https:\/\/roveyayinevi.com.tr\/index.php\/wp-json\/wp\/v2\/product\/721819","targetHints":{"allow":["GET"]}}],"collection":[{"href":"https:\/\/roveyayinevi.com.tr\/index.php\/wp-json\/wp\/v2\/product"}],"about":[{"href":"https:\/\/roveyayinevi.com.tr\/index.php\/wp-json\/wp\/v2\/types\/product"}],"wp:attachment":[{"href":"https:\/\/roveyayinevi.com.tr\/index.php\/wp-json\/wp\/v2\/media?parent=721819"}],"wp:term":[{"taxonomy":"product_brand","embeddable":true,"href":"https:\/\/roveyayinevi.com.tr\/index.php\/wp-json\/wp\/v2\/product_brand?post=721819"},{"taxonomy":"product_cat","embeddable":true,"href":"https:\/\/roveyayinevi.com.tr\/index.php\/wp-json\/wp\/v2\/product_cat?post=721819"},{"taxonomy":"product_tag","embeddable":true,"href":"https:\/\/roveyayinevi.com.tr\/index.php\/wp-json\/wp\/v2\/product_tag?post=721819"}],"curies":[{"name":"wp","href":"https:\/\/api.w.org\/{rel}","templated":true}]}}