{"id":721818,"date":"2025-08-27T18:55:15","date_gmt":"2025-08-27T15:55:15","guid":{"rendered":"https:\/\/roveyayinevi.com.tr\/index.php\/urun\/hamil-i-ask-yakinimdir\/"},"modified":"2026-04-16T02:29:46","modified_gmt":"2026-04-15T23:29:46","slug":"hamil-i-ask-yakinimdir","status":"publish","type":"product","link":"https:\/\/roveyayinevi.com.tr\/index.php\/urun\/hamil-i-ask-yakinimdir\/","title":{"rendered":"Hamil-i A\u015fk Yak\u0131n\u0131md\u0131r"},"content":{"rendered":"<p>Seni sen yapan Ne do\u011fdu\u011fun yer Ne ya\u015fad\u0131\u011f\u0131n iklim Ne soludu\u011fun havad\u0131r Ancak hissettiklerin Ama illaki Yapt\u0131klar\u0131nd\u0131r&#8230; -Prof. Dr. Ayhan Dirim <\/p>\n","protected":false},"excerpt":{"rendered":"<p>Seni sen yapan Ne do\u011fdu\u011fun yer Ne ya\u015fad\u0131\u011f\u0131n iklim Ne soludu\u011fun havad\u0131r Ancak hissettiklerin Ama illaki Yapt\u0131klar\u0131nd\u0131r&#8230; -Prof. Dr. Ayhan Dirim<\/p>\n","protected":false},"featured_media":0,"template":"","meta":{"_monsterinsights_skip_tracking":false,"_monsterinsights_sitenote_active":false,"_monsterinsights_sitenote_note":"","_monsterinsights_sitenote_category":0},"product_brand":[],"product_cat":[12291,12509],"product_tag":[],"class_list":{"0":"post-721818","1":"product","2":"type-product","3":"status-publish","5":"product_cat-edebiyat","6":"product_cat-siir","7":"pa_cilt-ciltsiz","8":"pa_tur-kitap","9":"pa_yayinevi-luna-yayinlari","10":"pa_yazar-ayhan-dirim","12":"first","13":"instock","14":"sale","15":"shipping-taxable","16":"purchasable","17":"product-type-simple"},"_links":{"self":[{"href":"https:\/\/roveyayinevi.com.tr\/index.php\/wp-json\/wp\/v2\/product\/721818","targetHints":{"allow":["GET"]}}],"collection":[{"href":"https:\/\/roveyayinevi.com.tr\/index.php\/wp-json\/wp\/v2\/product"}],"about":[{"href":"https:\/\/roveyayinevi.com.tr\/index.php\/wp-json\/wp\/v2\/types\/product"}],"wp:attachment":[{"href":"https:\/\/roveyayinevi.com.tr\/index.php\/wp-json\/wp\/v2\/media?parent=721818"}],"wp:term":[{"taxonomy":"product_brand","embeddable":true,"href":"https:\/\/roveyayinevi.com.tr\/index.php\/wp-json\/wp\/v2\/product_brand?post=721818"},{"taxonomy":"product_cat","embeddable":true,"href":"https:\/\/roveyayinevi.com.tr\/index.php\/wp-json\/wp\/v2\/product_cat?post=721818"},{"taxonomy":"product_tag","embeddable":true,"href":"https:\/\/roveyayinevi.com.tr\/index.php\/wp-json\/wp\/v2\/product_tag?post=721818"}],"curies":[{"name":"wp","href":"https:\/\/api.w.org\/{rel}","templated":true}]}}