{"id":721817,"date":"2025-08-27T18:55:14","date_gmt":"2025-08-27T15:55:14","guid":{"rendered":"https:\/\/roveyayinevi.com.tr\/index.php\/urun\/dortlerin-yemini-2\/"},"modified":"2026-04-16T02:29:46","modified_gmt":"2026-04-15T23:29:46","slug":"dortlerin-yemini-2","status":"publish","type":"product","link":"https:\/\/roveyayinevi.com.tr\/index.php\/urun\/dortlerin-yemini-2\/","title":{"rendered":"D\u00f6rtlerin Yemini"},"content":{"rendered":"<p>-Yani b\u00fct\u00fcn  bunlar sadece tahmin miydi? -Hay\u0131r,hay\u0131r.Asla tahmin etmem.K\u00f6t\u00fc bir al\u0131\u015fkanl\u0131k ve mant\u0131k y\u00fcr\u00fctme yetene\u011fini bozuyor.Sana bunun ola\u011fan\u00fcst\u00fc gelmesinin sebebi benim d\u00fc\u015f\u00fcnce zincirimi takip etmemen veyahut b\u00fcy\u00fck sonu\u00e7lar\u0131n gizli oldu\u011fu k\u00fc\u00e7\u00fck ayr\u0131nt\u0131lar\u0131 g\u00f6zlemlememen. Baz\u0131 ger\u00e7ekler gizlenebilir,en az\u0131ndan onlar\u0131 ele al\u0131rken bir oran duygusuyla hareket etmek laz\u0131m.Vakada bahsedilmeye de\u011fer tek \u015fey,ba\u015far\u0131l\u0131 bir \u015fekilde ortaya \u00e7\u0131kard\u0131\u011f\u0131m sonu\u00e7lardan hareketle sebepleri bulma s\u00fcreciydi. <\/p>\n","protected":false},"excerpt":{"rendered":"<p>-Yani b\u00fct\u00fcn bunlar sadece tahmin miydi? -Hay\u0131r,hay\u0131r.Asla tahmin etmem.K\u00f6t\u00fc bir al\u0131\u015fkanl\u0131k ve mant\u0131k y\u00fcr\u00fctme yetene\u011fini bozuyor.Sana bunun ola\u011fan\u00fcst\u00fc gelmesinin sebebi benim d\u00fc\u015f\u00fcnce zincirimi takip etmemen veyahut<span class=\"excerpt-hellip\"> [\u2026]<\/span><\/p>\n","protected":false},"featured_media":0,"template":"","meta":{"_monsterinsights_skip_tracking":false,"_monsterinsights_sitenote_active":false,"_monsterinsights_sitenote_note":"","_monsterinsights_sitenote_category":0},"product_brand":[],"product_cat":[12274,12284],"product_tag":[],"class_list":{"0":"post-721817","1":"product","2":"type-product","3":"status-publish","5":"product_cat-cocuk-ve-genclik-kitaplari","6":"product_cat-hikayeler","7":"pa_cilt-ciltsiz","8":"pa_tur-kitap","9":"pa_yayinevi-cinaralti-yayinlari","10":"pa_yazar-sir-arthur-conan-doyle","12":"first","13":"instock","14":"sale","15":"shipping-taxable","16":"purchasable","17":"product-type-simple"},"_links":{"self":[{"href":"https:\/\/roveyayinevi.com.tr\/index.php\/wp-json\/wp\/v2\/product\/721817","targetHints":{"allow":["GET"]}}],"collection":[{"href":"https:\/\/roveyayinevi.com.tr\/index.php\/wp-json\/wp\/v2\/product"}],"about":[{"href":"https:\/\/roveyayinevi.com.tr\/index.php\/wp-json\/wp\/v2\/types\/product"}],"wp:attachment":[{"href":"https:\/\/roveyayinevi.com.tr\/index.php\/wp-json\/wp\/v2\/media?parent=721817"}],"wp:term":[{"taxonomy":"product_brand","embeddable":true,"href":"https:\/\/roveyayinevi.com.tr\/index.php\/wp-json\/wp\/v2\/product_brand?post=721817"},{"taxonomy":"product_cat","embeddable":true,"href":"https:\/\/roveyayinevi.com.tr\/index.php\/wp-json\/wp\/v2\/product_cat?post=721817"},{"taxonomy":"product_tag","embeddable":true,"href":"https:\/\/roveyayinevi.com.tr\/index.php\/wp-json\/wp\/v2\/product_tag?post=721817"}],"curies":[{"name":"wp","href":"https:\/\/api.w.org\/{rel}","templated":true}]}}