{"id":721816,"date":"2025-08-27T18:55:13","date_gmt":"2025-08-27T15:55:13","guid":{"rendered":"https:\/\/roveyayinevi.com.tr\/index.php\/urun\/gloria-scott-gemisi\/"},"modified":"2026-04-16T02:29:46","modified_gmt":"2026-04-15T23:29:46","slug":"gloria-scott-gemisi","status":"publish","type":"product","link":"https:\/\/roveyayinevi.com.tr\/index.php\/urun\/gloria-scott-gemisi\/","title":{"rendered":"Gloria Scott Gemisi"},"content":{"rendered":"<p>\u201cBurada baz\u0131 gazeteler var,\u201d dedi dostum Sherlock Holmes, bir k\u0131\u015f ak\u015fam\u0131 birlikte ate\u015fin ba\u015f\u0131nda oturmu\u015f konu\u015furken.\u201dSan\u0131r\u0131m ilgi \u00e7eker Watson. Bu s\u0131ra d\u0131\u015f\u0131 Gloria Scott vakas\u0131yla ilgili baz\u0131 belgelerden bahsediyor. Sulh Hakimi Trevor\u2019\u0131n okuyunca deh\u015fete kap\u0131ld\u0131\u011f\u0131 bir mesaj yay\u0131nlam\u0131\u015flar.\u201d Bay Trevor\u2019un karanl\u0131k ge\u00e7mi\u015fi yakas\u0131n\u0131 hi\u00e7 b\u0131rakmam\u0131\u015ft\u0131. Y\u0131llar sonra onu \u00f6l\u00fcme g\u00f6t\u00fcren bu ge\u00e7mi\u015fin gizemini \u00e7\u00f6zmek ise Sherlock Holmes\u2019e kalm\u0131\u015ft\u0131. <\/p>\n","protected":false},"excerpt":{"rendered":"<p>\u201cBurada baz\u0131 gazeteler var,\u201d dedi dostum Sherlock Holmes, bir k\u0131\u015f ak\u015fam\u0131 birlikte ate\u015fin ba\u015f\u0131nda oturmu\u015f konu\u015furken.\u201dSan\u0131r\u0131m ilgi \u00e7eker Watson. Bu s\u0131ra d\u0131\u015f\u0131 Gloria Scott vakas\u0131yla ilgili<span class=\"excerpt-hellip\"> [\u2026]<\/span><\/p>\n","protected":false},"featured_media":0,"template":"","meta":{"_monsterinsights_skip_tracking":false,"_monsterinsights_sitenote_active":false,"_monsterinsights_sitenote_note":"","_monsterinsights_sitenote_category":0},"product_brand":[],"product_cat":[12274,12284],"product_tag":[],"class_list":{"0":"post-721816","1":"product","2":"type-product","3":"status-publish","5":"product_cat-cocuk-ve-genclik-kitaplari","6":"product_cat-hikayeler","7":"pa_cilt-ciltsiz","8":"pa_tur-kitap","9":"pa_yayinevi-cinaralti-yayinlari","10":"pa_yazar-sir-arthur-conan-doyle","12":"first","13":"instock","14":"sale","15":"shipping-taxable","16":"purchasable","17":"product-type-simple"},"_links":{"self":[{"href":"https:\/\/roveyayinevi.com.tr\/index.php\/wp-json\/wp\/v2\/product\/721816","targetHints":{"allow":["GET"]}}],"collection":[{"href":"https:\/\/roveyayinevi.com.tr\/index.php\/wp-json\/wp\/v2\/product"}],"about":[{"href":"https:\/\/roveyayinevi.com.tr\/index.php\/wp-json\/wp\/v2\/types\/product"}],"wp:attachment":[{"href":"https:\/\/roveyayinevi.com.tr\/index.php\/wp-json\/wp\/v2\/media?parent=721816"}],"wp:term":[{"taxonomy":"product_brand","embeddable":true,"href":"https:\/\/roveyayinevi.com.tr\/index.php\/wp-json\/wp\/v2\/product_brand?post=721816"},{"taxonomy":"product_cat","embeddable":true,"href":"https:\/\/roveyayinevi.com.tr\/index.php\/wp-json\/wp\/v2\/product_cat?post=721816"},{"taxonomy":"product_tag","embeddable":true,"href":"https:\/\/roveyayinevi.com.tr\/index.php\/wp-json\/wp\/v2\/product_tag?post=721816"}],"curies":[{"name":"wp","href":"https:\/\/api.w.org\/{rel}","templated":true}]}}