{"id":721815,"date":"2025-08-27T18:55:13","date_gmt":"2025-08-27T15:55:13","guid":{"rendered":"https:\/\/roveyayinevi.com.tr\/index.php\/urun\/baskerville-tazisi\/"},"modified":"2026-04-16T02:29:46","modified_gmt":"2026-04-15T23:29:46","slug":"baskerville-tazisi","status":"publish","type":"product","link":"https:\/\/roveyayinevi.com.tr\/index.php\/urun\/baskerville-tazisi\/","title":{"rendered":"Baskerville Taz\u0131s\u0131"},"content":{"rendered":"<p>\u201cEmin olun b\u00f6lgede ya\u015fayanlar \u00fczerine deh\u015fet duygusu h\u00fck\u00fcm s\u00fcr\u00fcyor ve geceleyin araziyi ge\u00e7ebilecek cesarette tek bir ki\u015fi bile yok!\u201d T\u00fcm kasaba Baskerville cinayetinin do\u011fa\u00fcst\u00fc g\u00fc\u00e7lerle ili\u015fkili oldu\u011funu d\u00fc\u015f\u00fcnse de Holmes cehennem taz\u0131s\u0131 denilen efsanevi yarat\u0131\u011f\u0131 bulmaya ve gizemi \u00e7\u00f6zmeye kararl\u0131yd\u0131.  \u201cEmin olun b\u00f6lgede ya\u015fayanlar \u00fczerine deh\u015fet duygusu h\u00fck\u00fcm s\u00fcr\u00fcyor ve geceleyin araziyi ge\u00e7ebilecek cesarette tek bir ki\u015fi bile yok!\u201d T\u00fcm kasaba Baskerville cinayetinin do\u011fa\u00fcst\u00fc g\u00fc\u00e7lerle ili\u015fkili oldu\u011funu d\u00fc\u015f\u00fcnse de Holmes cehennem taz\u0131s\u0131 denilen efsanevi yarat\u0131\u011f\u0131 bulmaya ve gizemi \u00e7\u00f6zmeye kararl\u0131yd\u0131. <\/p>\n","protected":false},"excerpt":{"rendered":"<p>\u201cEmin olun b\u00f6lgede ya\u015fayanlar \u00fczerine deh\u015fet duygusu h\u00fck\u00fcm s\u00fcr\u00fcyor ve geceleyin araziyi ge\u00e7ebilecek cesarette tek bir ki\u015fi bile yok!\u201d T\u00fcm kasaba Baskerville cinayetinin do\u011fa\u00fcst\u00fc g\u00fc\u00e7lerle ili\u015fkili<span class=\"excerpt-hellip\"> [\u2026]<\/span><\/p>\n","protected":false},"featured_media":0,"template":"","meta":{"_monsterinsights_skip_tracking":false,"_monsterinsights_sitenote_active":false,"_monsterinsights_sitenote_note":"","_monsterinsights_sitenote_category":0},"product_brand":[],"product_cat":[12274,12284],"product_tag":[],"class_list":{"0":"post-721815","1":"product","2":"type-product","3":"status-publish","5":"product_cat-cocuk-ve-genclik-kitaplari","6":"product_cat-hikayeler","7":"pa_cilt-ciltsiz","8":"pa_tur-kitap","9":"pa_yayinevi-cinaralti-yayinlari","10":"pa_yazar-sir-arthur-conan-doyle","12":"first","13":"instock","14":"sale","15":"shipping-taxable","16":"purchasable","17":"product-type-simple"},"_links":{"self":[{"href":"https:\/\/roveyayinevi.com.tr\/index.php\/wp-json\/wp\/v2\/product\/721815","targetHints":{"allow":["GET"]}}],"collection":[{"href":"https:\/\/roveyayinevi.com.tr\/index.php\/wp-json\/wp\/v2\/product"}],"about":[{"href":"https:\/\/roveyayinevi.com.tr\/index.php\/wp-json\/wp\/v2\/types\/product"}],"wp:attachment":[{"href":"https:\/\/roveyayinevi.com.tr\/index.php\/wp-json\/wp\/v2\/media?parent=721815"}],"wp:term":[{"taxonomy":"product_brand","embeddable":true,"href":"https:\/\/roveyayinevi.com.tr\/index.php\/wp-json\/wp\/v2\/product_brand?post=721815"},{"taxonomy":"product_cat","embeddable":true,"href":"https:\/\/roveyayinevi.com.tr\/index.php\/wp-json\/wp\/v2\/product_cat?post=721815"},{"taxonomy":"product_tag","embeddable":true,"href":"https:\/\/roveyayinevi.com.tr\/index.php\/wp-json\/wp\/v2\/product_tag?post=721815"}],"curies":[{"name":"wp","href":"https:\/\/api.w.org\/{rel}","templated":true}]}}