{"id":721812,"date":"2025-08-27T18:55:10","date_gmt":"2025-08-27T15:55:10","guid":{"rendered":"https:\/\/roveyayinevi.com.tr\/index.php\/urun\/bir-aksam-ustu\/"},"modified":"2026-04-16T02:29:46","modified_gmt":"2026-04-15T23:29:46","slug":"bir-aksam-ustu","status":"publish","type":"product","link":"https:\/\/roveyayinevi.com.tr\/index.php\/urun\/bir-aksam-ustu\/","title":{"rendered":"Bir Ak\u015fam \u00dcst\u00fc"},"content":{"rendered":"<p>&#8230;G\u00fcnd\u00fczleri tarla tapan ko\u015fturanAk\u015famlar\u0131 tarhana \u00e7orbas\u0131Dokuz \u00e7ocuk, dam, samanGeceyi bilmeden sabahla do\u011fan Annenizin,S\u0131cac\u0131k g\u00f6\u011fs\u00fcne ba\u015f\u0131n\u0131z\u0131 yaslay\u0131pB\u00fct\u00fcn korkular\u0131n\u0131z\u0131n gitti\u011finiSiz bilir misiniz&#8230;<\/p>\n","protected":false},"excerpt":{"rendered":"<p>&#8230;G\u00fcnd\u00fczleri tarla tapan ko\u015fturanAk\u015famlar\u0131 tarhana \u00e7orbas\u0131Dokuz \u00e7ocuk, dam, samanGeceyi bilmeden sabahla do\u011fan Annenizin,S\u0131cac\u0131k g\u00f6\u011fs\u00fcne ba\u015f\u0131n\u0131z\u0131 yaslay\u0131pB\u00fct\u00fcn korkular\u0131n\u0131z\u0131n gitti\u011finiSiz bilir misiniz&#8230;<\/p>\n","protected":false},"featured_media":0,"template":"","meta":{"_monsterinsights_skip_tracking":false,"_monsterinsights_sitenote_active":false,"_monsterinsights_sitenote_note":"","_monsterinsights_sitenote_category":0},"product_brand":[],"product_cat":[12291,12509],"product_tag":[],"class_list":{"0":"post-721812","1":"product","2":"type-product","3":"status-publish","5":"product_cat-edebiyat","6":"product_cat-siir","7":"pa_cilt-ciltsiz","8":"pa_tur-kitap","9":"pa_yayinevi-sfn-yayinlari","10":"pa_yazar-osman-yilmaz","12":"first","13":"instock","14":"sale","15":"shipping-taxable","16":"purchasable","17":"product-type-simple"},"_links":{"self":[{"href":"https:\/\/roveyayinevi.com.tr\/index.php\/wp-json\/wp\/v2\/product\/721812","targetHints":{"allow":["GET"]}}],"collection":[{"href":"https:\/\/roveyayinevi.com.tr\/index.php\/wp-json\/wp\/v2\/product"}],"about":[{"href":"https:\/\/roveyayinevi.com.tr\/index.php\/wp-json\/wp\/v2\/types\/product"}],"wp:attachment":[{"href":"https:\/\/roveyayinevi.com.tr\/index.php\/wp-json\/wp\/v2\/media?parent=721812"}],"wp:term":[{"taxonomy":"product_brand","embeddable":true,"href":"https:\/\/roveyayinevi.com.tr\/index.php\/wp-json\/wp\/v2\/product_brand?post=721812"},{"taxonomy":"product_cat","embeddable":true,"href":"https:\/\/roveyayinevi.com.tr\/index.php\/wp-json\/wp\/v2\/product_cat?post=721812"},{"taxonomy":"product_tag","embeddable":true,"href":"https:\/\/roveyayinevi.com.tr\/index.php\/wp-json\/wp\/v2\/product_tag?post=721812"}],"curies":[{"name":"wp","href":"https:\/\/api.w.org\/{rel}","templated":true}]}}