{"id":721811,"date":"2025-08-27T18:55:10","date_gmt":"2025-08-27T15:55:10","guid":{"rendered":"https:\/\/roveyayinevi.com.tr\/index.php\/urun\/bir-kitap-bir-de-sevda\/"},"modified":"2026-04-16T02:29:46","modified_gmt":"2026-04-15T23:29:46","slug":"bir-kitap-bir-de-sevda","status":"publish","type":"product","link":"https:\/\/roveyayinevi.com.tr\/index.php\/urun\/bir-kitap-bir-de-sevda\/","title":{"rendered":"Bir Kitap Bir De Sevda"},"content":{"rendered":"<p>B\u00fcy\u00fck d\u00fc\u015f\u00fcn, b\u00fcy\u00fcklenme Ta\u015f\u0131yamayaca\u011f\u0131n y\u00fck\u00fc y\u00fcklenme.Umut ol, sevgi ol,\u00c7i\u00e7eklerin rengi ol.Kalemin yazar olsun Terlesin avucunda,Benim sana b\u0131rakaca\u011f\u0131m Bir kitap, bir de sevda ba\u015f ucunda.Ana ocakt\u0131r o\u011flum Baba bir da\u011fd\u0131r ard\u0131ndan Kalemler g\u00f6n\u00fclKitaplar sevdad\u0131r asl\u0131nda.<\/p>\n","protected":false},"excerpt":{"rendered":"<p>B\u00fcy\u00fck d\u00fc\u015f\u00fcn, b\u00fcy\u00fcklenme Ta\u015f\u0131yamayaca\u011f\u0131n y\u00fck\u00fc y\u00fcklenme.Umut ol, sevgi ol,\u00c7i\u00e7eklerin rengi ol.Kalemin yazar olsun Terlesin avucunda,Benim sana b\u0131rakaca\u011f\u0131m Bir kitap, bir de sevda ba\u015f ucunda.Ana ocakt\u0131r o\u011flum<span class=\"excerpt-hellip\"> [\u2026]<\/span><\/p>\n","protected":false},"featured_media":0,"template":"","meta":{"_monsterinsights_skip_tracking":false,"_monsterinsights_sitenote_active":false,"_monsterinsights_sitenote_note":"","_monsterinsights_sitenote_category":0},"product_brand":[],"product_cat":[12291,12509],"product_tag":[],"class_list":{"0":"post-721811","1":"product","2":"type-product","3":"status-publish","5":"product_cat-edebiyat","6":"product_cat-siir","7":"pa_cilt-ciltsiz","8":"pa_tur-kitap","9":"pa_yayinevi-sfn-yayinlari","10":"pa_yazar-osman-yilmaz","12":"first","13":"instock","14":"sale","15":"shipping-taxable","16":"purchasable","17":"product-type-simple"},"_links":{"self":[{"href":"https:\/\/roveyayinevi.com.tr\/index.php\/wp-json\/wp\/v2\/product\/721811","targetHints":{"allow":["GET"]}}],"collection":[{"href":"https:\/\/roveyayinevi.com.tr\/index.php\/wp-json\/wp\/v2\/product"}],"about":[{"href":"https:\/\/roveyayinevi.com.tr\/index.php\/wp-json\/wp\/v2\/types\/product"}],"wp:attachment":[{"href":"https:\/\/roveyayinevi.com.tr\/index.php\/wp-json\/wp\/v2\/media?parent=721811"}],"wp:term":[{"taxonomy":"product_brand","embeddable":true,"href":"https:\/\/roveyayinevi.com.tr\/index.php\/wp-json\/wp\/v2\/product_brand?post=721811"},{"taxonomy":"product_cat","embeddable":true,"href":"https:\/\/roveyayinevi.com.tr\/index.php\/wp-json\/wp\/v2\/product_cat?post=721811"},{"taxonomy":"product_tag","embeddable":true,"href":"https:\/\/roveyayinevi.com.tr\/index.php\/wp-json\/wp\/v2\/product_tag?post=721811"}],"curies":[{"name":"wp","href":"https:\/\/api.w.org\/{rel}","templated":true}]}}