{"id":721807,"date":"2025-08-27T18:55:07","date_gmt":"2025-08-27T15:55:07","guid":{"rendered":"https:\/\/roveyayinevi.com.tr\/index.php\/urun\/bizim-okul-bi-acayip-15-kemerleri-sikiyoruz-ciltli\/"},"modified":"2026-04-03T02:36:05","modified_gmt":"2026-04-02T23:36:05","slug":"bizim-okul-bi-acayip-15-kemerleri-sikiyoruz-ciltli","status":"publish","type":"product","link":"https:\/\/roveyayinevi.com.tr\/index.php\/urun\/bizim-okul-bi-acayip-15-kemerleri-sikiyoruz-ciltli\/","title":{"rendered":"Bizim Okul Bi&#8217; Acayip 15-Kemerleri S\u0131k\u0131yoruz! (Ciltli)"},"content":{"rendered":"<p>Okulun yeni dan\u0131\u015fman\u0131 Dr. Brad \u00e7ok tuhaf biri. Garip garip konu\u015fuyor, herkes birbiriyle iyi anla\u015fs\u0131n diye acayip \u015feyler yap\u0131yor, erkeklerle k\u0131zlar\u0131n oyuncaklar\u0131n\u0131 de\u011fi\u015f toku\u015f ettiriyor\u2026 As\u0131l b\u00fcy\u00fck haber ise \u00f6\u011frencileri deh\u015fete d\u00fc\u015f\u00fcr\u00fcyor: Okul kapat\u0131lacak, hem de sonsuza dek! S\u0131n\u0131ftaki yaz\u0131 tahtalar\u0131n\u0131, \u00f6\u011fretmen masalar\u0131n\u0131 ve daha bir s\u00fcr\u00fc \u015feyi \u015fimdiden g\u00f6t\u00fcrmeye ba\u015flad\u0131lar bile. Okullar\u0131n\u0131n kapanmas\u0131 engellemek isteyen A.J. ve arkada\u015flar\u0131n\u0131n bir milyon dolar bulmalar\u0131 gerek.   \u0130yi ama nas\u0131l? <\/p>\n","protected":false},"excerpt":{"rendered":"<p>Okulun yeni dan\u0131\u015fman\u0131 Dr. Brad \u00e7ok tuhaf biri. Garip garip konu\u015fuyor, herkes birbiriyle iyi anla\u015fs\u0131n diye acayip \u015feyler yap\u0131yor, erkeklerle k\u0131zlar\u0131n oyuncaklar\u0131n\u0131 de\u011fi\u015f toku\u015f ettiriyor\u2026 As\u0131l<span class=\"excerpt-hellip\"> [\u2026]<\/span><\/p>\n","protected":false},"featured_media":0,"template":"","meta":{"_monsterinsights_skip_tracking":false,"_monsterinsights_sitenote_active":false,"_monsterinsights_sitenote_note":"","_monsterinsights_sitenote_category":0},"product_brand":[],"product_cat":[12274,12284],"product_tag":[],"class_list":{"0":"post-721807","1":"product","2":"type-product","3":"status-publish","5":"product_cat-cocuk-ve-genclik-kitaplari","6":"product_cat-hikayeler","7":"pa_cilt-ciltsiz","8":"pa_tur-kitap","9":"pa_yayinevi-epsilon-yayinlari","10":"pa_yazar-dan-gutman","12":"first","13":"instock","14":"sale","15":"shipping-taxable","16":"purchasable","17":"product-type-simple"},"_links":{"self":[{"href":"https:\/\/roveyayinevi.com.tr\/index.php\/wp-json\/wp\/v2\/product\/721807","targetHints":{"allow":["GET"]}}],"collection":[{"href":"https:\/\/roveyayinevi.com.tr\/index.php\/wp-json\/wp\/v2\/product"}],"about":[{"href":"https:\/\/roveyayinevi.com.tr\/index.php\/wp-json\/wp\/v2\/types\/product"}],"wp:attachment":[{"href":"https:\/\/roveyayinevi.com.tr\/index.php\/wp-json\/wp\/v2\/media?parent=721807"}],"wp:term":[{"taxonomy":"product_brand","embeddable":true,"href":"https:\/\/roveyayinevi.com.tr\/index.php\/wp-json\/wp\/v2\/product_brand?post=721807"},{"taxonomy":"product_cat","embeddable":true,"href":"https:\/\/roveyayinevi.com.tr\/index.php\/wp-json\/wp\/v2\/product_cat?post=721807"},{"taxonomy":"product_tag","embeddable":true,"href":"https:\/\/roveyayinevi.com.tr\/index.php\/wp-json\/wp\/v2\/product_tag?post=721807"}],"curies":[{"name":"wp","href":"https:\/\/api.w.org\/{rel}","templated":true}]}}