{"id":721803,"date":"2025-08-27T18:55:04","date_gmt":"2025-08-27T15:55:04","guid":{"rendered":"https:\/\/roveyayinevi.com.tr\/index.php\/urun\/ben-minicik-bir-bebektim-sayilar-ve-renkler\/"},"modified":"2026-04-16T02:29:46","modified_gmt":"2026-04-15T23:29:46","slug":"ben-minicik-bir-bebektim-sayilar-ve-renkler","status":"publish","type":"product","link":"https:\/\/roveyayinevi.com.tr\/index.php\/urun\/ben-minicik-bir-bebektim-sayilar-ve-renkler\/","title":{"rendered":"Ben Minicik Bir Bebektim &#8211; Say\u0131lar ve Renkler"},"content":{"rendered":"<p>Siyah d\u00fc\u011fmeler, sar\u0131 d\u00fc\u011fmeler, mavi d\u00fc\u011fmeler\u2026Art\u0131k b\u00fcy\u00fcd\u00fc\u011f\u00fcn\u00fc sanan minik k\u0131z, babas\u0131n\u0131n tuhafiye d\u00fckk\u00e2n\u0131nda en \u00e7ok renkli d\u00fc\u011fmeleri seviyor.Yine babas\u0131yla i\u015fe gitti\u011fi bir g\u00fcn, devrilip yere sa\u00e7\u0131lan d\u00fc\u011fmeler ile reng\u00e2renk d\u00fc\u015flere dal\u0131yor\u2026Ayt\u00fcl Akal, 1996 y\u0131l\u0131nda, T.C. K\u00fclt\u00fcr Bakanl\u0131\u011f\u0131 Eflatun Cem G\u00fcney 0-6 Ya\u015f \u00c7ocuk Kitaplar\u0131 Yar\u0131\u015fmas\u0131&#8217;nda &#8220;Mansiyon \u00d6d\u00fcl\u00fc&#8221;ne de\u011fer g\u00f6r\u00fclen bu kitab\u0131yla, erken \u00f6\u011frenme d\u00f6nemindeki \u00e7ocuklar\u0131 say\u0131lar ve renklerle tan\u0131\u015ft\u0131r\u0131yor, onlara hayallerini ke\u015ffetme f\u0131rsat\u0131 sunuyor.  Say\u0131lar, \u015fekiller ve renkler i\u00e7inde \u00f6yk\u00fcler\u2026Sevilen yazar Ayt\u00fcl Akal\u2019\u0131n erken \u00f6\u011frenme d\u00f6nemindeki \u00e7ocuklar i\u00e7in kaleme ald\u0131\u011f\u0131 \u201cBen Minicik Bir Bebektim\u201d serisi, Berk \u00d6zt\u00fcrk taraf\u0131ndan yenilenen resimleri ve de\u011fi\u015fen bask\u0131 \u00f6zellikleriyle yeniden okurlarla bulu\u015fuyor.&#8221;Say\u0131lar ve Renkler&#8221; ile &#8220;\u015eekiller ve Kavramlar&#8221; \u00fczerine miniklerin ilgisini \u00e7ekecek iki k\u0131sa \u00f6yk\u00fcden olu\u015fan seri, yazar\u0131n \u00e7ocukluk an\u0131lar\u0131ndan, \u00f6zellikle de aile ili\u015fkilerinden izler ta\u015f\u0131yor&#8230;Her sayfas\u0131nda farkl\u0131 bir ayr\u0131nt\u0131n\u0131n ke\u015ffedilebilece\u011fi \u00f6yk\u00fcs\u00fc ve resimleriyle merak uyand\u0131ran kitaplar, miniklere keyifli bir g\u00f6rsel okuma deneyimi kazand\u0131r\u0131yor.&#8221;Okul \u00f6ncesi d\u00f6nemindeki \u00e7ocuklar\u0131 \u015fekiller ve kavramlarla hayal g\u00fcc\u00fcn\u00fcn sonsuzlu\u011funa ta\u015f\u0131yan, okul \u00f6ncesi e\u011fitime katk\u0131da bulunan kitaplar.&#8221;Pedagog Ay\u015fen \u00d6zen\u00e7<\/p>\n","protected":false},"excerpt":{"rendered":"<p>Siyah d\u00fc\u011fmeler, sar\u0131 d\u00fc\u011fmeler, mavi d\u00fc\u011fmeler\u2026Art\u0131k b\u00fcy\u00fcd\u00fc\u011f\u00fcn\u00fc sanan minik k\u0131z, babas\u0131n\u0131n tuhafiye d\u00fckk\u00e2n\u0131nda en \u00e7ok renkli d\u00fc\u011fmeleri seviyor.Yine babas\u0131yla i\u015fe gitti\u011fi bir g\u00fcn, devrilip yere sa\u00e7\u0131lan<span class=\"excerpt-hellip\"> [\u2026]<\/span><\/p>\n","protected":false},"featured_media":0,"template":"","meta":{"_monsterinsights_skip_tracking":false,"_monsterinsights_sitenote_active":false,"_monsterinsights_sitenote_note":"","_monsterinsights_sitenote_category":0},"product_brand":[],"product_cat":[12913,12274],"product_tag":[],"class_list":{"0":"post-721803","1":"product","2":"type-product","3":"status-publish","5":"product_cat-3-6-yas-kitaplari","6":"product_cat-cocuk-ve-genclik-kitaplari","7":"pa_cilt-ciltsiz","8":"pa_tur-kitap","9":"pa_yayinevi-ucanbalik-yayincilik","10":"pa_yazar-aytul-akal","12":"first","13":"instock","14":"sale","15":"shipping-taxable","16":"purchasable","17":"product-type-simple"},"_links":{"self":[{"href":"https:\/\/roveyayinevi.com.tr\/index.php\/wp-json\/wp\/v2\/product\/721803","targetHints":{"allow":["GET"]}}],"collection":[{"href":"https:\/\/roveyayinevi.com.tr\/index.php\/wp-json\/wp\/v2\/product"}],"about":[{"href":"https:\/\/roveyayinevi.com.tr\/index.php\/wp-json\/wp\/v2\/types\/product"}],"wp:attachment":[{"href":"https:\/\/roveyayinevi.com.tr\/index.php\/wp-json\/wp\/v2\/media?parent=721803"}],"wp:term":[{"taxonomy":"product_brand","embeddable":true,"href":"https:\/\/roveyayinevi.com.tr\/index.php\/wp-json\/wp\/v2\/product_brand?post=721803"},{"taxonomy":"product_cat","embeddable":true,"href":"https:\/\/roveyayinevi.com.tr\/index.php\/wp-json\/wp\/v2\/product_cat?post=721803"},{"taxonomy":"product_tag","embeddable":true,"href":"https:\/\/roveyayinevi.com.tr\/index.php\/wp-json\/wp\/v2\/product_tag?post=721803"}],"curies":[{"name":"wp","href":"https:\/\/api.w.org\/{rel}","templated":true}]}}