{"id":721802,"date":"2025-08-27T18:55:03","date_gmt":"2025-08-27T15:55:03","guid":{"rendered":"https:\/\/roveyayinevi.com.tr\/index.php\/urun\/aklim-fikrim-deniz\/"},"modified":"2026-04-16T02:29:46","modified_gmt":"2026-04-15T23:29:46","slug":"aklim-fikrim-deniz","status":"publish","type":"product","link":"https:\/\/roveyayinevi.com.tr\/index.php\/urun\/aklim-fikrim-deniz\/","title":{"rendered":"Akl\u0131m Fikrim Deniz"},"content":{"rendered":"<p>Bu kitap, denizi, denizcili\u011fimizi ve denizlerde ge\u00e7en m\u00fccadeleyi; farkl\u0131 bir \u00fcslupta ve ya\u015fanm\u0131\u015fl\u0131klar\u0131n tecr\u00fcbesi alt\u0131nda sunmaktad\u0131r. Kitap, deniz g\u00fcc\u00fcm\u00fcz\u00fcn askeri kuvveti ile birlikte di\u011fer \u00fclkelerin donanmalar\u0131na dair fikirlerin sunuldu\u011fu, ticari filomuz ve deniz end\u00fcstriyel g\u00fcc\u00fcm\u00fczle ilgili bir k\u0131s\u0131m analizlerin ortaya konuldu\u011fu, bazen de son 10 y\u0131l\u0131n kurulan kumpaslar\u0131n\u0131n ve kimi zaman denizin duygusal \u00e7\u0131rp\u0131nt\u0131lar\u0131n\u0131n sergilendi\u011fi farkl\u0131 yakla\u015f\u0131mlar\u0131 i\u00e7ermektedir. \u00c7evre denizlerimizde ya\u015fanan siyasi, ekonomik ve askeri krizleri \u00e7ok yak\u0131ndan takip ederken, bazen d\u00fcnyan\u0131n di\u011fer denizlerinde ya\u015fanan ve bizi dolayl\u0131 da olsa etkileyebilecek hadiseleri kimi zaman g\u00f6zden ka\u00e7\u0131rabiliyoruz.Bu kitaptaki kimi de\u011ferlendirmelerde, uzak denizlerde vuku bulan konulara da de\u011finildi\u011fini g\u00f6receksiniz. De\u011fi\u015fik ancak sonu\u00e7ta denizi, deniz g\u00fcvenli\u011fini ve savunma konular\u0131n\u0131 anlatan makaleler; kimi zaman mutedil kimi zaman da f\u0131rt\u0131nal\u0131 bir havada seyir yaparcas\u0131na, ak\u0131c\u0131 bir dille kaleme al\u0131nm\u0131\u015f. Yazar\u0131n, Balyoz kumpas\u0131yla birlikte Silivri\u2019nin so\u011fuk bir ko\u011fu\u015funda ba\u015flayan farkl\u0131 ve yeni hayat\u0131; ona bamba\u015fka bir rota \u00e7izmi\u015f olsa da hayata ve mesle\u011fine dair birikimlerini kamuoyuna aktarmas\u0131 ve payla\u015fmas\u0131 i\u00e7in sanki onun farkl\u0131 bir yelken a\u00e7mas\u0131na neden olmu\u015f gibi g\u00f6z\u00fck\u00fcyor.Yazar, kendi t\u00fcr\u00fcn\u00fcn de\u011fi\u015fik bir \u00f6rne\u011fini olu\u015fturan bu kitapta; \u00fcslubu ve sundu\u011fu detayl\u0131 bilgilerle, denizcilikle ilgili farkl\u0131 konularda bizleri ufkun \u00f6tesine ta\u015f\u0131may\u0131 ve durumsal fark\u0131ndal\u0131\u011f\u0131m\u0131z\u0131 art\u0131rmay\u0131 hedefleyen bir amac\u0131 ortaya koyuyor.<\/p>\n","protected":false},"excerpt":{"rendered":"<p>Bu kitap, denizi, denizcili\u011fimizi ve denizlerde ge\u00e7en m\u00fccadeleyi; farkl\u0131 bir \u00fcslupta ve ya\u015fanm\u0131\u015fl\u0131klar\u0131n tecr\u00fcbesi alt\u0131nda sunmaktad\u0131r. Kitap, deniz g\u00fcc\u00fcm\u00fcz\u00fcn askeri kuvveti ile birlikte di\u011fer \u00fclkelerin donanmalar\u0131na<span class=\"excerpt-hellip\"> [\u2026]<\/span><\/p>\n","protected":false},"featured_media":0,"template":"","meta":{"_monsterinsights_skip_tracking":false,"_monsterinsights_sitenote_active":false,"_monsterinsights_sitenote_note":"","_monsterinsights_sitenote_category":0},"product_brand":[],"product_cat":[52477],"product_tag":[],"class_list":{"0":"post-721802","1":"product","2":"type-product","3":"status-publish","5":"product_cat-arastirma","6":"pa_cilt-ciltsiz","7":"pa_tur-kitap","8":"pa_yayinevi-astana-yayinlari","9":"pa_yazar-alp-kirikkanat","11":"first","12":"instock","13":"sale","14":"shipping-taxable","15":"purchasable","16":"product-type-simple"},"_links":{"self":[{"href":"https:\/\/roveyayinevi.com.tr\/index.php\/wp-json\/wp\/v2\/product\/721802","targetHints":{"allow":["GET"]}}],"collection":[{"href":"https:\/\/roveyayinevi.com.tr\/index.php\/wp-json\/wp\/v2\/product"}],"about":[{"href":"https:\/\/roveyayinevi.com.tr\/index.php\/wp-json\/wp\/v2\/types\/product"}],"wp:attachment":[{"href":"https:\/\/roveyayinevi.com.tr\/index.php\/wp-json\/wp\/v2\/media?parent=721802"}],"wp:term":[{"taxonomy":"product_brand","embeddable":true,"href":"https:\/\/roveyayinevi.com.tr\/index.php\/wp-json\/wp\/v2\/product_brand?post=721802"},{"taxonomy":"product_cat","embeddable":true,"href":"https:\/\/roveyayinevi.com.tr\/index.php\/wp-json\/wp\/v2\/product_cat?post=721802"},{"taxonomy":"product_tag","embeddable":true,"href":"https:\/\/roveyayinevi.com.tr\/index.php\/wp-json\/wp\/v2\/product_tag?post=721802"}],"curies":[{"name":"wp","href":"https:\/\/api.w.org\/{rel}","templated":true}]}}