{"id":721801,"date":"2025-08-27T18:55:03","date_gmt":"2025-08-27T15:55:03","guid":{"rendered":"https:\/\/roveyayinevi.com.tr\/index.php\/urun\/demokrasi-ve-hukuk-devleti-ikilemi\/"},"modified":"2026-04-16T02:29:46","modified_gmt":"2026-04-15T23:29:46","slug":"demokrasi-ve-hukuk-devleti-ikilemi","status":"publish","type":"product","link":"https:\/\/roveyayinevi.com.tr\/index.php\/urun\/demokrasi-ve-hukuk-devleti-ikilemi\/","title":{"rendered":"Demokrasi ve Hukuk Devleti \u0130kilemi"},"content":{"rendered":"<p>Devlet, y\u00f6netilenlerin hak ve \u00f6zg\u00fcrl\u00fcklerini garanti alt\u0131na almakla y\u00fck\u00fcml\u00fcd\u00fcr. Devlete a\u015f\u0131r\u0131 kutsiyet atfedilmesi ve ara\u00e7tan \u00e7ok bir ama\u00e7 haline getirilmesi, demokratik ya da anti-demokratik usullerle siyasal iktidar\u0131 elde eden akt\u00f6rlerce suiistimal edilerek, devlet ayg\u0131t\u0131n\u0131n hukuktan uzakla\u015ft\u0131r\u0131lmas\u0131 ve devletin hukuki niteli\u011fe sahip normlar\u0131n\u0131n i\u00e7inin bo\u015falt\u0131larak demokrasi ve hukuka ayk\u0131r\u0131 uygulamalar\u0131n arac\u0131 haline gelmesine yol a\u00e7ar.Demokratik usullerle iktidara gelseler de siyasal iktidarlar\u0131n kendi hukuksuzluklar\u0131n\u0131 \u00e7o\u011funlu\u011fun iste\u011fi, halk iradesi hatta millet iradesi gibi kavramlar ile me\u015fruiyet kazand\u0131rma \u00e7abalar\u0131n\u0131n \u00f6n\u00fcne ge\u00e7ilmelidir. Nitekim \u00e7o\u011funluk, ahlaki ve vicdani donat\u0131lar\u0131n\u0131 yitirerek pek\u00e2l\u00e2 hukuksuzlu\u011fu, adaletsizli\u011fi ve insan onuruna yak\u0131\u015fmayan uygulamalar\u0131 arzu edip destekleyebilir. Bu d\u00fc\u015f\u00fcncenin devlete sahip olmas\u0131 ve hukukun tahrip edilmesi, ilerleyen s\u00fcre\u00e7te insano\u011flunun zarar g\u00f6rmesine yol a\u00e7acakt\u0131r. Bunun \u00f6nlenmesinin en \u00f6nemli \u015fart\u0131 ise siyasal iktidarlar\u0131n insan haklar\u0131, temel hak ve h\u00fcrriyetler ve hukukun ilke ve gerekleri ile s\u0131n\u0131rland\u0131r\u0131lmas\u0131d\u0131r.<\/p>\n","protected":false},"excerpt":{"rendered":"<p>Devlet, y\u00f6netilenlerin hak ve \u00f6zg\u00fcrl\u00fcklerini garanti alt\u0131na almakla y\u00fck\u00fcml\u00fcd\u00fcr. Devlete a\u015f\u0131r\u0131 kutsiyet atfedilmesi ve ara\u00e7tan \u00e7ok bir ama\u00e7 haline getirilmesi, demokratik ya da anti-demokratik usullerle siyasal<span class=\"excerpt-hellip\"> [\u2026]<\/span><\/p>\n","protected":false},"featured_media":0,"template":"","meta":{"_monsterinsights_skip_tracking":false,"_monsterinsights_sitenote_active":false,"_monsterinsights_sitenote_note":"","_monsterinsights_sitenote_category":0},"product_brand":[],"product_cat":[15350,17602],"product_tag":[],"class_list":{"0":"post-721801","1":"product","2":"type-product","3":"status-publish","5":"product_cat-hukuk","6":"product_cat-hukuk-uzerine","7":"pa_cilt-ciltsiz","8":"pa_tur-kitap","9":"pa_yayinevi-astana-yayinlari","10":"pa_yazar-selim-cin","12":"first","13":"instock","14":"sale","15":"shipping-taxable","16":"purchasable","17":"product-type-simple"},"_links":{"self":[{"href":"https:\/\/roveyayinevi.com.tr\/index.php\/wp-json\/wp\/v2\/product\/721801","targetHints":{"allow":["GET"]}}],"collection":[{"href":"https:\/\/roveyayinevi.com.tr\/index.php\/wp-json\/wp\/v2\/product"}],"about":[{"href":"https:\/\/roveyayinevi.com.tr\/index.php\/wp-json\/wp\/v2\/types\/product"}],"wp:attachment":[{"href":"https:\/\/roveyayinevi.com.tr\/index.php\/wp-json\/wp\/v2\/media?parent=721801"}],"wp:term":[{"taxonomy":"product_brand","embeddable":true,"href":"https:\/\/roveyayinevi.com.tr\/index.php\/wp-json\/wp\/v2\/product_brand?post=721801"},{"taxonomy":"product_cat","embeddable":true,"href":"https:\/\/roveyayinevi.com.tr\/index.php\/wp-json\/wp\/v2\/product_cat?post=721801"},{"taxonomy":"product_tag","embeddable":true,"href":"https:\/\/roveyayinevi.com.tr\/index.php\/wp-json\/wp\/v2\/product_tag?post=721801"}],"curies":[{"name":"wp","href":"https:\/\/api.w.org\/{rel}","templated":true}]}}