{"id":721800,"date":"2025-08-27T18:55:02","date_gmt":"2025-08-27T15:55:02","guid":{"rendered":"https:\/\/roveyayinevi.com.tr\/index.php\/urun\/icsel-ozgurluge-giden-yol\/"},"modified":"2026-04-08T02:37:34","modified_gmt":"2026-04-07T23:37:34","slug":"icsel-ozgurluge-giden-yol","status":"publish","type":"product","link":"https:\/\/roveyayinevi.com.tr\/index.php\/urun\/icsel-ozgurluge-giden-yol\/","title":{"rendered":"\u0130\u00e7sel \u00d6zg\u00fcrl\u00fc\u011fe Giden Yol"},"content":{"rendered":"<p>\u201cKi\u015finin kendisiyle ili\u015fkileri oldu\u011fu gibi kabul edilebilecek bir \u015fey de\u011fil, ciddi bir tecr\u00fcbedir. Bug\u00fcnlerde \u00e7ok az insan kendisiyle bar\u0131\u015f\u0131k oldu\u011funu s\u00f6yleyebiliyor. Mutsuzluktan uykusuzlu\u011fa, asabiyetten endi\u015feye, yorgunluktan gerilime, toplumsal beceriksizlikten irade zay\u0131fl\u0131\u011f\u0131na, karars\u0131zl\u0131ktan su\u00e7luluk duygusuna kadar kendini sonsuz belirtiler halinde g\u00f6steren daimi \u00e7eli\u015fkiler i\u00e7indeyiz.\u201dErik Blumenthal \u00dcnl\u00fc psikolog ve terapist, \u00e7o\u011funlukla basit tekniklerle s\u00f6z konusu engelleri a\u015fman\u0131n yollar\u0131n\u0131 bu kitapta okurla bulu\u015fturuyor. \u0130lk b\u00f6l\u00fcmde temel prensipleri \u00f6\u011frenecek, ikinci b\u00f6l\u00fcmde kendinizi ke\u015ffetmeye konsantre olacaks\u0131n\u0131z. \u00dc\u00e7\u00fcnc\u00fc ve d\u00f6rd\u00fcnc\u00fc b\u00f6l\u00fcmlerde ise yolculuk boyunca a\u015fman\u0131z gereken engelleri ve yola devam edebilmek i\u00e7in gereken ara\u00e7lar\u0131 g\u00f6receksiniz. Bu kitap \u201canlamak\u201d ve \u201canla\u015f\u0131lmak\u201d kavramlar\u0131n\u0131 pratik uygulamalarla a\u00e7\u0131klayarak k\u0131sa zamanda sizi olumlu noktalara ta\u015f\u0131may\u0131 hedefliyor.   Yeni ki\u015fisel geli\u015fim teknikleri hayat\u0131m\u0131z\u0131n her alan\u0131nda ve t\u00fcm ili\u015fkilerimizde bize yard\u0131mc\u0131 olacak, kendiyle bar\u0131\u015f\u0131k birey olmam\u0131za katk\u0131 sa\u011flayacakt\u0131r. \u0130\u00e7sel \u00d6zg\u00fcrl\u00fc\u011fe Giden Yol\u2019un pusulas\u0131, bu kitapta \u2026<\/p>\n","protected":false},"excerpt":{"rendered":"<p>\u201cKi\u015finin kendisiyle ili\u015fkileri oldu\u011fu gibi kabul edilebilecek bir \u015fey de\u011fil, ciddi bir tecr\u00fcbedir. Bug\u00fcnlerde \u00e7ok az insan kendisiyle bar\u0131\u015f\u0131k oldu\u011funu s\u00f6yleyebiliyor. Mutsuzluktan uykusuzlu\u011fa, asabiyetten endi\u015feye, yorgunluktan<span class=\"excerpt-hellip\"> [\u2026]<\/span><\/p>\n","protected":false},"featured_media":0,"template":"","meta":{"_monsterinsights_skip_tracking":false,"_monsterinsights_sitenote_active":false,"_monsterinsights_sitenote_note":"","_monsterinsights_sitenote_category":0},"product_brand":[],"product_cat":[12364,12376],"product_tag":[],"class_list":{"0":"post-721800","1":"product","2":"type-product","3":"status-publish","5":"product_cat-genel-konular","6":"product_cat-kisisel-gelisim","7":"pa_cilt-ciltsiz","8":"pa_tur-kitap","9":"pa_yayinevi-totem-yayinlari","10":"pa_yazar-erik-blumenthal","12":"first","13":"instock","14":"sale","15":"shipping-taxable","16":"purchasable","17":"product-type-simple"},"_links":{"self":[{"href":"https:\/\/roveyayinevi.com.tr\/index.php\/wp-json\/wp\/v2\/product\/721800","targetHints":{"allow":["GET"]}}],"collection":[{"href":"https:\/\/roveyayinevi.com.tr\/index.php\/wp-json\/wp\/v2\/product"}],"about":[{"href":"https:\/\/roveyayinevi.com.tr\/index.php\/wp-json\/wp\/v2\/types\/product"}],"wp:attachment":[{"href":"https:\/\/roveyayinevi.com.tr\/index.php\/wp-json\/wp\/v2\/media?parent=721800"}],"wp:term":[{"taxonomy":"product_brand","embeddable":true,"href":"https:\/\/roveyayinevi.com.tr\/index.php\/wp-json\/wp\/v2\/product_brand?post=721800"},{"taxonomy":"product_cat","embeddable":true,"href":"https:\/\/roveyayinevi.com.tr\/index.php\/wp-json\/wp\/v2\/product_cat?post=721800"},{"taxonomy":"product_tag","embeddable":true,"href":"https:\/\/roveyayinevi.com.tr\/index.php\/wp-json\/wp\/v2\/product_tag?post=721800"}],"curies":[{"name":"wp","href":"https:\/\/api.w.org\/{rel}","templated":true}]}}