{"id":721799,"date":"2025-08-27T18:55:01","date_gmt":"2025-08-27T15:55:01","guid":{"rendered":"https:\/\/roveyayinevi.com.tr\/index.php\/urun\/antik-pers-tarihi\/"},"modified":"2026-04-16T02:29:46","modified_gmt":"2026-04-15T23:29:46","slug":"antik-pers-tarihi","status":"publish","type":"product","link":"https:\/\/roveyayinevi.com.tr\/index.php\/urun\/antik-pers-tarihi\/","title":{"rendered":"Antik Pers Tarihi"},"content":{"rendered":"<p>Babil kaynaklar\u0131, \u201cAn\u015fanl\u0131 Kyros, Medli bir vasal, Medlerin askeri birliklerini da\u011f\u0131tt\u0131,\u201d diye aktar\u0131yor bizlere&#8230; Zaferi kazanan Kyros, Med Kral\u0131 Astyages\u2019i tutsak almay\u0131 ve onun ba\u015fkenti Ekbatana\u2019y\u0131 ele ge\u00e7irerek hazineyi ya\u011fmalamay\u0131 ve ganimeti An\u015fan\u2019a g\u00f6t\u00fcrmeyi ba\u015fard\u0131.   B\u00f6ylelikle Kyros ve ard\u0131llar\u0131 Ortado\u011fu\u2019nun en b\u00fcy\u00fck imparatorlu\u011funu meydana getirdiler ve Makedonya\u2019dan Hint topraklar\u0131na kadar uzanan, as\u0131rlarca s\u00fcrecek Pers egemenli\u011fini ba\u015flatt\u0131lar.   Bu kitapta sunulan \u201cAntik Pers \u00dclkesi\u201d genel tablosu, kapsaml\u0131 \u201cPers \u00dclkesi\u201d kavram\u0131n\u0131 temel almaktad\u0131r. Ancak onu bug\u00fcnk\u00fc \u0130ran devlet topraklar\u0131yla s\u0131n\u0131rlamamakta, antik d\u00f6nemdeki \u0130ranl\u0131 halklar\u0131n Akhamenid, Part ve S\u00e2s\u00e2n\u00ee imparatorluklar\u0131n\u0131n ya\u015fad\u0131\u011f\u0131 b\u00f6lgeleri de kapsamaktad\u0131r. Baz\u0131lar\u0131 bug\u00fcn Afganistan, K\u0131rg\u0131zistan, T\u00fcrkmenistan, \u00d6zbekistan ve Tacikistan devlet s\u0131n\u0131rlar\u0131nda kalmaktad\u0131r.   Yazar, b\u00f6lgede h\u00fck\u00fcm s\u00fcren imparatorluklar\u0131 kronolojik olarak b\u00f6l\u00fcmler halinde okurla bulu\u015ftururken her b\u00f6l\u00fcm\u00fcn ba\u015f\u0131na \u00f6nemli belgelerin k\u0131sa bir \u00f6zetini de koymay\u0131 yaz\u0131tsal ve arkeolojik olarak bilinen ve yeni bulunanlar\u0131n bilgi geli\u015fimini sa\u011flayaca\u011f\u0131 gere\u011finden \u00f6nemli bulmu\u015ftur. \u201c   Antik Pers Tarihi\u201d M.\u00d6 5 y\u00fczy\u0131ldan S\u00e2s\u00e2n\u00ee \u0130mparatorlu\u011fu\u2019nun y\u0131k\u0131l\u0131\u015f\u0131na kadar ge\u00e7en s\u00fcredeki g\u00fc\u00e7 sava\u015flar\u0131n\u0131n yan\u0131 s\u0131ra b\u00f6lgede ya\u015fayan halklar\u0131n toplumsal ya\u015famlar\u0131n\u0131, k\u00fclt\u00fcr\u00fcn\u00fc, y\u00f6netsel kurallar\u0131n\u0131 ve ekonomik ko\u015fullar\u0131n\u0131 say\u0131s\u0131z bulgu ve belgelerin \u0131\u015f\u0131\u011f\u0131nda g\u00f6zler \u00f6n\u00fcne seriyor. <\/p>\n","protected":false},"excerpt":{"rendered":"<p>Babil kaynaklar\u0131, \u201cAn\u015fanl\u0131 Kyros, Medli bir vasal, Medlerin askeri birliklerini da\u011f\u0131tt\u0131,\u201d diye aktar\u0131yor bizlere&#8230; Zaferi kazanan Kyros, Med Kral\u0131 Astyages\u2019i tutsak almay\u0131 ve onun ba\u015fkenti Ekbatana\u2019y\u0131<span class=\"excerpt-hellip\"> [\u2026]<\/span><\/p>\n","protected":false},"featured_media":0,"template":"","meta":{"_monsterinsights_skip_tracking":false,"_monsterinsights_sitenote_active":false,"_monsterinsights_sitenote_note":"","_monsterinsights_sitenote_category":0},"product_brand":[],"product_cat":[12370,12304],"product_tag":[],"class_list":{"0":"post-721799","1":"product","2":"type-product","3":"status-publish","5":"product_cat-arastirma-inceleme","6":"product_cat-tarih","7":"pa_cilt-ciltsiz","8":"pa_tur-kitap","9":"pa_yayinevi-totem-yayinlari","10":"pa_yazar-josef-wiesehofer","12":"first","13":"instock","14":"sale","15":"shipping-taxable","16":"purchasable","17":"product-type-simple"},"_links":{"self":[{"href":"https:\/\/roveyayinevi.com.tr\/index.php\/wp-json\/wp\/v2\/product\/721799","targetHints":{"allow":["GET"]}}],"collection":[{"href":"https:\/\/roveyayinevi.com.tr\/index.php\/wp-json\/wp\/v2\/product"}],"about":[{"href":"https:\/\/roveyayinevi.com.tr\/index.php\/wp-json\/wp\/v2\/types\/product"}],"wp:attachment":[{"href":"https:\/\/roveyayinevi.com.tr\/index.php\/wp-json\/wp\/v2\/media?parent=721799"}],"wp:term":[{"taxonomy":"product_brand","embeddable":true,"href":"https:\/\/roveyayinevi.com.tr\/index.php\/wp-json\/wp\/v2\/product_brand?post=721799"},{"taxonomy":"product_cat","embeddable":true,"href":"https:\/\/roveyayinevi.com.tr\/index.php\/wp-json\/wp\/v2\/product_cat?post=721799"},{"taxonomy":"product_tag","embeddable":true,"href":"https:\/\/roveyayinevi.com.tr\/index.php\/wp-json\/wp\/v2\/product_tag?post=721799"}],"curies":[{"name":"wp","href":"https:\/\/api.w.org\/{rel}","templated":true}]}}