{"id":721798,"date":"2025-08-27T18:55:01","date_gmt":"2025-08-27T15:55:01","guid":{"rendered":"https:\/\/roveyayinevi.com.tr\/index.php\/urun\/kendine-inanmak\/"},"modified":"2026-04-12T02:35:53","modified_gmt":"2026-04-11T23:35:53","slug":"kendine-inanmak","status":"publish","type":"product","link":"https:\/\/roveyayinevi.com.tr\/index.php\/urun\/kendine-inanmak\/","title":{"rendered":"Kendine \u0130nanmak"},"content":{"rendered":"<p>&#8220;Kendine inanmak, insan\u0131n kendisine dair e\u015fi olmayan erdeme ula\u015fmas\u0131 demektir. Her insan ba\u015fkalar\u0131yla baz\u0131 ortak \u00f6zellikler ta\u015f\u0131yor olmas\u0131na ra\u011fmen gene de e\u015fsizsiz. Ne siz ne ben ne de di\u011ferleri , ge\u00e7mi\u015fte ba\u015fka bir hayat ya\u015fad\u0131k ve gelecekte de ya\u015famayaca\u011f\u0131z. Sadece bu ger\u00e7ek bile bizim bir birey olarak ne kadar \u00f6nemli oldu\u011fumuzun kan\u0131t\u0131d\u0131r. Ayn\u0131 zamanda bu ger\u00e7ek, bizim i\u00e7inde bulundu\u011fumuz zamana ait oldu\u011fumuzu vurgulamaktad\u0131r. &#8220;\u201cKendine \u0130nanmak\u201d sizi kendinizle bar\u0131\u015ft\u0131racak, ger\u00e7ek kimli\u011finizi kabul etmenize yard\u0131m edecektir. Dolay\u0131s\u0131yla kendinize olan g\u00fcveninize ve de\u011ferinize olan inanc\u0131n\u0131z\u0131 peki\u015ftirecektir. Ayr\u0131ca \u00e7evrenizdeki ki\u015filerle olan ili\u015fkilerinizde nas\u0131l davranman\u0131z ve \u00e7at\u0131\u015fma durumlar\u0131n\u0131 nas\u0131l \u00e7\u00f6z\u00fcmlemeniz konusunda da size yard\u0131mc\u0131 olacakt\u0131r. Pratik kendinizi geli\u015ftirme y\u00f6ntemlerinin ipu\u00e7lar\u0131 vererek, pozitif ilerlemenin manevi zeminlerini tek tek a\u00e7\u0131\u011fa \u00e7\u0131karacakt\u0131r.   Kitaptaki \u00f6\u011frenilmesi ve uygulan\u0131lmas\u0131 kolay teknikler \u201cAlfred Adler Psikoloji Okulu\u201dnun ke\u015fiflerine dayanmaktad\u0131r . G\u00fcn\u00fcm\u00fcz ortam\u0131nda Bireysel Psikoloji ki\u015filere toplumun etkili \u00fcyesi olma y\u00f6n\u00fcnde yard\u0131mc\u0131 olur ve b\u00f6ylece toplumun t\u00fcm\u00fcyle geli\u015fmesine katk\u0131da bulunur. G\u00fcc\u00fcn\u00fcz\u00fcn kayna\u011f\u0131 sizde. \u00c7\u00fcnk\u00fc siz e\u015fsizsiniz!<\/p>\n","protected":false},"excerpt":{"rendered":"<p>&#8220;Kendine inanmak, insan\u0131n kendisine dair e\u015fi olmayan erdeme ula\u015fmas\u0131 demektir. Her insan ba\u015fkalar\u0131yla baz\u0131 ortak \u00f6zellikler ta\u015f\u0131yor olmas\u0131na ra\u011fmen gene de e\u015fsizsiz. Ne siz ne ben<span class=\"excerpt-hellip\"> [\u2026]<\/span><\/p>\n","protected":false},"featured_media":0,"template":"","meta":{"_monsterinsights_skip_tracking":false,"_monsterinsights_sitenote_active":false,"_monsterinsights_sitenote_note":"","_monsterinsights_sitenote_category":0},"product_brand":[],"product_cat":[12364,12376],"product_tag":[],"class_list":{"0":"post-721798","1":"product","2":"type-product","3":"status-publish","5":"product_cat-genel-konular","6":"product_cat-kisisel-gelisim","7":"pa_cilt-ciltsiz","8":"pa_tur-kitap","9":"pa_yayinevi-totem-yayinlari","10":"pa_yazar-erik-blumenthal","12":"first","13":"instock","14":"sale","15":"shipping-taxable","16":"purchasable","17":"product-type-simple"},"_links":{"self":[{"href":"https:\/\/roveyayinevi.com.tr\/index.php\/wp-json\/wp\/v2\/product\/721798","targetHints":{"allow":["GET"]}}],"collection":[{"href":"https:\/\/roveyayinevi.com.tr\/index.php\/wp-json\/wp\/v2\/product"}],"about":[{"href":"https:\/\/roveyayinevi.com.tr\/index.php\/wp-json\/wp\/v2\/types\/product"}],"wp:attachment":[{"href":"https:\/\/roveyayinevi.com.tr\/index.php\/wp-json\/wp\/v2\/media?parent=721798"}],"wp:term":[{"taxonomy":"product_brand","embeddable":true,"href":"https:\/\/roveyayinevi.com.tr\/index.php\/wp-json\/wp\/v2\/product_brand?post=721798"},{"taxonomy":"product_cat","embeddable":true,"href":"https:\/\/roveyayinevi.com.tr\/index.php\/wp-json\/wp\/v2\/product_cat?post=721798"},{"taxonomy":"product_tag","embeddable":true,"href":"https:\/\/roveyayinevi.com.tr\/index.php\/wp-json\/wp\/v2\/product_tag?post=721798"}],"curies":[{"name":"wp","href":"https:\/\/api.w.org\/{rel}","templated":true}]}}