{"id":721797,"date":"2025-08-27T18:55:00","date_gmt":"2025-08-27T15:55:00","guid":{"rendered":"https:\/\/roveyayinevi.com.tr\/index.php\/urun\/amacini-belirle-sonrasi-kolay\/"},"modified":"2026-04-16T02:29:46","modified_gmt":"2026-04-15T23:29:46","slug":"amacini-belirle-sonrasi-kolay","status":"publish","type":"product","link":"https:\/\/roveyayinevi.com.tr\/index.php\/urun\/amacini-belirle-sonrasi-kolay\/","title":{"rendered":"Amac\u0131n\u0131 Belirle Sonras\u0131 Kolay"},"content":{"rendered":"<p>&#8220;Ne derinle\u015fip daral, ne geni\u015fleyip s\u0131\u011f kal!&#8221;  Amac\u0131n\u0131 belirle sonras\u0131 kolay, \u00e7\u00fcnk\u00fc insan gitmek istedi\u011fi yeri bilirse f\u0131rsatlar\u0131 da fark eder. Gidece\u011fi yeri bilmeyen i\u00e7in neyi se\u00e7ti\u011finin ya da se\u00e7medi\u011finin \u00f6nemi yoktur.   Ne i\u00e7in \u00e7abalad\u0131\u011f\u0131n\u0131 bilmen ise tutunacak en sa\u011flam dal\u0131n. O zaman g\u00f6receksin yaln\u0131z olmad\u0131\u011f\u0131n\u0131. Hayalini ama\u00e7 edinmeden \u00f6nce l\u00fctfen hat\u0131rla, hayallerini, imk\u00e2nlar\u0131nla s\u0131n\u0131rl\u0131 tutma. Ger\u00e7ekte sor kendine amac\u0131n\u0131, en \u00e7ok ne istedi\u011fini, en b\u00fcy\u00fck hayalinin ne oldu\u011funu.   Bunu bilip amac\u0131n\u0131 belirledikten sonra g\u00f6receksin ki imk\u00e2nlar\u0131n de\u011fi\u015fecek, d\u00f6n\u00fc\u015fecek, seni hayal etti\u011finamac\u0131na do\u011fru g\u00f6t\u00fcrecek.   \u0130nan, \u00e7al\u0131\u015f. Akl\u0131n\u0131, bilimi ve iyi ruhunu \u00f6nemse. Nereden mi biliyorum? Kendimden biliyorum de\u011ferli dostum&#8230; Ay\u015fen La\u00e7inel<\/p>\n","protected":false},"excerpt":{"rendered":"<p>&#8220;Ne derinle\u015fip daral, ne geni\u015fleyip s\u0131\u011f kal!&#8221; Amac\u0131n\u0131 belirle sonras\u0131 kolay, \u00e7\u00fcnk\u00fc insan gitmek istedi\u011fi yeri bilirse f\u0131rsatlar\u0131 da fark eder. Gidece\u011fi yeri bilmeyen i\u00e7in neyi<span class=\"excerpt-hellip\"> [\u2026]<\/span><\/p>\n","protected":false},"featured_media":0,"template":"","meta":{"_monsterinsights_skip_tracking":false,"_monsterinsights_sitenote_active":false,"_monsterinsights_sitenote_note":"","_monsterinsights_sitenote_category":0},"product_brand":[],"product_cat":[12364,12376],"product_tag":[],"class_list":{"0":"post-721797","1":"product","2":"type-product","3":"status-publish","5":"product_cat-genel-konular","6":"product_cat-kisisel-gelisim","7":"pa_cilt-ciltsiz","8":"pa_tur-kitap","9":"pa_yayinevi-totem-yayinlari","10":"pa_yazar-aysen-lacinel","12":"first","13":"instock","14":"sale","15":"shipping-taxable","16":"purchasable","17":"product-type-simple"},"_links":{"self":[{"href":"https:\/\/roveyayinevi.com.tr\/index.php\/wp-json\/wp\/v2\/product\/721797","targetHints":{"allow":["GET"]}}],"collection":[{"href":"https:\/\/roveyayinevi.com.tr\/index.php\/wp-json\/wp\/v2\/product"}],"about":[{"href":"https:\/\/roveyayinevi.com.tr\/index.php\/wp-json\/wp\/v2\/types\/product"}],"wp:attachment":[{"href":"https:\/\/roveyayinevi.com.tr\/index.php\/wp-json\/wp\/v2\/media?parent=721797"}],"wp:term":[{"taxonomy":"product_brand","embeddable":true,"href":"https:\/\/roveyayinevi.com.tr\/index.php\/wp-json\/wp\/v2\/product_brand?post=721797"},{"taxonomy":"product_cat","embeddable":true,"href":"https:\/\/roveyayinevi.com.tr\/index.php\/wp-json\/wp\/v2\/product_cat?post=721797"},{"taxonomy":"product_tag","embeddable":true,"href":"https:\/\/roveyayinevi.com.tr\/index.php\/wp-json\/wp\/v2\/product_tag?post=721797"}],"curies":[{"name":"wp","href":"https:\/\/api.w.org\/{rel}","templated":true}]}}