{"id":721796,"date":"2025-08-27T18:54:59","date_gmt":"2025-08-27T15:54:59","guid":{"rendered":"https:\/\/roveyayinevi.com.tr\/index.php\/urun\/kondoskaliden-kumkapiya\/"},"modified":"2026-04-16T02:29:46","modified_gmt":"2026-04-15T23:29:46","slug":"kondoskaliden-kumkapiya","status":"publish","type":"product","link":"https:\/\/roveyayinevi.com.tr\/index.php\/urun\/kondoskaliden-kumkapiya\/","title":{"rendered":"Kondoskali&#8217;den Kumkap\u0131&#8217;ya"},"content":{"rendered":"<p>G\u00fcn\u00fcm\u00fcz \u0130stanbul&#8217;unda turistik meyhaneleri d\u0131\u015f\u0131nda ad\u0131 hemen hi\u00e7 an\u0131lmayan Kumkap\u0131, 1960&#8217;l\u0131 y\u0131llar\u0131n ortalar\u0131na kadar Rumlar\u0131n, Ermenilerin ve T\u00fcrklerin bir arada ya\u015fad\u0131\u011f\u0131, az\u0131nl\u0131k k\u00fclt\u00fcrlerinin a\u011f\u0131r bast\u0131\u011f\u0131, canl\u0131 ve renkli bir \u0130stanbul semtiydi.Bug\u00fcn denizle ili\u015fkisi neredeyse tamamen kesilmi\u015f ve \u015fehrin en fazla tahribata u\u011fram\u0131\u015f semti olsa da Bizans d\u00f6neminden bu yana \u0130stanbul&#8217;un en eski limanlar\u0131ndan birine ve Ermeni Patrikhanesi&#8217;ne ev sahipli\u011fi yapan Kumkap\u0131, Orhan T\u00fcrker&#8217;in Kondoskali&#8217;den Kumkap\u0131&#8217;ya, Eski Bir \u0130stanbul Semtinin Hik\u00e2yesi \u00e7al\u0131\u015fmas\u0131yla m\u00e2kus talihine meydan okuyor.Semtin mimari yap\u0131s\u0131na ili\u015fkin detayl\u0131 bilgiler, \u00f6zel ar\u015fivlerden derlenen foto\u011fraflar ve \u0130stanbul&#8217;da yay\u0131nlanan Rumca gazetelere yans\u0131yan haberlerle Kondoskali&#8217;den Kumkap\u0131&#8217;ya, Tarihe Tan\u0131kl\u0131k dizisinin son incisi.<\/p>\n","protected":false},"excerpt":{"rendered":"<p>G\u00fcn\u00fcm\u00fcz \u0130stanbul&#8217;unda turistik meyhaneleri d\u0131\u015f\u0131nda ad\u0131 hemen hi\u00e7 an\u0131lmayan Kumkap\u0131, 1960&#8217;l\u0131 y\u0131llar\u0131n ortalar\u0131na kadar Rumlar\u0131n, Ermenilerin ve T\u00fcrklerin bir arada ya\u015fad\u0131\u011f\u0131, az\u0131nl\u0131k k\u00fclt\u00fcrlerinin a\u011f\u0131r bast\u0131\u011f\u0131, canl\u0131<span class=\"excerpt-hellip\"> [\u2026]<\/span><\/p>\n","protected":false},"featured_media":0,"template":"","meta":{"_monsterinsights_skip_tracking":false,"_monsterinsights_sitenote_active":false,"_monsterinsights_sitenote_note":"","_monsterinsights_sitenote_category":0},"product_brand":[],"product_cat":[12370,12304],"product_tag":[],"class_list":{"0":"post-721796","1":"product","2":"type-product","3":"status-publish","5":"product_cat-arastirma-inceleme","6":"product_cat-tarih","7":"pa_cilt-ciltsiz","8":"pa_tur-kitap","9":"pa_yayinevi-sel-yayincilik","10":"pa_yazar-orhan-turker","12":"first","13":"instock","14":"sale","15":"shipping-taxable","16":"purchasable","17":"product-type-simple"},"_links":{"self":[{"href":"https:\/\/roveyayinevi.com.tr\/index.php\/wp-json\/wp\/v2\/product\/721796","targetHints":{"allow":["GET"]}}],"collection":[{"href":"https:\/\/roveyayinevi.com.tr\/index.php\/wp-json\/wp\/v2\/product"}],"about":[{"href":"https:\/\/roveyayinevi.com.tr\/index.php\/wp-json\/wp\/v2\/types\/product"}],"wp:attachment":[{"href":"https:\/\/roveyayinevi.com.tr\/index.php\/wp-json\/wp\/v2\/media?parent=721796"}],"wp:term":[{"taxonomy":"product_brand","embeddable":true,"href":"https:\/\/roveyayinevi.com.tr\/index.php\/wp-json\/wp\/v2\/product_brand?post=721796"},{"taxonomy":"product_cat","embeddable":true,"href":"https:\/\/roveyayinevi.com.tr\/index.php\/wp-json\/wp\/v2\/product_cat?post=721796"},{"taxonomy":"product_tag","embeddable":true,"href":"https:\/\/roveyayinevi.com.tr\/index.php\/wp-json\/wp\/v2\/product_tag?post=721796"}],"curies":[{"name":"wp","href":"https:\/\/api.w.org\/{rel}","templated":true}]}}