{"id":721794,"date":"2025-08-27T18:54:57","date_gmt":"2025-08-27T15:54:57","guid":{"rendered":"https:\/\/roveyayinevi.com.tr\/index.php\/urun\/inziva-burclari\/"},"modified":"2026-04-16T02:29:46","modified_gmt":"2026-04-15T23:29:46","slug":"inziva-burclari","status":"publish","type":"product","link":"https:\/\/roveyayinevi.com.tr\/index.php\/urun\/inziva-burclari\/","title":{"rendered":"\u0130nziva Bur\u00e7lar\u0131"},"content":{"rendered":"<p>\u0130nziva Bur\u00e7lar\u0131&#8217;n\u0131n altba\u015fl\u0131\u011f\u0131nda &#8220;quartet&#8221; yaz\u0131yor : &#8220;Bir Varm\u0131\u015f Bir Okmu\u015f&#8221; + &#8220;Plati&#8221; + &#8220;Mekik&#8221; + &#8220;S\u0131r&#8221; d\u00f6rtl\u00fcs\u00fc, bir toz bulutu mah\u015ferinde ya\u015famaya diklenerek dikkatle geri \u00e7ekilmeyi se\u00e7menin ufuk \u00e7izgisini tar\u0131yor \u2013 bur\u00e7lar\u0131n arkas\u0131nda korunas\u0131 de\u011ferlerimiz var.Bir meydan, bir ada, bir t\u0131marhane h\u00fccresi, bir da\u011fba\u015f\u0131nda kay\u0131t st\u00fcdyosu : Zorunlu ile g\u00f6n\u00fcll\u00fc aras\u0131 inziva halleri \u00fczerine seferi metinler.Ki\u015fi, kendisini ku\u015fatan kem d\u00fcnyaya mesafe koyabilir mi ?<\/p>\n","protected":false},"excerpt":{"rendered":"<p>\u0130nziva Bur\u00e7lar\u0131&#8217;n\u0131n altba\u015fl\u0131\u011f\u0131nda &#8220;quartet&#8221; yaz\u0131yor : &#8220;Bir Varm\u0131\u015f Bir Okmu\u015f&#8221; + &#8220;Plati&#8221; + &#8220;Mekik&#8221; + &#8220;S\u0131r&#8221; d\u00f6rtl\u00fcs\u00fc, bir toz bulutu mah\u015ferinde ya\u015famaya diklenerek dikkatle geri \u00e7ekilmeyi<span class=\"excerpt-hellip\"> [\u2026]<\/span><\/p>\n","protected":false},"featured_media":0,"template":"","meta":{"_monsterinsights_skip_tracking":false,"_monsterinsights_sitenote_active":false,"_monsterinsights_sitenote_note":"","_monsterinsights_sitenote_category":0},"product_brand":[],"product_cat":[12777,12291],"product_tag":[],"class_list":{"0":"post-721794","1":"product","2":"type-product","3":"status-publish","5":"product_cat-deneme","6":"product_cat-edebiyat","7":"pa_cilt-ciltsiz","8":"pa_tur-kitap","9":"pa_yayinevi-sel-yayincilik","10":"pa_yazar-enis-batur","12":"first","13":"instock","14":"sale","15":"shipping-taxable","16":"purchasable","17":"product-type-simple"},"_links":{"self":[{"href":"https:\/\/roveyayinevi.com.tr\/index.php\/wp-json\/wp\/v2\/product\/721794","targetHints":{"allow":["GET"]}}],"collection":[{"href":"https:\/\/roveyayinevi.com.tr\/index.php\/wp-json\/wp\/v2\/product"}],"about":[{"href":"https:\/\/roveyayinevi.com.tr\/index.php\/wp-json\/wp\/v2\/types\/product"}],"wp:attachment":[{"href":"https:\/\/roveyayinevi.com.tr\/index.php\/wp-json\/wp\/v2\/media?parent=721794"}],"wp:term":[{"taxonomy":"product_brand","embeddable":true,"href":"https:\/\/roveyayinevi.com.tr\/index.php\/wp-json\/wp\/v2\/product_brand?post=721794"},{"taxonomy":"product_cat","embeddable":true,"href":"https:\/\/roveyayinevi.com.tr\/index.php\/wp-json\/wp\/v2\/product_cat?post=721794"},{"taxonomy":"product_tag","embeddable":true,"href":"https:\/\/roveyayinevi.com.tr\/index.php\/wp-json\/wp\/v2\/product_tag?post=721794"}],"curies":[{"name":"wp","href":"https:\/\/api.w.org\/{rel}","templated":true}]}}