{"id":721793,"date":"2025-08-27T18:54:57","date_gmt":"2025-08-27T15:54:57","guid":{"rendered":"https:\/\/roveyayinevi.com.tr\/index.php\/urun\/kagni-ses-hikayeler\/"},"modified":"2026-04-16T02:29:46","modified_gmt":"2026-04-15T23:29:46","slug":"kagni-ses-hikayeler","status":"publish","type":"product","link":"https:\/\/roveyayinevi.com.tr\/index.php\/urun\/kagni-ses-hikayeler\/","title":{"rendered":"Ka\u011fn\u0131 &#8211; Ses Hikayeler"},"content":{"rendered":"<p>Toplumsal ele\u015ftirisi g\u00fc\u00e7l\u00fc olan \u00f6yk\u00fcler&#8230; Sabahattin Ali\u2019nin olgunluk d\u00f6nemi \u00f6yk\u00fclerini bir araya getiren Ka\u011fn\u0131 ile Ses\u2019in ilk bas\u0131mlar\u0131 arka arkaya yap\u0131ld\u0131. Baz\u0131 \u00f6yk\u00fcleri filme de \u00e7ekildi. \u0130lk \u00f6yk\u00fc olan Ka\u011fn\u0131, toplumsal ele\u015ftirisi g\u00fc\u00e7l\u00fc bir \u00f6yk\u00fcd\u00fcr. K\u0131rsal ya\u015fam i\u00e7inde, cinayet kurban\u0131 o\u011flunun hakk\u0131n\u0131 bile arayamayan bir k\u00f6y kad\u0131n\u0131n dram\u0131 verilmektedir. Sabahattin Ali bu ciltteki di\u011fer \u00f6yk\u00fclerinde de ayn\u0131 duyarl\u0131\u011f\u0131 s\u00fcrd\u00fcrmektedir.<\/p>\n","protected":false},"excerpt":{"rendered":"<p>Toplumsal ele\u015ftirisi g\u00fc\u00e7l\u00fc olan \u00f6yk\u00fcler&#8230; Sabahattin Ali\u2019nin olgunluk d\u00f6nemi \u00f6yk\u00fclerini bir araya getiren Ka\u011fn\u0131 ile Ses\u2019in ilk bas\u0131mlar\u0131 arka arkaya yap\u0131ld\u0131. Baz\u0131 \u00f6yk\u00fcleri filme de \u00e7ekildi.<span class=\"excerpt-hellip\"> [\u2026]<\/span><\/p>\n","protected":false},"featured_media":0,"template":"","meta":{"_monsterinsights_skip_tracking":false,"_monsterinsights_sitenote_active":false,"_monsterinsights_sitenote_note":"","_monsterinsights_sitenote_category":0},"product_brand":[],"product_cat":[12291,12711],"product_tag":[],"class_list":{"0":"post-721793","1":"product","2":"type-product","3":"status-publish","5":"product_cat-edebiyat","6":"product_cat-roman-oyku","7":"pa_cilt-ciltsiz","8":"pa_tur-kitap","9":"pa_yayinevi-remzi-kitabevi","10":"pa_yazar-sabahattin-ali","12":"first","13":"instock","14":"sale","15":"shipping-taxable","16":"purchasable","17":"product-type-simple"},"_links":{"self":[{"href":"https:\/\/roveyayinevi.com.tr\/index.php\/wp-json\/wp\/v2\/product\/721793","targetHints":{"allow":["GET"]}}],"collection":[{"href":"https:\/\/roveyayinevi.com.tr\/index.php\/wp-json\/wp\/v2\/product"}],"about":[{"href":"https:\/\/roveyayinevi.com.tr\/index.php\/wp-json\/wp\/v2\/types\/product"}],"wp:attachment":[{"href":"https:\/\/roveyayinevi.com.tr\/index.php\/wp-json\/wp\/v2\/media?parent=721793"}],"wp:term":[{"taxonomy":"product_brand","embeddable":true,"href":"https:\/\/roveyayinevi.com.tr\/index.php\/wp-json\/wp\/v2\/product_brand?post=721793"},{"taxonomy":"product_cat","embeddable":true,"href":"https:\/\/roveyayinevi.com.tr\/index.php\/wp-json\/wp\/v2\/product_cat?post=721793"},{"taxonomy":"product_tag","embeddable":true,"href":"https:\/\/roveyayinevi.com.tr\/index.php\/wp-json\/wp\/v2\/product_tag?post=721793"}],"curies":[{"name":"wp","href":"https:\/\/api.w.org\/{rel}","templated":true}]}}