{"id":721792,"date":"2025-08-27T18:54:56","date_gmt":"2025-08-27T15:54:56","guid":{"rendered":"https:\/\/roveyayinevi.com.tr\/index.php\/urun\/mimariyi-kesfedelim\/"},"modified":"2026-04-16T02:29:46","modified_gmt":"2026-04-15T23:29:46","slug":"mimariyi-kesfedelim","status":"publish","type":"product","link":"https:\/\/roveyayinevi.com.tr\/index.php\/urun\/mimariyi-kesfedelim\/","title":{"rendered":"Mimariyi Ke\u015ffedelim"},"content":{"rendered":"<p>Bir ba\u015flang\u0131\u00e7 kitab\u0131&#8230; G\u00f6kdelenler, katedraller, piramitler, kul\u00fcbeler\u2026 Yap\u0131lar \u00e7ok farkl\u0131 bi\u00e7imlerde ve boylarda gelse de payla\u015ft\u0131klar\u0131 bir \u00f6zellik vard\u0131r. Hepsi bir zamanlar birinin zihninde bir fikir olarak do\u011fmu\u015flard\u0131r.Mimariye giri\u015f niteli\u011findeki bu kitapta, \u00e7evrenizdeki yap\u0131lar\u0131n b\u00f6yle bir fikirden ger\u00e7e\u011fe nas\u0131l d\u00f6n\u00fc\u015ft\u00fcklerini g\u00f6recek ve bunu ba\u015faran yarat\u0131c\u0131 insanlar\u0131 tan\u0131yacaks\u0131n\u0131z. Basit evlerden devasa g\u00f6kdelenlere kadar pek \u00e7ok yap\u0131 hakk\u0131nda ilgin\u00e7 bilgiler edinecek, a\u00e7\u0131klay\u0131c\u0131 resimlerle konular\u0131 kolayca anlayacaks\u0131n\u0131z. <\/p>\n","protected":false},"excerpt":{"rendered":"<p>Bir ba\u015flang\u0131\u00e7 kitab\u0131&#8230; G\u00f6kdelenler, katedraller, piramitler, kul\u00fcbeler\u2026 Yap\u0131lar \u00e7ok farkl\u0131 bi\u00e7imlerde ve boylarda gelse de payla\u015ft\u0131klar\u0131 bir \u00f6zellik vard\u0131r. Hepsi bir zamanlar birinin zihninde bir fikir<span class=\"excerpt-hellip\"> [\u2026]<\/span><\/p>\n","protected":false},"featured_media":0,"template":"","meta":{"_monsterinsights_skip_tracking":false,"_monsterinsights_sitenote_active":false,"_monsterinsights_sitenote_note":"","_monsterinsights_sitenote_category":0},"product_brand":[],"product_cat":[13512,12408],"product_tag":[],"class_list":{"0":"post-721792","1":"product","2":"type-product","3":"status-publish","5":"product_cat-mimarlik","6":"product_cat-sanat","7":"pa_cilt-ciltsiz","8":"pa_tur-kitap","9":"pa_yayinevi-remzi-kitabevi","10":"pa_yazar-eduard-altarriba","12":"first","13":"instock","14":"sale","15":"shipping-taxable","16":"purchasable","17":"product-type-simple"},"_links":{"self":[{"href":"https:\/\/roveyayinevi.com.tr\/index.php\/wp-json\/wp\/v2\/product\/721792","targetHints":{"allow":["GET"]}}],"collection":[{"href":"https:\/\/roveyayinevi.com.tr\/index.php\/wp-json\/wp\/v2\/product"}],"about":[{"href":"https:\/\/roveyayinevi.com.tr\/index.php\/wp-json\/wp\/v2\/types\/product"}],"wp:attachment":[{"href":"https:\/\/roveyayinevi.com.tr\/index.php\/wp-json\/wp\/v2\/media?parent=721792"}],"wp:term":[{"taxonomy":"product_brand","embeddable":true,"href":"https:\/\/roveyayinevi.com.tr\/index.php\/wp-json\/wp\/v2\/product_brand?post=721792"},{"taxonomy":"product_cat","embeddable":true,"href":"https:\/\/roveyayinevi.com.tr\/index.php\/wp-json\/wp\/v2\/product_cat?post=721792"},{"taxonomy":"product_tag","embeddable":true,"href":"https:\/\/roveyayinevi.com.tr\/index.php\/wp-json\/wp\/v2\/product_tag?post=721792"}],"curies":[{"name":"wp","href":"https:\/\/api.w.org\/{rel}","templated":true}]}}