{"id":721791,"date":"2025-08-27T18:54:55","date_gmt":"2025-08-27T15:54:55","guid":{"rendered":"https:\/\/roveyayinevi.com.tr\/index.php\/urun\/kadinin-bedeni-kadinin-bilgeligi\/"},"modified":"2026-04-16T02:29:46","modified_gmt":"2026-04-15T23:29:46","slug":"kadinin-bedeni-kadinin-bilgeligi","status":"publish","type":"product","link":"https:\/\/roveyayinevi.com.tr\/index.php\/urun\/kadinin-bedeni-kadinin-bilgeligi\/","title":{"rendered":"Kad\u0131n\u0131n Bedeni, Kad\u0131n\u0131n Bilgeli\u011fi"},"content":{"rendered":"<p>\u201cBedenine, zihnine ve ruhuna ilgisi olan her kad\u0131n i\u00e7in bir ba\u015fyap\u0131t.\u201d.- Caroline Myss, Ph.D. Ruhun Anatomisi kitab\u0131n\u0131n yazar\u0131Kad\u0131n\u0131n Bedeni, Kad\u0131n\u0131n Bilgeli\u011fi Uluslararas\u0131 \u00e7ok sat\u0131lan kitaplar listesinde zirvesinde kad\u0131n sa\u011fl\u0131\u011f\u0131 \u00fczerine yaz\u0131lm\u0131\u015f en ger\u00e7ek kitap olarak yerini koruyor. D\u00fcnyaca tan\u0131nm\u0131\u015f ve \u00e7ok sevilen kad\u0131n sa\u011fl\u0131\u011f\u0131 uzman\u0131 Dr. Christiane Northrup, bedenimizde iyi ya\u015fayabilme potansiyelimizi maksimum seviyeye \u00e7\u0131karacak son geli\u015fme ve ilerlemeleri bizimle payla\u015f\u0131yor:Cinsellik ve daha tatmin edici bir cinsel ya\u015fam\u0131n yollar\u0131 \u00fczerine yeni y\u00f6ntemler\u0130yile\u015fmenin arkas\u0131nda yatan ruhsal ve bilimsel prensipler ve bu prensipleri kendinizin ve ba\u015fkalar\u0131n\u0131n sa\u011fl\u0131\u011f\u0131 i\u00e7in nas\u0131l kullanabilece\u011finizAdet \u00f6ncesi sendromuna nas\u0131l son verebilece\u011finiz ve \u00e2det sanc\u0131s\u0131n\u0131 dindirmek hakk\u0131nda hayati bilgilerD Vitamini hakk\u0131nda ola\u011fan\u00fcst\u00fc ger\u00e7ekler ve meme, kardiyovask\u00fcler ve ba\u011f\u0131\u015f\u0131kl\u0131k sistemi sa\u011fl\u0131\u011f\u0131 i\u00e7in \u00f6nemli olmas\u0131n\u0131n sebepleriGebelik \u00f6ncesi beslenmenin \u00f6nemi ve do\u011fum anomalisi risklerini geni\u015f \u00f6l\u00e7\u00fcde azaltman\u0131n yollar\u0131G\u00fcn\u00fcm\u00fcz\u00fcn, do\u011fumu yapay yollarla ba\u015flatma ve sezaryen salg\u0131n\u0131na ra\u011fmen, nas\u0131l do\u011fal do\u011fum yapabilece\u011finizTiroid fonksiyonuna ait bilmeniz gereken her \u015fey, uygun kan testleri de dahilB\u00fct\u00fcn kronik dejeneratif hastal\u0131klar\u0131n temel nedeni olan h\u00fccresel enflamasyon hakk\u0131nda hayat kurtaran ger\u00e7ekler ve bu durumu \u00f6nlemenin yollar\u0131\u201cGen\u00e7lik \u00e7e\u015fmesi molek\u00fcl\u00fcn\u00fcn\u201d esaslar\u0131 ve capcanl\u0131 bir sa\u011fl\u0131k i\u00e7in bu molek\u00fcl\u00fcn seviyesini y\u00fckseltmenin yollar\u0131Bir kad\u0131n\u0131n bedeninde sa\u011fl\u0131kl\u0131 hayat s\u00fcrmesi e\u011flenceli hatta co\u015fturucudur! Ve bu herkes i\u00e7in iyi bir haberdir kad\u0131nlar, erkekler ve \u00e7ocuklar\u0131 i\u00e7in.<\/p>\n","protected":false},"excerpt":{"rendered":"<p>\u201cBedenine, zihnine ve ruhuna ilgisi olan her kad\u0131n i\u00e7in bir ba\u015fyap\u0131t.\u201d.- Caroline Myss, Ph.D. Ruhun Anatomisi kitab\u0131n\u0131n yazar\u0131Kad\u0131n\u0131n Bedeni, Kad\u0131n\u0131n Bilgeli\u011fi Uluslararas\u0131 \u00e7ok sat\u0131lan kitaplar listesinde<span class=\"excerpt-hellip\"> [\u2026]<\/span><\/p>\n","protected":false},"featured_media":0,"template":"","meta":{"_monsterinsights_skip_tracking":false,"_monsterinsights_sitenote_active":false,"_monsterinsights_sitenote_note":"","_monsterinsights_sitenote_category":0},"product_brand":[],"product_cat":[12325,12324],"product_tag":[],"class_list":{"0":"post-721791","1":"product","2":"type-product","3":"status-publish","5":"product_cat-diger-sosyoloji","6":"product_cat-sosyoloji","7":"pa_cilt-ciltsiz","8":"pa_tur-kitap","9":"pa_yayinevi-butik-yayinlari","10":"pa_yazar-christiane-northrup","12":"first","13":"instock","14":"sale","15":"shipping-taxable","16":"purchasable","17":"product-type-simple"},"_links":{"self":[{"href":"https:\/\/roveyayinevi.com.tr\/index.php\/wp-json\/wp\/v2\/product\/721791","targetHints":{"allow":["GET"]}}],"collection":[{"href":"https:\/\/roveyayinevi.com.tr\/index.php\/wp-json\/wp\/v2\/product"}],"about":[{"href":"https:\/\/roveyayinevi.com.tr\/index.php\/wp-json\/wp\/v2\/types\/product"}],"wp:attachment":[{"href":"https:\/\/roveyayinevi.com.tr\/index.php\/wp-json\/wp\/v2\/media?parent=721791"}],"wp:term":[{"taxonomy":"product_brand","embeddable":true,"href":"https:\/\/roveyayinevi.com.tr\/index.php\/wp-json\/wp\/v2\/product_brand?post=721791"},{"taxonomy":"product_cat","embeddable":true,"href":"https:\/\/roveyayinevi.com.tr\/index.php\/wp-json\/wp\/v2\/product_cat?post=721791"},{"taxonomy":"product_tag","embeddable":true,"href":"https:\/\/roveyayinevi.com.tr\/index.php\/wp-json\/wp\/v2\/product_tag?post=721791"}],"curies":[{"name":"wp","href":"https:\/\/api.w.org\/{rel}","templated":true}]}}