{"id":721789,"date":"2025-08-27T18:54:54","date_gmt":"2025-08-27T15:54:54","guid":{"rendered":"https:\/\/roveyayinevi.com.tr\/index.php\/urun\/turuncu-huzunler\/"},"modified":"2026-04-16T02:29:46","modified_gmt":"2026-04-15T23:29:46","slug":"turuncu-huzunler","status":"publish","type":"product","link":"https:\/\/roveyayinevi.com.tr\/index.php\/urun\/turuncu-huzunler\/","title":{"rendered":"Turuncu H\u00fcz\u00fcnler"},"content":{"rendered":"<p>I\u015f\u0131klar\u0131 s\u00f6nd\u00fcr\u00fcyor Tanr\u0131. G\u00fcn bat\u0131yor. Turuncu rengiyle \u00e7evren \u00e7izgisine yakla\u015f\u0131yor aheste bulutlar Alabildi\u011fine uykuda deniz. Nedir geride kalan? G\u00fcne\u015fin geride b\u0131rakt\u0131\u011f\u0131 nedir? Y\u00fczeyi sarm\u0131\u015f tomurcuklar m\u0131 soluyor \u015fimdi? Sabahtan y\u0131kanm\u0131\u015f y\u00fczler mi s\u00f6n\u00fcyor? Omuzlara gizlenmi\u015f k\u00fc\u00e7\u00fck yorgunluk kanatlar\u0131 m\u0131 doluyor suya, nedir? \u0130smet Emre <\/p>\n","protected":false},"excerpt":{"rendered":"<p>I\u015f\u0131klar\u0131 s\u00f6nd\u00fcr\u00fcyor Tanr\u0131. G\u00fcn bat\u0131yor. Turuncu rengiyle \u00e7evren \u00e7izgisine yakla\u015f\u0131yor aheste bulutlar Alabildi\u011fine uykuda deniz. Nedir geride kalan? G\u00fcne\u015fin geride b\u0131rakt\u0131\u011f\u0131 nedir? Y\u00fczeyi sarm\u0131\u015f tomurcuklar m\u0131<span class=\"excerpt-hellip\"> [\u2026]<\/span><\/p>\n","protected":false},"featured_media":0,"template":"","meta":{"_monsterinsights_skip_tracking":false,"_monsterinsights_sitenote_active":false,"_monsterinsights_sitenote_note":"","_monsterinsights_sitenote_category":0},"product_brand":[],"product_cat":[12777,12291],"product_tag":[],"class_list":{"0":"post-721789","1":"product","2":"type-product","3":"status-publish","5":"product_cat-deneme","6":"product_cat-edebiyat","7":"pa_cilt-ciltsiz","8":"pa_tur-kitap","9":"pa_yayinevi-karakum-yayinevi","10":"pa_yazar-ismet-emre","12":"first","13":"instock","14":"sale","15":"shipping-taxable","16":"purchasable","17":"product-type-simple"},"_links":{"self":[{"href":"https:\/\/roveyayinevi.com.tr\/index.php\/wp-json\/wp\/v2\/product\/721789","targetHints":{"allow":["GET"]}}],"collection":[{"href":"https:\/\/roveyayinevi.com.tr\/index.php\/wp-json\/wp\/v2\/product"}],"about":[{"href":"https:\/\/roveyayinevi.com.tr\/index.php\/wp-json\/wp\/v2\/types\/product"}],"wp:attachment":[{"href":"https:\/\/roveyayinevi.com.tr\/index.php\/wp-json\/wp\/v2\/media?parent=721789"}],"wp:term":[{"taxonomy":"product_brand","embeddable":true,"href":"https:\/\/roveyayinevi.com.tr\/index.php\/wp-json\/wp\/v2\/product_brand?post=721789"},{"taxonomy":"product_cat","embeddable":true,"href":"https:\/\/roveyayinevi.com.tr\/index.php\/wp-json\/wp\/v2\/product_cat?post=721789"},{"taxonomy":"product_tag","embeddable":true,"href":"https:\/\/roveyayinevi.com.tr\/index.php\/wp-json\/wp\/v2\/product_tag?post=721789"}],"curies":[{"name":"wp","href":"https:\/\/api.w.org\/{rel}","templated":true}]}}