{"id":721788,"date":"2025-08-27T18:54:53","date_gmt":"2025-08-27T15:54:53","guid":{"rendered":"https:\/\/roveyayinevi.com.tr\/index.php\/urun\/bilinc-6ini-asmak\/"},"modified":"2026-04-16T02:29:45","modified_gmt":"2026-04-15T23:29:45","slug":"bilinc-6ini-asmak","status":"publish","type":"product","link":"https:\/\/roveyayinevi.com.tr\/index.php\/urun\/bilinc-6ini-asmak\/","title":{"rendered":"Bilin\u00e7 6&#8217;\u0131n\u0131 A\u015fmak"},"content":{"rendered":"<p>Uzm. Klinik Psikolog Hilal Doymu\u015f ilk kitab\u0131yla bulu\u015fuyor okurlarla\u2026 Bilin\u00e76\u2019n\u0131 A\u015fmakBu kitapta, psikoterapiye gelen ve \u00e7ocukluk ya\u015fant\u0131lar\u0131n\u0131n etkilerinden \u00f6t\u00fcr\u00fc bug\u00fcn s\u0131k\u0131nt\u0131 \u00e7eken on bir ki\u015finin \u00f6yk\u00fcs\u00fc var. Pek \u00e7ok hasta aras\u0131ndan \u00f6zellikle bu on bir ki\u015fiyi se\u00e7tim. \u00c7\u00fcnk\u00fc hepsinin asl\u0131nda sizin gibi benim gibi hayatlar\u0131 var. \u0130\u015flerini, aile ya\u015fant\u0131lar\u0131n\u0131, sosyal hayatlar\u0131n\u0131, ili\u015fkilerini devam ettirebiliyorlar. A\u011f\u0131r psikiyatrik bozukluklar\u0131 yok. Birka\u00e7\u0131 d\u0131\u015f\u0131ndakiler her g\u00fcn kendimizde ya da yak\u0131nlar\u0131m\u0131zda g\u00f6rmeye al\u0131\u015fk\u0131n oldu\u011fumuz sorunlar\u0131 ya\u015f\u0131yorlar.Hilal Doymu\u015f kendi tecr\u00fcbelerinden yola \u00e7\u0131karak anlatt\u0131\u011f\u0131 \u00f6yk\u00fclerde bilin\u00e7alt\u0131n\u0131n en derinlerine iniyor. \u00c7ocukluk ya\u015fant\u0131lar\u0131ndankaynaklanan sorunlar\u0131n, bir yeti\u015fkinin hayat\u0131nda nelere etki edebilece\u011fini \u00f6rneklerle sunuyor.Elma Yay\u0131nevinden yepyeni bir kitap daha\u2026 Keyifli Okumalar\u2026<\/p>\n","protected":false},"excerpt":{"rendered":"<p>Uzm. Klinik Psikolog Hilal Doymu\u015f ilk kitab\u0131yla bulu\u015fuyor okurlarla\u2026 Bilin\u00e76\u2019n\u0131 A\u015fmakBu kitapta, psikoterapiye gelen ve \u00e7ocukluk ya\u015fant\u0131lar\u0131n\u0131n etkilerinden \u00f6t\u00fcr\u00fc bug\u00fcn s\u0131k\u0131nt\u0131 \u00e7eken on bir ki\u015finin \u00f6yk\u00fcs\u00fc<span class=\"excerpt-hellip\"> [\u2026]<\/span><\/p>\n","protected":false},"featured_media":0,"template":"","meta":{"_monsterinsights_skip_tracking":false,"_monsterinsights_sitenote_active":false,"_monsterinsights_sitenote_note":"","_monsterinsights_sitenote_category":0},"product_brand":[],"product_cat":[20502,12357],"product_tag":[],"class_list":{"0":"post-721788","1":"product","2":"type-product","3":"status-publish","5":"product_cat-basvuru-kitaplari-psikoloji","6":"product_cat-psikoloji","7":"pa_cilt-ciltsiz","8":"pa_tur-kitap","9":"pa_yayinevi-elma-yayinevi","10":"pa_yazar-hilal-doymus","12":"first","13":"instock","14":"sale","15":"shipping-taxable","16":"purchasable","17":"product-type-simple"},"_links":{"self":[{"href":"https:\/\/roveyayinevi.com.tr\/index.php\/wp-json\/wp\/v2\/product\/721788","targetHints":{"allow":["GET"]}}],"collection":[{"href":"https:\/\/roveyayinevi.com.tr\/index.php\/wp-json\/wp\/v2\/product"}],"about":[{"href":"https:\/\/roveyayinevi.com.tr\/index.php\/wp-json\/wp\/v2\/types\/product"}],"wp:attachment":[{"href":"https:\/\/roveyayinevi.com.tr\/index.php\/wp-json\/wp\/v2\/media?parent=721788"}],"wp:term":[{"taxonomy":"product_brand","embeddable":true,"href":"https:\/\/roveyayinevi.com.tr\/index.php\/wp-json\/wp\/v2\/product_brand?post=721788"},{"taxonomy":"product_cat","embeddable":true,"href":"https:\/\/roveyayinevi.com.tr\/index.php\/wp-json\/wp\/v2\/product_cat?post=721788"},{"taxonomy":"product_tag","embeddable":true,"href":"https:\/\/roveyayinevi.com.tr\/index.php\/wp-json\/wp\/v2\/product_tag?post=721788"}],"curies":[{"name":"wp","href":"https:\/\/api.w.org\/{rel}","templated":true}]}}