{"id":721787,"date":"2025-08-27T18:54:53","date_gmt":"2025-08-27T15:54:53","guid":{"rendered":"https:\/\/roveyayinevi.com.tr\/index.php\/urun\/one-punch-man-15\/"},"modified":"2026-04-16T02:29:45","modified_gmt":"2026-04-15T23:29:45","slug":"one-punch-man-15","status":"publish","type":"product","link":"https:\/\/roveyayinevi.com.tr\/index.php\/urun\/one-punch-man-15\/","title":{"rendered":"One Punch Man 15"},"content":{"rendered":"<p>Kar\u015f\u0131na \u00e7\u0131kan herkesin i\u015fini tek bir yumrukla bitiriyorsan hayat son derece s\u0131k\u0131c\u0131 bir \u015fey haline gelebilir. Bir d\u00f6v\u00fc\u015f sanat\u0131 turnuvas\u0131n\u0131 geride b\u0131rak\u0131p Canavarlar Birli\u011fi\u2019nin istila giri\u015fimini bo\u015fa \u00e7\u0131karmas\u0131n\u0131n \u00fczerinden hen\u00fcz \u00e7ok k\u0131sa bir s\u00fcre ge\u00e7mesine ra\u011fmen Saitama h\u00e2l\u00e2 \u00f6ylesine g\u00fc\u00e7l\u00fc ki kendisini bo\u015flukta hissediyor. Kral ona bir kahraman\u0131n nas\u0131l ya\u015famas\u0131 gerekti\u011fini anlat\u0131yor ama bu da i\u015fe yarayacak gibi de\u011fil. Bu arada, Canavarlar Birli\u011fi\u2019nden birileri Sonic\u2019in pe\u015fine d\u00fc\u015fm\u00fc\u015f durumda\u2026<\/p>\n","protected":false},"excerpt":{"rendered":"<p>Kar\u015f\u0131na \u00e7\u0131kan herkesin i\u015fini tek bir yumrukla bitiriyorsan hayat son derece s\u0131k\u0131c\u0131 bir \u015fey haline gelebilir. Bir d\u00f6v\u00fc\u015f sanat\u0131 turnuvas\u0131n\u0131 geride b\u0131rak\u0131p Canavarlar Birli\u011fi\u2019nin istila giri\u015fimini<span class=\"excerpt-hellip\"> [\u2026]<\/span><\/p>\n","protected":false},"featured_media":0,"template":"","meta":{"_monsterinsights_skip_tracking":false,"_monsterinsights_sitenote_active":false,"_monsterinsights_sitenote_note":"","_monsterinsights_sitenote_category":0},"product_brand":[],"product_cat":[12416,12291],"product_tag":[],"class_list":{"0":"post-721787","1":"product","2":"type-product","3":"status-publish","5":"product_cat-cizgi-roman","6":"product_cat-edebiyat","7":"pa_cilt-ciltsiz","8":"pa_tur-kitap","9":"pa_yayinevi-akil-celen-kitaplar","10":"pa_yazar-yusuke-murata","12":"first","13":"instock","14":"sale","15":"shipping-taxable","16":"purchasable","17":"product-type-simple"},"_links":{"self":[{"href":"https:\/\/roveyayinevi.com.tr\/index.php\/wp-json\/wp\/v2\/product\/721787","targetHints":{"allow":["GET"]}}],"collection":[{"href":"https:\/\/roveyayinevi.com.tr\/index.php\/wp-json\/wp\/v2\/product"}],"about":[{"href":"https:\/\/roveyayinevi.com.tr\/index.php\/wp-json\/wp\/v2\/types\/product"}],"wp:attachment":[{"href":"https:\/\/roveyayinevi.com.tr\/index.php\/wp-json\/wp\/v2\/media?parent=721787"}],"wp:term":[{"taxonomy":"product_brand","embeddable":true,"href":"https:\/\/roveyayinevi.com.tr\/index.php\/wp-json\/wp\/v2\/product_brand?post=721787"},{"taxonomy":"product_cat","embeddable":true,"href":"https:\/\/roveyayinevi.com.tr\/index.php\/wp-json\/wp\/v2\/product_cat?post=721787"},{"taxonomy":"product_tag","embeddable":true,"href":"https:\/\/roveyayinevi.com.tr\/index.php\/wp-json\/wp\/v2\/product_tag?post=721787"}],"curies":[{"name":"wp","href":"https:\/\/api.w.org\/{rel}","templated":true}]}}