{"id":721786,"date":"2025-08-27T18:54:52","date_gmt":"2025-08-27T15:54:52","guid":{"rendered":"https:\/\/roveyayinevi.com.tr\/index.php\/urun\/deryalar-sultani-barbaros-hayrettin-pasa-romani\/"},"modified":"2026-04-16T02:29:45","modified_gmt":"2026-04-15T23:29:45","slug":"deryalar-sultani-barbaros-hayrettin-pasa-romani","status":"publish","type":"product","link":"https:\/\/roveyayinevi.com.tr\/index.php\/urun\/deryalar-sultani-barbaros-hayrettin-pasa-romani\/","title":{"rendered":"Deryalar Sultan\u0131 Barbaros Hayrettin Pa\u015fa Roman\u0131"},"content":{"rendered":"<p>Turgut G\u00fcler\u2019in, Gazav\u00e2t-\u0131 Hayreddin Pa\u015fa\u2019y\u0131 esas alarak yazd\u0131\u011f\u0131 Dery\u00e2lar Sult\u00e2n\u0131, denizlerde T\u00fcrk satvet ve h\u00e2kimiyetinin kuruldu\u011fu 16. asr\u0131n pek \u00e7ok b\u00fcy\u00fck adam\u0131ndan birinin, karalar\u0131 demir ku\u015fakl\u0131 cihan pehlivanlar\u0131yla tutan Osmanl\u0131-T\u00fcrk Cih\u00e2n Devleti\u2019nin Akdeniz sular\u0131n\u0131 ve k\u0131y\u0131lar\u0131n\u0131 onun eliyle boydan boya kavrad\u0131\u011f\u0131 b\u00fcy\u00fck kahraman\u0131m\u0131z H\u0131z\u0131r Hayreddin Pa\u015fa\u2019n\u0131n roman\u0131d\u0131r. \u201cBiz T\u00fcrk dery\u00e2 erlerine, bo\u015funa \u2018Hayredd\u00eenli\u2019 denmemi\u015ftir. Bizim serd\u00e2r\u0131m\u0131z, bir ulu\u011f T\u00fcrk\u2019t\u00fcr ki, onun yolda\u015flar\u0131na m\u00e2l\u00fbm olan ker\u00e2metlerini, vel\u00e2yetlerini saymak imk\u00e2n\u0131 yoktur. All\u00e2h, tuttu\u011fu her i\u015fi nusreti ile donats\u0131n ve dah\u00ee \u00e2s\u00e2n eylesin, herkesin mel\u00fbl ve m\u00fckedder oldu\u011fu o demde, Hayredd\u00een Pa\u015fa\u2019n\u0131n cem\u00e2linde en k\u00fc\u00e7\u00fck bir keder izi g\u00f6r\u00fcnmedi. Sanki, ters r\u00fczg\u00e2r k\u00e2firin y\u00fcz\u00fcne esermi\u015f gibi, kendini tam\u00e2men All\u00e2h\u2019a hav\u00e2le etmi\u015f, k\u00e2fir donanmas\u0131na kar\u015f\u0131 gidi\u015fini, hi\u00e7 kesmeden s\u00fcrd\u00fcr\u00fcyordu. Bir ara, ba\u015ftardas\u0131n\u0131n g\u00fcvertesinden i\u00e7eriye girdi ve k\u0131sa bir m\u00fcddet orada kald\u0131. Bil\u00e2hare, yeniden g\u00fcverteye geldi. Elinde iki k\u00e2\u011f\u0131t par\u00e7as\u0131 vard\u0131. Kel\u00e2m-\u0131 Kad\u00eem ve Furk\u00e2n-\u0131 Az\u00eem\u2019den iki \u00e2yet-i ker\u00eeme yaz\u0131l\u0131 olan bu k\u00e2\u011f\u0131tlar\u0131, kendi m\u00fcb\u00e2rek elleri ile, ba\u015ftardas\u0131n\u0131n iki taraf\u0131ndan dery\u00e2ya b\u0131rakt\u0131. O s\u00e2niyede, All\u00e2h\u2019\u0131n izni ve yard\u0131m\u0131 ile, o ters esen r\u00fczg\u00e2r birden kesiliverdi. Bu kesili\u015f, \u00f6yle yava\u015f yava\u015f, tedr\u00eec\u00ee de\u011fil, birdenbire ve b\u0131\u00e7akla kopar\u0131lm\u0131\u015f gibi cerey\u00e2n etti. Biraz evvel, arkalar\u0131na ald\u0131klar\u0131 r\u00fczg\u00e2r ile T\u00fcrk gemilerinin \u00fcst\u00fcne y\u00fcr\u00fcmekte olan k\u00e2fir karaka, kalyon, kad\u0131rga ve bar\u00e7alar\u0131, yerlerinde durup kald\u0131lar, g\u00fby\u00e2 kad\u00eed oldular. Hava, birden \u00f6yle limanl\u0131k oldu ki, az evvelki Cehennem\u00ee zam\u00e2n ya\u015fanmam\u0131\u015f, bu dery\u00e2 \u00fcst\u00fcnde, ebediyyen r\u00fczg\u00e2r esmemi\u015f san\u0131rs\u0131n. Dery\u00e2, derin bir uykuya dalm\u0131\u015f gibiydi. Sanki, sular donmu\u015f, karaya d\u00f6nm\u00fc\u015ft\u00fc. Vey\u00e2h\u00fbd, dery\u00e2n\u0131n sular\u0131, eskiden beri asl\u00e2 hareket etmezdi. Ne bileyim, \u00fcst\u00fcnde iki rak\u00eeb donanman\u0131n y\u00fczmekte oldu\u011fu bu sular\u0131n, hareket etmek ve dalgalanmak \u00e2deti yok olup gitmi\u015ftiDalgalanmak, art\u0131k dery\u00e2n\u0131n \u015f\u00e2n\u0131 olmaktan \u00e7\u0131km\u0131\u015ft\u0131. \u015eimdi, bunlar\u0131 g\u00f6zleriyle g\u00f6r\u00fcp ya\u015fayan bu kemter Seyyid Mur\u00e2d\u00ee bendeniz, g\u00f6\u011fs\u00fcn\u00fc gere gere kendisine \u2018Hayredd\u00eenli\u2019 demekte yerden g\u00f6\u011fe kadar hakl\u0131 de\u011fil mi?\u201d   \u201cDeniz \u00fcst\u00fcnde y\u00fcr\u00fcr\u00fcz! D\u00fc\u015fman\u0131 arar buluruz! \u00d6c\u00fcm\u00fcz komaz al\u0131r\u0131z Bize Hayredd\u00eenli derler!..\u201d <\/p>\n","protected":false},"excerpt":{"rendered":"<p>Turgut G\u00fcler\u2019in, Gazav\u00e2t-\u0131 Hayreddin Pa\u015fa\u2019y\u0131 esas alarak yazd\u0131\u011f\u0131 Dery\u00e2lar Sult\u00e2n\u0131, denizlerde T\u00fcrk satvet ve h\u00e2kimiyetinin kuruldu\u011fu 16. asr\u0131n pek \u00e7ok b\u00fcy\u00fck adam\u0131ndan birinin, karalar\u0131 demir ku\u015fakl\u0131<span class=\"excerpt-hellip\"> [\u2026]<\/span><\/p>\n","protected":false},"featured_media":0,"template":"","meta":{"_monsterinsights_skip_tracking":false,"_monsterinsights_sitenote_active":false,"_monsterinsights_sitenote_note":"","_monsterinsights_sitenote_category":0},"product_brand":[],"product_cat":[12291,12745],"product_tag":[],"class_list":{"0":"post-721786","1":"product","2":"type-product","3":"status-publish","5":"product_cat-edebiyat","6":"product_cat-tarihi-roman","7":"pa_cilt-ciltli","8":"pa_tur-kitap","9":"pa_yayinevi-otuken-nesriyat","10":"pa_yazar-turgut-guler","12":"first","13":"instock","14":"sale","15":"shipping-taxable","16":"purchasable","17":"product-type-simple"},"_links":{"self":[{"href":"https:\/\/roveyayinevi.com.tr\/index.php\/wp-json\/wp\/v2\/product\/721786","targetHints":{"allow":["GET"]}}],"collection":[{"href":"https:\/\/roveyayinevi.com.tr\/index.php\/wp-json\/wp\/v2\/product"}],"about":[{"href":"https:\/\/roveyayinevi.com.tr\/index.php\/wp-json\/wp\/v2\/types\/product"}],"wp:attachment":[{"href":"https:\/\/roveyayinevi.com.tr\/index.php\/wp-json\/wp\/v2\/media?parent=721786"}],"wp:term":[{"taxonomy":"product_brand","embeddable":true,"href":"https:\/\/roveyayinevi.com.tr\/index.php\/wp-json\/wp\/v2\/product_brand?post=721786"},{"taxonomy":"product_cat","embeddable":true,"href":"https:\/\/roveyayinevi.com.tr\/index.php\/wp-json\/wp\/v2\/product_cat?post=721786"},{"taxonomy":"product_tag","embeddable":true,"href":"https:\/\/roveyayinevi.com.tr\/index.php\/wp-json\/wp\/v2\/product_tag?post=721786"}],"curies":[{"name":"wp","href":"https:\/\/api.w.org\/{rel}","templated":true}]}}