{"id":721785,"date":"2025-08-27T18:54:51","date_gmt":"2025-08-27T15:54:51","guid":{"rendered":"https:\/\/roveyayinevi.com.tr\/index.php\/urun\/gelistiren-buyukanne-egiten-buyukbaba\/"},"modified":"2026-04-16T02:29:45","modified_gmt":"2026-04-15T23:29:45","slug":"gelistiren-buyukanne-egiten-buyukbaba","status":"publish","type":"product","link":"https:\/\/roveyayinevi.com.tr\/index.php\/urun\/gelistiren-buyukanne-egiten-buyukbaba\/","title":{"rendered":"Geli\u015ftiren B\u00fcy\u00fckanne E\u011fiten B\u00fcy\u00fckbaba"},"content":{"rendered":"<p>G\u00fcn\u00fcm\u00fczde anne babalar ve b\u00fcy\u00fckanne b\u00fcy\u00fckbabalar \u00e7ocuklar\u0131n\u0131n, torunlar\u0131n\u0131n emrine amade, her an onlara \u201cNe istediklerini\u201d soruyorlar. \u00c7ocuklara bir an s\u0131k\u0131lma olana\u011f\u0131 dahi vermeden alternatifler sunuyorlar. \u00c7ocuklar\u0131n arzular\u0131 anne babalar\u0131n ve b\u00fcy\u00fck ebeveynlerin davran\u0131\u015flar\u0131n\u0131n k\u0131lavuzu haline geliyor.\u00c7ocuk i\u00e7in ihtiya\u00e7 ile can\u0131 istemek aras\u0131ndaki ayr\u0131m da bu durumda daha olu\u015furken zedeleniyor. Oysa \u00e7ocuklar\u0131n hangi durumda neye \u00f6ncelik vermesi gerekti\u011fini \u00f6\u011frenecek yol g\u00f6stericili\u011fe, haz duygusunu erteleyebilmeye ihtiya\u00e7lar\u0131 vard\u0131r.Biz b\u00fcy\u00fckannelerin b\u00fcy\u00fckbabalar\u0131n ve anne babalar\u0131n sorumlulu\u011fu \u00e7ocuklara sorunlar\u0131 tan\u0131mlay\u0131p \u00e7\u00f6zmeleri i\u00e7in zaman vermek, ba\u015fkalar\u0131n\u0131n duygu ve d\u00fc\u015f\u00fcncelerini anlayabilmek becerilerini desteklemek, sebat ve kolay vazge\u00e7meme gibi \u00f6nemli becerileri \u00f6\u011frenmeleri i\u00e7in d\u00fc\u015f\u00fcnceli davranmakt\u0131r.Bu kitapta bu konuya dair yakla\u015f\u0131mlar bulacaks\u0131n\u0131z. Torununuzla ili\u015fkilerinize katk\u0131 sunmas\u0131 dile\u011fimizle\u2026 <\/p>\n","protected":false},"excerpt":{"rendered":"<p>G\u00fcn\u00fcm\u00fczde anne babalar ve b\u00fcy\u00fckanne b\u00fcy\u00fckbabalar \u00e7ocuklar\u0131n\u0131n, torunlar\u0131n\u0131n emrine amade, her an onlara \u201cNe istediklerini\u201d soruyorlar. \u00c7ocuklara bir an s\u0131k\u0131lma olana\u011f\u0131 dahi vermeden alternatifler sunuyorlar. \u00c7ocuklar\u0131n<span class=\"excerpt-hellip\"> [\u2026]<\/span><\/p>\n","protected":false},"featured_media":0,"template":"","meta":{"_monsterinsights_skip_tracking":false,"_monsterinsights_sitenote_active":false,"_monsterinsights_sitenote_note":"","_monsterinsights_sitenote_category":0},"product_brand":[],"product_cat":[17996,12364],"product_tag":[],"class_list":{"0":"post-721785","1":"product","2":"type-product","3":"status-publish","5":"product_cat-ebeveyn-kitaplari","6":"product_cat-genel-konular","7":"pa_cilt-ciltsiz","8":"pa_tur-kitap","9":"pa_yayinevi-egiten-kitap","10":"pa_yazar-aycil-h-fethan","12":"first","13":"instock","14":"sale","15":"shipping-taxable","16":"purchasable","17":"product-type-simple"},"_links":{"self":[{"href":"https:\/\/roveyayinevi.com.tr\/index.php\/wp-json\/wp\/v2\/product\/721785","targetHints":{"allow":["GET"]}}],"collection":[{"href":"https:\/\/roveyayinevi.com.tr\/index.php\/wp-json\/wp\/v2\/product"}],"about":[{"href":"https:\/\/roveyayinevi.com.tr\/index.php\/wp-json\/wp\/v2\/types\/product"}],"wp:attachment":[{"href":"https:\/\/roveyayinevi.com.tr\/index.php\/wp-json\/wp\/v2\/media?parent=721785"}],"wp:term":[{"taxonomy":"product_brand","embeddable":true,"href":"https:\/\/roveyayinevi.com.tr\/index.php\/wp-json\/wp\/v2\/product_brand?post=721785"},{"taxonomy":"product_cat","embeddable":true,"href":"https:\/\/roveyayinevi.com.tr\/index.php\/wp-json\/wp\/v2\/product_cat?post=721785"},{"taxonomy":"product_tag","embeddable":true,"href":"https:\/\/roveyayinevi.com.tr\/index.php\/wp-json\/wp\/v2\/product_tag?post=721785"}],"curies":[{"name":"wp","href":"https:\/\/api.w.org\/{rel}","templated":true}]}}