{"id":721779,"date":"2025-08-27T18:54:46","date_gmt":"2025-08-27T15:54:46","guid":{"rendered":"https:\/\/roveyayinevi.com.tr\/index.php\/urun\/golgeler-cekildiginde\/"},"modified":"2025-12-30T10:27:35","modified_gmt":"2025-12-30T07:27:35","slug":"golgeler-cekildiginde","status":"publish","type":"product","link":"https:\/\/roveyayinevi.com.tr\/index.php\/urun\/golgeler-cekildiginde\/","title":{"rendered":"G\u00f6lgeler \u00c7ekildi\u011finde"},"content":{"rendered":"<p>Bir sisle \u00e7evrelenmi\u015f her \u015fey nihayetinde g\u00f6r\u00fcn\u00fcr olur, i\u015fte o zaman hakikatin, e\u015fyan\u0131n ve insan\u0131n ger\u00e7ek bilgisine ula\u015fabiliriz. B\u00fcy\u00fck \u00e7abalar\u0131n, b\u00fcy\u00fck bekleyi\u015flerin ard\u0131ndan. Hayat\u0131n labirentlerinde defalarca turlad\u0131ktan ve g\u00f6lgelerin \u00e7ekilmesini bekledikten sonra\u2026   Cahide Birg\u00fcl ilk roman\u0131 G\u00f6lgeler \u00c7ekildi\u011finde\u2019yi yazd\u0131\u011f\u0131nda edebiyat camias\u0131nda b\u00fcy\u00fck yank\u0131 uyand\u0131rm\u0131\u015ft\u0131. \u0130\u015flemeyi se\u00e7ti\u011fi temalar; insan\u0131n bitimsiz yaln\u0131zl\u0131\u011f\u0131n\u0131, kasveti, ruhun derinliklerinde gizlenenleri anlatmaktaki mahareti, polisiye unsurlar\u0131n s\u00fcr\u00fckleyicili\u011fini kurguya yedirmedeki ba\u015far\u0131s\u0131, t\u00fcm bunlar\u0131n \u00f6tesinde, okuru hi\u00e7bir karakterle \u00f6zde\u015fle\u015ftirmeyen, ger\u00e7e\u011fin \u00fczerindeki o \u00f6rt\u00fcy\u00fc \u00e7ekip her \u015feyi olan \u00e7\u0131plakl\u0131\u011f\u0131yla g\u00f6sterme becerisi sayesinde\u2026   G\u00f6lgeler \u00c7ekildi\u011finde, hasta ve yaln\u0131z babas\u0131yla ya\u015fayan Esin\u2019in ans\u0131z\u0131n \u00e7\u0131k\u0131p gelen bir misafirle hayat\u0131n\u0131n alt\u00fcst olu\u015funu anlat\u0131r. Bu davetsiz misafir Esin\u2019in hayat\u0131na yava\u015f yava\u015f s\u0131zarken, Esin\u2019in ge\u00e7mi\u015fi kendi hayaletleriyle y\u00fczle\u015fir. Birg\u00fcl, okurun ensesinde daimi bir \u00fcrperti olu\u015fturur, tekinsizlik onun roman\u0131n\u0131n ba\u015fkahraman\u0131d\u0131r. \u0130nsan\u0131n yaln\u0131zl\u0131\u011f\u0131n\u0131n, en derin travmalar\u0131n, s\u0131\u011f\u0131n\u0131lm\u0131\u015f evlerin, m\u00fch\u00fcrl\u00fc ili\u015fkilerin pe\u015fine d\u00fc\u015fmek elbette cesaret i\u015fidir. Cahide Birg\u00fcl, c\u00fcretin kalemidir.   T\u00fcm ger\u00e7ekli\u011fin g\u00f6lgelerle gizlenmeye devam etti\u011fi bir d\u00f6nemde T\u00fcrk edebiyat\u0131n\u0131n bu \u00f6nemli ismini yeniden okurla bulu\u015fturman\u0131n k\u0131vanc\u0131n\u0131 ya\u015f\u0131yoruz. Y\u0131ld\u0131r\u0131m T\u00fcrker\u2019in sunu\u015f yaz\u0131s\u0131yla, yeniden, G\u00f6lgeler \u00c7ekildi\u011finde\u2026 <\/p>\n","protected":false},"excerpt":{"rendered":"<p>Bir sisle \u00e7evrelenmi\u015f her \u015fey nihayetinde g\u00f6r\u00fcn\u00fcr olur, i\u015fte o zaman hakikatin, e\u015fyan\u0131n ve insan\u0131n ger\u00e7ek bilgisine ula\u015fabiliriz. B\u00fcy\u00fck \u00e7abalar\u0131n, b\u00fcy\u00fck bekleyi\u015flerin ard\u0131ndan. Hayat\u0131n labirentlerinde defalarca<span class=\"excerpt-hellip\"> [\u2026]<\/span><\/p>\n","protected":false},"featured_media":0,"template":"","meta":{"_monsterinsights_skip_tracking":false,"_monsterinsights_sitenote_active":false,"_monsterinsights_sitenote_note":"","_monsterinsights_sitenote_category":0},"product_brand":[],"product_cat":[12291,12711],"product_tag":[],"class_list":{"0":"post-721779","1":"product","2":"type-product","3":"status-publish","5":"product_cat-edebiyat","6":"product_cat-roman-oyku","7":"pa_cilt-ciltsiz","8":"pa_tur-kitap","9":"pa_yayinevi-kafka-yayinevi","10":"pa_yazar-cahide-birgul","12":"first","13":"instock","14":"sale","15":"shipping-taxable","16":"purchasable","17":"product-type-simple"},"_links":{"self":[{"href":"https:\/\/roveyayinevi.com.tr\/index.php\/wp-json\/wp\/v2\/product\/721779","targetHints":{"allow":["GET"]}}],"collection":[{"href":"https:\/\/roveyayinevi.com.tr\/index.php\/wp-json\/wp\/v2\/product"}],"about":[{"href":"https:\/\/roveyayinevi.com.tr\/index.php\/wp-json\/wp\/v2\/types\/product"}],"wp:attachment":[{"href":"https:\/\/roveyayinevi.com.tr\/index.php\/wp-json\/wp\/v2\/media?parent=721779"}],"wp:term":[{"taxonomy":"product_brand","embeddable":true,"href":"https:\/\/roveyayinevi.com.tr\/index.php\/wp-json\/wp\/v2\/product_brand?post=721779"},{"taxonomy":"product_cat","embeddable":true,"href":"https:\/\/roveyayinevi.com.tr\/index.php\/wp-json\/wp\/v2\/product_cat?post=721779"},{"taxonomy":"product_tag","embeddable":true,"href":"https:\/\/roveyayinevi.com.tr\/index.php\/wp-json\/wp\/v2\/product_tag?post=721779"}],"curies":[{"name":"wp","href":"https:\/\/api.w.org\/{rel}","templated":true}]}}