{"id":721778,"date":"2025-08-27T18:54:46","date_gmt":"2025-08-27T15:54:46","guid":{"rendered":"https:\/\/roveyayinevi.com.tr\/index.php\/urun\/kayirmacilik-temelli-iliskilerin-futboldaki-gorunumu\/"},"modified":"2026-04-16T02:29:45","modified_gmt":"2026-04-15T23:29:45","slug":"kayirmacilik-temelli-iliskilerin-futboldaki-gorunumu","status":"publish","type":"product","link":"https:\/\/roveyayinevi.com.tr\/index.php\/urun\/kayirmacilik-temelli-iliskilerin-futboldaki-gorunumu\/","title":{"rendered":"Kay\u0131rmac\u0131l\u0131k Temelli \u0130li\u015fkilerin Futboldaki G\u00f6r\u00fcn\u00fcm\u00fc"},"content":{"rendered":"<p>Bu \u00e7al\u0131\u015fma iki temel soruya cevap aramaktad\u0131r. Bunlardan ilki, hakemler kay\u0131rmac\u0131l\u0131k temelli davran\u0131r m\u0131, e\u011fer davran\u0131rsa bunu hangi gerek\u00e7elerle, hangi t\u00fcrlerde ve hangi boyutlarda yapar? Bir di\u011feri ise futbolun y\u00f6netim organ\u0131 T\u00fcrkiye Futbol Federasyonu- Merkez Hakem Kurulu (TFF-MHK) hakem atamalar\u0131nda ve y\u00fckselmelerinde kay\u0131rmac\u0131 anlay\u0131\u015f benimser mi, e\u011fer benimserse bunu hangi gerek\u00e7elerle, hangi t\u00fcrlerde ve hangi boyutlarda yapar?Bu temel iki soruya yan\u0131t aramak bizi, destek bir tak\u0131m ara\u015ft\u0131rma sorular\u0131na y\u00f6nlendirmektedir: \u00dclkemizdeki futbol k\u00fclt\u00fcr\u00fc hakemler \u00fczerinde nas\u0131l bir bask\u0131 olu\u015fturmaktad\u0131r? bu bask\u0131 unsurlar\u0131 hakemlerin kay\u0131rma edimlerini nas\u0131l \u015fekillendirmektedir? K\u00fclt\u00fcrel yap\u0131m\u0131z ile futboldaki kay\u0131rmac\u0131l\u0131k aras\u0131nda nas\u0131l bir ba\u011f vard\u0131r? Kay\u0131rmac\u0131l\u0131k temelli fiilerin sonu\u00e7lar\u0131 futbola nas\u0131l yans\u0131maktad\u0131r? Son olarak futboldaki kay\u0131rmac\u0131l\u0131k nas\u0131l azalt\u0131labilir? <\/p>\n","protected":false},"excerpt":{"rendered":"<p>Bu \u00e7al\u0131\u015fma iki temel soruya cevap aramaktad\u0131r. Bunlardan ilki, hakemler kay\u0131rmac\u0131l\u0131k temelli davran\u0131r m\u0131, e\u011fer davran\u0131rsa bunu hangi gerek\u00e7elerle, hangi t\u00fcrlerde ve hangi boyutlarda yapar? Bir<span class=\"excerpt-hellip\"> [\u2026]<\/span><\/p>\n","protected":false},"featured_media":0,"template":"","meta":{"_monsterinsights_skip_tracking":false,"_monsterinsights_sitenote_active":false,"_monsterinsights_sitenote_note":"","_monsterinsights_sitenote_category":0},"product_brand":[],"product_cat":[15563,15564],"product_tag":[],"class_list":{"0":"post-721778","1":"product","2":"type-product","3":"status-publish","5":"product_cat-hobi","6":"product_cat-spor","7":"pa_cilt-ciltsiz","8":"pa_tur-kitap","9":"pa_yayinevi-gazi-kitabevi","10":"pa_yazar-irem-kavasoglu","12":"first","13":"instock","14":"sale","15":"shipping-taxable","16":"purchasable","17":"product-type-simple"},"_links":{"self":[{"href":"https:\/\/roveyayinevi.com.tr\/index.php\/wp-json\/wp\/v2\/product\/721778","targetHints":{"allow":["GET"]}}],"collection":[{"href":"https:\/\/roveyayinevi.com.tr\/index.php\/wp-json\/wp\/v2\/product"}],"about":[{"href":"https:\/\/roveyayinevi.com.tr\/index.php\/wp-json\/wp\/v2\/types\/product"}],"wp:attachment":[{"href":"https:\/\/roveyayinevi.com.tr\/index.php\/wp-json\/wp\/v2\/media?parent=721778"}],"wp:term":[{"taxonomy":"product_brand","embeddable":true,"href":"https:\/\/roveyayinevi.com.tr\/index.php\/wp-json\/wp\/v2\/product_brand?post=721778"},{"taxonomy":"product_cat","embeddable":true,"href":"https:\/\/roveyayinevi.com.tr\/index.php\/wp-json\/wp\/v2\/product_cat?post=721778"},{"taxonomy":"product_tag","embeddable":true,"href":"https:\/\/roveyayinevi.com.tr\/index.php\/wp-json\/wp\/v2\/product_tag?post=721778"}],"curies":[{"name":"wp","href":"https:\/\/api.w.org\/{rel}","templated":true}]}}