{"id":721777,"date":"2025-08-27T18:54:45","date_gmt":"2025-08-27T15:54:45","guid":{"rendered":"https:\/\/roveyayinevi.com.tr\/index.php\/urun\/kar-kokusu\/"},"modified":"2026-04-16T02:29:45","modified_gmt":"2026-04-15T23:29:45","slug":"kar-kokusu","status":"publish","type":"product","link":"https:\/\/roveyayinevi.com.tr\/index.php\/urun\/kar-kokusu\/","title":{"rendered":"Kar Kokusu"},"content":{"rendered":"<p>D\u00fcnya fikirlerle b\u00f6l\u00fcnm\u00fc\u015f bir halde. Derin bir \u015f\u00fcphe, korku, ajanlar, k\u00f6stebekler, yasaklanm\u0131\u015f fikirler&#8230; Hayallerinin \u00fclkesinde ac\u0131 bir ger\u00e7ekle kar\u015f\u0131la\u015fan idealist insanlar. Devrim hayallerinin \u0131s\u0131tmaya yetmedi\u011fi bir so\u011fuk sava\u015f\u2026 Karlar i\u00e7inde biblo g\u00fczelli\u011finde bir \u015fehir. Kendilerini kanl\u0131 bir ser\u00fcvenin i\u00e7inde bulan T\u00fcrkiyeli devrimciler&#8230;   A\u00e7\u0131k pencerelerden i\u00e7eri kar kokusu s\u0131z\u0131yor. Ahmet \u00dcmit\u2019in klasikle\u015fmi\u015f ve otobiyografik \u00f6\u011felerle bezeli polisiye roman\u0131 Kar Kokusu, T\u00fcrkiye\u2019nin en karanl\u0131k g\u00fcnlerinde, t\u00fcm devrimcilerin cennet g\u00f6z\u00fcyle bakt\u0131\u011f\u0131 Moskova\u2019da ge\u00e7iyor. Usta yazar bir yandan d\u00f6nemin ke\u015fmeke\u015fine \u0131\u015f\u0131k tutuyor, bir yandan da nefes nefese bir gerilimin ortas\u0131nda okura s\u00fcr\u00fckleyici bir deneyim ya\u015fat\u0131yor.   Nereye giderse gitsin \u00fclkesini i\u00e7inde ta\u015f\u0131rd\u0131 insan. \u00dclke d\u00fc\u015f\u00fcncelere sinerdi, davran\u0131\u015f olur, hi\u00e7 beklemedi\u011finiz bir anda kendini g\u00f6sterirdi. \u0130steseniz de kurtulamazd\u0131n\u0131z ondan, bir tat, bir dokunu\u015f, bir ses, bir koku, bir g\u00f6r\u00fcnt\u00fc olur, akl\u0131n\u0131za tak\u0131l\u0131r, \u00e7ekip g\u00f6t\u00fcr\u00fcrd\u00fc \u00e7ocuklu\u011funuzun, gen\u00e7li\u011finizin ge\u00e7ti\u011fi yerlere. <\/p>\n","protected":false},"excerpt":{"rendered":"<p>D\u00fcnya fikirlerle b\u00f6l\u00fcnm\u00fc\u015f bir halde. Derin bir \u015f\u00fcphe, korku, ajanlar, k\u00f6stebekler, yasaklanm\u0131\u015f fikirler&#8230; Hayallerinin \u00fclkesinde ac\u0131 bir ger\u00e7ekle kar\u015f\u0131la\u015fan idealist insanlar. Devrim hayallerinin \u0131s\u0131tmaya yetmedi\u011fi bir<span class=\"excerpt-hellip\"> [\u2026]<\/span><\/p>\n","protected":false},"featured_media":0,"template":"","meta":{"_monsterinsights_skip_tracking":false,"_monsterinsights_sitenote_active":false,"_monsterinsights_sitenote_note":"","_monsterinsights_sitenote_category":0},"product_brand":[],"product_cat":[12291,12711],"product_tag":[],"class_list":{"0":"post-721777","1":"product","2":"type-product","3":"status-publish","5":"product_cat-edebiyat","6":"product_cat-roman-oyku","7":"pa_cilt-ciltsiz","8":"pa_tur-kitap","9":"pa_yayinevi-yapi-kredi-yayinlari","10":"pa_yazar-ahmet-umit","12":"first","13":"instock","14":"sale","15":"shipping-taxable","16":"purchasable","17":"product-type-simple"},"_links":{"self":[{"href":"https:\/\/roveyayinevi.com.tr\/index.php\/wp-json\/wp\/v2\/product\/721777","targetHints":{"allow":["GET"]}}],"collection":[{"href":"https:\/\/roveyayinevi.com.tr\/index.php\/wp-json\/wp\/v2\/product"}],"about":[{"href":"https:\/\/roveyayinevi.com.tr\/index.php\/wp-json\/wp\/v2\/types\/product"}],"wp:attachment":[{"href":"https:\/\/roveyayinevi.com.tr\/index.php\/wp-json\/wp\/v2\/media?parent=721777"}],"wp:term":[{"taxonomy":"product_brand","embeddable":true,"href":"https:\/\/roveyayinevi.com.tr\/index.php\/wp-json\/wp\/v2\/product_brand?post=721777"},{"taxonomy":"product_cat","embeddable":true,"href":"https:\/\/roveyayinevi.com.tr\/index.php\/wp-json\/wp\/v2\/product_cat?post=721777"},{"taxonomy":"product_tag","embeddable":true,"href":"https:\/\/roveyayinevi.com.tr\/index.php\/wp-json\/wp\/v2\/product_tag?post=721777"}],"curies":[{"name":"wp","href":"https:\/\/api.w.org\/{rel}","templated":true}]}}