{"id":721773,"date":"2025-08-27T18:54:41","date_gmt":"2025-08-27T15:54:41","guid":{"rendered":"https:\/\/roveyayinevi.com.tr\/index.php\/urun\/benim-adim-kirmizi-uzerine-yazilar\/"},"modified":"2025-12-30T10:27:35","modified_gmt":"2025-12-30T07:27:35","slug":"benim-adim-kirmizi-uzerine-yazilar","status":"publish","type":"product","link":"https:\/\/roveyayinevi.com.tr\/index.php\/urun\/benim-adim-kirmizi-uzerine-yazilar\/","title":{"rendered":"Benim Ad\u0131m K\u0131rm\u0131z\u0131 \u00dczerine Yaz\u0131lar"},"content":{"rendered":"<p>Benim Ad\u0131m K\u0131rm\u0131z\u0131, T\u00fcrk edebiyat\u0131n\u0131n d\u00fcnyada en \u00e7ok okunan, en \u00e7ok sevilen ve satan kitab\u0131d\u0131r.Yay\u0131mlan\u0131\u015f\u0131ndan bu yana bu tarihi roman 52 dile \u00e7evrildi ve b\u00fct\u00fcn d\u00fcnyada be\u015f milyona yak\u0131n satt\u0131.D\u00fcnyan\u0131n her k\u00f6\u015fesinde edebiyat\u00e7\u0131lar, ele\u015ftirmenler ve sanat\u00e7\u0131lar roman hakk\u0131nda ilgin\u00e7 incelemeler ve ele\u015ftiriler yay\u0131mlad\u0131lar.Benim Ad\u0131m K\u0131rm\u0131z\u0131 \u00dczerine Yaz\u0131lar bu ola\u011fan\u00fcst\u00fc roman\u0131n katmanlar\u0131n\u0131 aralayan ve okuru roman\u0131n s\u0131rlar\u0131na yakla\u015ft\u0131ran yaz\u0131lar\u0131n en iyilerini, T\u00fcrk\u00e7ede ilk kez bir araya getiriyor.<\/p>\n","protected":false},"excerpt":{"rendered":"<p>Benim Ad\u0131m K\u0131rm\u0131z\u0131, T\u00fcrk edebiyat\u0131n\u0131n d\u00fcnyada en \u00e7ok okunan, en \u00e7ok sevilen ve satan kitab\u0131d\u0131r.Yay\u0131mlan\u0131\u015f\u0131ndan bu yana bu tarihi roman 52 dile \u00e7evrildi ve b\u00fct\u00fcn d\u00fcnyada<span class=\"excerpt-hellip\"> [\u2026]<\/span><\/p>\n","protected":false},"featured_media":0,"template":"","meta":{"_monsterinsights_skip_tracking":false,"_monsterinsights_sitenote_active":false,"_monsterinsights_sitenote_note":"","_monsterinsights_sitenote_category":0},"product_brand":[],"product_cat":[13072,12291],"product_tag":[],"class_list":{"0":"post-721773","1":"product","2":"type-product","3":"status-publish","5":"product_cat-arastirma-inceleme-referans","6":"product_cat-edebiyat","7":"pa_cilt-ciltsiz","8":"pa_tur-kitap","9":"pa_yayinevi-yapi-kredi-yayinlari","10":"pa_yazar-kolektif","12":"first","13":"instock","14":"sale","15":"shipping-taxable","16":"purchasable","17":"product-type-simple"},"_links":{"self":[{"href":"https:\/\/roveyayinevi.com.tr\/index.php\/wp-json\/wp\/v2\/product\/721773","targetHints":{"allow":["GET"]}}],"collection":[{"href":"https:\/\/roveyayinevi.com.tr\/index.php\/wp-json\/wp\/v2\/product"}],"about":[{"href":"https:\/\/roveyayinevi.com.tr\/index.php\/wp-json\/wp\/v2\/types\/product"}],"wp:attachment":[{"href":"https:\/\/roveyayinevi.com.tr\/index.php\/wp-json\/wp\/v2\/media?parent=721773"}],"wp:term":[{"taxonomy":"product_brand","embeddable":true,"href":"https:\/\/roveyayinevi.com.tr\/index.php\/wp-json\/wp\/v2\/product_brand?post=721773"},{"taxonomy":"product_cat","embeddable":true,"href":"https:\/\/roveyayinevi.com.tr\/index.php\/wp-json\/wp\/v2\/product_cat?post=721773"},{"taxonomy":"product_tag","embeddable":true,"href":"https:\/\/roveyayinevi.com.tr\/index.php\/wp-json\/wp\/v2\/product_tag?post=721773"}],"curies":[{"name":"wp","href":"https:\/\/api.w.org\/{rel}","templated":true}]}}