{"id":721771,"date":"2025-08-27T18:54:40","date_gmt":"2025-08-27T15:54:40","guid":{"rendered":"https:\/\/roveyayinevi.com.tr\/index.php\/urun\/1000-inek\/"},"modified":"2026-04-16T02:29:45","modified_gmt":"2026-04-15T23:29:45","slug":"1000-inek","status":"publish","type":"product","link":"https:\/\/roveyayinevi.com.tr\/index.php\/urun\/1000-inek\/","title":{"rendered":"1000 \u0130nek"},"content":{"rendered":"<p>\u00dc\u00e7 ine\u011fiyle mutlu mesut ya\u015fayan \u00e7ift\u00e7inin hayat\u0131, \u015fehirden bir ziyaret\u00e7inin geli\u015fiyle de\u011fi\u015fir. \u00c7ift\u00e7i, s\u00fcrekli daha fazla s\u00fct isteyen adam\u0131n sipari\u015flerini kar\u015f\u0131lamak i\u00e7in daha fazla inek almak zorunda kal\u0131r. \u0130neklerin say\u0131s\u0131 \u00f6nce 17\u2019ye, derken 136\u2019ya, sonra 1000\u2019e ula\u015f\u0131r. Ancak \u00e7ift\u00e7i hi\u00e7 mutlu de\u011fildir, inekler de \u00f6yle!<\/p>\n","protected":false},"excerpt":{"rendered":"<p>\u00dc\u00e7 ine\u011fiyle mutlu mesut ya\u015fayan \u00e7ift\u00e7inin hayat\u0131, \u015fehirden bir ziyaret\u00e7inin geli\u015fiyle de\u011fi\u015fir. \u00c7ift\u00e7i, s\u00fcrekli daha fazla s\u00fct isteyen adam\u0131n sipari\u015flerini kar\u015f\u0131lamak i\u00e7in daha fazla inek almak<span class=\"excerpt-hellip\"> [\u2026]<\/span><\/p>\n","protected":false},"featured_media":0,"template":"","meta":{"_monsterinsights_skip_tracking":false,"_monsterinsights_sitenote_active":false,"_monsterinsights_sitenote_note":"","_monsterinsights_sitenote_category":0},"product_brand":[],"product_cat":[12274,12518],"product_tag":[],"class_list":{"0":"post-721771","1":"product","2":"type-product","3":"status-publish","5":"product_cat-cocuk-ve-genclik-kitaplari","6":"product_cat-okul-oncesi-kitaplar","7":"pa_cilt-ciltsiz","8":"pa_tur-kitap","9":"pa_yayinevi-ithaki-yayinlari","10":"pa_yazar-adele-tariel","12":"first","13":"instock","14":"sale","15":"shipping-taxable","16":"purchasable","17":"product-type-simple"},"_links":{"self":[{"href":"https:\/\/roveyayinevi.com.tr\/index.php\/wp-json\/wp\/v2\/product\/721771","targetHints":{"allow":["GET"]}}],"collection":[{"href":"https:\/\/roveyayinevi.com.tr\/index.php\/wp-json\/wp\/v2\/product"}],"about":[{"href":"https:\/\/roveyayinevi.com.tr\/index.php\/wp-json\/wp\/v2\/types\/product"}],"wp:attachment":[{"href":"https:\/\/roveyayinevi.com.tr\/index.php\/wp-json\/wp\/v2\/media?parent=721771"}],"wp:term":[{"taxonomy":"product_brand","embeddable":true,"href":"https:\/\/roveyayinevi.com.tr\/index.php\/wp-json\/wp\/v2\/product_brand?post=721771"},{"taxonomy":"product_cat","embeddable":true,"href":"https:\/\/roveyayinevi.com.tr\/index.php\/wp-json\/wp\/v2\/product_cat?post=721771"},{"taxonomy":"product_tag","embeddable":true,"href":"https:\/\/roveyayinevi.com.tr\/index.php\/wp-json\/wp\/v2\/product_tag?post=721771"}],"curies":[{"name":"wp","href":"https:\/\/api.w.org\/{rel}","templated":true}]}}