{"id":721767,"date":"2025-08-27T18:54:37","date_gmt":"2025-08-27T15:54:37","guid":{"rendered":"https:\/\/roveyayinevi.com.tr\/index.php\/urun\/gokturk-prensi\/"},"modified":"2026-04-16T02:29:45","modified_gmt":"2026-04-15T23:29:45","slug":"gokturk-prensi","status":"publish","type":"product","link":"https:\/\/roveyayinevi.com.tr\/index.php\/urun\/gokturk-prensi\/","title":{"rendered":"G\u00f6kt\u00fcrk Prensi"},"content":{"rendered":"<p>&#8220;Y\u00fcce Ka\u011fan\u0131m, Bat\u0131 T\u00fcr\u00fck Ka\u011fanl\u0131\u011f\u0131&#8217;n\u0131n h\u00fck\u00fcmdar\u0131, verdi\u011finiz buyruk can\u0131mdan \u00f6tedir.&#8221;G\u00f6kt\u00fcrk H\u00fck\u00fcmdar\u0131 \u0130stemi Ka\u011fan, ipek ticaretini korumak i\u00e7in gelecekte iyi bir komutan olaca\u011f\u0131na inand\u0131\u011f\u0131 G\u00f6kt\u00fcrk\u2019e gizli bir g\u00f6rev verir. Arkada\u015flar\u0131 Alt\u0131n B\u00f6rte ve Sungur ile Orta Asya bozk\u0131rlar\u0131nda macera dolu bir yolculuk beklemektedir G\u00f6kt\u00fcrk\u2019\u00fc. \u00c7inli ve So\u011fdlu casuslardan ka\u00e7t\u0131klar\u0131, gizemli ma\u011fara ve bah\u00e7elerle kar\u015f\u0131la\u015ft\u0131klar\u0131 bu yolculukta G\u00f6kt\u00fcrk, cesareti ve azmiyle gizli g\u00f6revi ba\u015far\u0131yla yerine getirebilecek mi? Heyecan dolu kovalamacaya \u00e7\u0131lg\u0131n sava\u015f\u00e7\u0131 Deli Yamtar, B\u00f6g\u00fc Alp, yol g\u00f6sterici \u0130tbarak, canl\u0131lar\u0131 iyile\u015ftiren Sa\u011falt\u0131c\u0131, yer alt\u0131 canavar\u0131 Yutba ve ya\u015fam suyu arma\u011fanc\u0131s\u0131 Alt\u0131n Kanatl\u0131 Karaku\u015f da kat\u0131l\u0131yor.Orta Asya topraklar\u0131nda macera dolu bir yolculu\u011fa haz\u0131r m\u0131s\u0131n? <\/p>\n","protected":false},"excerpt":{"rendered":"<p>&#8220;Y\u00fcce Ka\u011fan\u0131m, Bat\u0131 T\u00fcr\u00fck Ka\u011fanl\u0131\u011f\u0131&#8217;n\u0131n h\u00fck\u00fcmdar\u0131, verdi\u011finiz buyruk can\u0131mdan \u00f6tedir.&#8221;G\u00f6kt\u00fcrk H\u00fck\u00fcmdar\u0131 \u0130stemi Ka\u011fan, ipek ticaretini korumak i\u00e7in gelecekte iyi bir komutan olaca\u011f\u0131na inand\u0131\u011f\u0131 G\u00f6kt\u00fcrk\u2019e gizli bir<span class=\"excerpt-hellip\"> [\u2026]<\/span><\/p>\n","protected":false},"featured_media":0,"template":"","meta":{"_monsterinsights_skip_tracking":false,"_monsterinsights_sitenote_active":false,"_monsterinsights_sitenote_note":"","_monsterinsights_sitenote_category":0},"product_brand":[],"product_cat":[12274,12284],"product_tag":[],"class_list":{"0":"post-721767","1":"product","2":"type-product","3":"status-publish","5":"product_cat-cocuk-ve-genclik-kitaplari","6":"product_cat-hikayeler","7":"pa_cilt-ciltsiz","8":"pa_tur-kitap","9":"pa_yayinevi-timas-yayinlari","10":"pa_yazar-zubeyir-tokgoz","12":"first","13":"instock","14":"sale","15":"shipping-taxable","16":"purchasable","17":"product-type-simple"},"_links":{"self":[{"href":"https:\/\/roveyayinevi.com.tr\/index.php\/wp-json\/wp\/v2\/product\/721767","targetHints":{"allow":["GET"]}}],"collection":[{"href":"https:\/\/roveyayinevi.com.tr\/index.php\/wp-json\/wp\/v2\/product"}],"about":[{"href":"https:\/\/roveyayinevi.com.tr\/index.php\/wp-json\/wp\/v2\/types\/product"}],"wp:attachment":[{"href":"https:\/\/roveyayinevi.com.tr\/index.php\/wp-json\/wp\/v2\/media?parent=721767"}],"wp:term":[{"taxonomy":"product_brand","embeddable":true,"href":"https:\/\/roveyayinevi.com.tr\/index.php\/wp-json\/wp\/v2\/product_brand?post=721767"},{"taxonomy":"product_cat","embeddable":true,"href":"https:\/\/roveyayinevi.com.tr\/index.php\/wp-json\/wp\/v2\/product_cat?post=721767"},{"taxonomy":"product_tag","embeddable":true,"href":"https:\/\/roveyayinevi.com.tr\/index.php\/wp-json\/wp\/v2\/product_tag?post=721767"}],"curies":[{"name":"wp","href":"https:\/\/api.w.org\/{rel}","templated":true}]}}