{"id":721765,"date":"2025-08-27T18:54:35","date_gmt":"2025-08-27T15:54:35","guid":{"rendered":"https:\/\/roveyayinevi.com.tr\/index.php\/urun\/durdugum-yer-benim-degil\/"},"modified":"2026-04-16T02:29:45","modified_gmt":"2026-04-15T23:29:45","slug":"durdugum-yer-benim-degil","status":"publish","type":"product","link":"https:\/\/roveyayinevi.com.tr\/index.php\/urun\/durdugum-yer-benim-degil\/","title":{"rendered":"Durdu\u011fum Yer Benim De\u011fil"},"content":{"rendered":"<p>On binler memleketten gitti! Bask\u0131 rejiminde bo\u011fulup elinde iki bavulla d\u0131\u015far\u0131n\u0131n yolunu tutan \u00e7ok. \u0130\u015fsiz b\u0131rak\u0131lan, \u00e7ocu\u011funun gelece\u011finden endi\u015fe duyan on binler Avrupa\u2019ya g\u00f6\u00e7t\u00fc. G\u00f6\u00e7enlerden biri de gazeteci yazar \u00c7i\u011fdem Anad. Bir zamanlar nas\u0131l televizyon habercili\u011fi yapt\u0131klar\u0131n\u0131, nas\u0131l bir toplumsal yap\u0131da, sosyal \u00e7evrede ya\u015fad\u0131klar\u0131n\u0131, 2007\u2019den itibaren ise habercili\u011fin, toplumun, sosyal \u00e7evresinin nas\u0131l alt\u00fcst oldu\u011funu ve nas\u0131l g\u00f6\u00e7 ettiklerini anlat\u0131rken, g\u00f6\u00e7 etti\u011fi \u0130ngiltere\u2019deki insanlar\u0131n hayat\u0131na da fener tutuyor. <\/p>\n","protected":false},"excerpt":{"rendered":"<p>On binler memleketten gitti! Bask\u0131 rejiminde bo\u011fulup elinde iki bavulla d\u0131\u015far\u0131n\u0131n yolunu tutan \u00e7ok. \u0130\u015fsiz b\u0131rak\u0131lan, \u00e7ocu\u011funun gelece\u011finden endi\u015fe duyan on binler Avrupa\u2019ya g\u00f6\u00e7t\u00fc. G\u00f6\u00e7enlerden biri<span class=\"excerpt-hellip\"> [\u2026]<\/span><\/p>\n","protected":false},"featured_media":0,"template":"","meta":{"_monsterinsights_skip_tracking":false,"_monsterinsights_sitenote_active":false,"_monsterinsights_sitenote_note":"","_monsterinsights_sitenote_category":0},"product_brand":[],"product_cat":[13701,12291],"product_tag":[],"class_list":{"0":"post-721765","1":"product","2":"type-product","3":"status-publish","5":"product_cat-ani-mektup-gunluk","6":"product_cat-edebiyat","7":"pa_cilt-ciltsiz","8":"pa_tur-kitap","9":"pa_yayinevi-dogan-kitap","10":"pa_yazar-cigdem-anad","12":"first","13":"instock","14":"sale","15":"shipping-taxable","16":"purchasable","17":"product-type-simple"},"_links":{"self":[{"href":"https:\/\/roveyayinevi.com.tr\/index.php\/wp-json\/wp\/v2\/product\/721765","targetHints":{"allow":["GET"]}}],"collection":[{"href":"https:\/\/roveyayinevi.com.tr\/index.php\/wp-json\/wp\/v2\/product"}],"about":[{"href":"https:\/\/roveyayinevi.com.tr\/index.php\/wp-json\/wp\/v2\/types\/product"}],"wp:attachment":[{"href":"https:\/\/roveyayinevi.com.tr\/index.php\/wp-json\/wp\/v2\/media?parent=721765"}],"wp:term":[{"taxonomy":"product_brand","embeddable":true,"href":"https:\/\/roveyayinevi.com.tr\/index.php\/wp-json\/wp\/v2\/product_brand?post=721765"},{"taxonomy":"product_cat","embeddable":true,"href":"https:\/\/roveyayinevi.com.tr\/index.php\/wp-json\/wp\/v2\/product_cat?post=721765"},{"taxonomy":"product_tag","embeddable":true,"href":"https:\/\/roveyayinevi.com.tr\/index.php\/wp-json\/wp\/v2\/product_tag?post=721765"}],"curies":[{"name":"wp","href":"https:\/\/api.w.org\/{rel}","templated":true}]}}