{"id":721763,"date":"2025-08-27T18:54:34","date_gmt":"2025-08-27T15:54:34","guid":{"rendered":"https:\/\/roveyayinevi.com.tr\/index.php\/urun\/dunyanin-en-buyuk-pirti\/"},"modified":"2026-04-16T02:29:45","modified_gmt":"2026-04-15T23:29:45","slug":"dunyanin-en-buyuk-pirti","status":"publish","type":"product","link":"https:\/\/roveyayinevi.com.tr\/index.php\/urun\/dunyanin-en-buyuk-pirti\/","title":{"rendered":"D\u00fcnyan\u0131n En B\u00fcy\u00fck P\u0131rt\u0131"},"content":{"rendered":"<p>Herkes yerini als\u0131n, b\u00fcy\u00fck yar\u0131\u015f ba\u015fl\u0131yor! T\u00fcm hayvanlar nehir k\u0131y\u0131s\u0131nda toplan\u0131yor. Zebra, gergedan, goril, fil, suayg\u0131r\u0131\u2026 Acaba kim kazanacak bu yar\u0131\u015fmay\u0131! <\/p>\n","protected":false},"excerpt":{"rendered":"<p>Herkes yerini als\u0131n, b\u00fcy\u00fck yar\u0131\u015f ba\u015fl\u0131yor! T\u00fcm hayvanlar nehir k\u0131y\u0131s\u0131nda toplan\u0131yor. Zebra, gergedan, goril, fil, suayg\u0131r\u0131\u2026 Acaba kim kazanacak bu yar\u0131\u015fmay\u0131!<\/p>\n","protected":false},"featured_media":0,"template":"","meta":{"_monsterinsights_skip_tracking":false,"_monsterinsights_sitenote_active":false,"_monsterinsights_sitenote_note":"","_monsterinsights_sitenote_category":0},"product_brand":[],"product_cat":[12274,12518],"product_tag":[],"class_list":{"0":"post-721763","1":"product","2":"type-product","3":"status-publish","5":"product_cat-cocuk-ve-genclik-kitaplari","6":"product_cat-okul-oncesi-kitaplar","7":"pa_cilt-ciltsiz","8":"pa_tur-kitap","9":"pa_yayinevi-dogan-cocuk","10":"pa_yazar-rafael-ordonez","12":"first","13":"instock","14":"sale","15":"shipping-taxable","16":"purchasable","17":"product-type-simple"},"_links":{"self":[{"href":"https:\/\/roveyayinevi.com.tr\/index.php\/wp-json\/wp\/v2\/product\/721763","targetHints":{"allow":["GET"]}}],"collection":[{"href":"https:\/\/roveyayinevi.com.tr\/index.php\/wp-json\/wp\/v2\/product"}],"about":[{"href":"https:\/\/roveyayinevi.com.tr\/index.php\/wp-json\/wp\/v2\/types\/product"}],"wp:attachment":[{"href":"https:\/\/roveyayinevi.com.tr\/index.php\/wp-json\/wp\/v2\/media?parent=721763"}],"wp:term":[{"taxonomy":"product_brand","embeddable":true,"href":"https:\/\/roveyayinevi.com.tr\/index.php\/wp-json\/wp\/v2\/product_brand?post=721763"},{"taxonomy":"product_cat","embeddable":true,"href":"https:\/\/roveyayinevi.com.tr\/index.php\/wp-json\/wp\/v2\/product_cat?post=721763"},{"taxonomy":"product_tag","embeddable":true,"href":"https:\/\/roveyayinevi.com.tr\/index.php\/wp-json\/wp\/v2\/product_tag?post=721763"}],"curies":[{"name":"wp","href":"https:\/\/api.w.org\/{rel}","templated":true}]}}