{"id":721759,"date":"2025-08-27T18:54:32","date_gmt":"2025-08-27T15:54:32","guid":{"rendered":"https:\/\/roveyayinevi.com.tr\/index.php\/urun\/cocuk-ve-hayat-cemberi\/"},"modified":"2026-04-16T02:29:45","modified_gmt":"2026-04-15T23:29:45","slug":"cocuk-ve-hayat-cemberi","status":"publish","type":"product","link":"https:\/\/roveyayinevi.com.tr\/index.php\/urun\/cocuk-ve-hayat-cemberi\/","title":{"rendered":"\u00c7ocuk ve Hayat \u00c7emberi"},"content":{"rendered":"<p>\u00c7ocuk \/ insanla ilgili en \u00e7ok c\u00fcmlenin kuruldu\u011fu son d\u00f6rt y\u00fczy\u0131la ra\u011fmen \u00e7ocuklu\u011fun sorunlar\u0131 \u00e7\u00f6z\u00fclememi\u015ftir. \u00c7\u00f6z\u00fcms\u00fczl\u00fc\u011fe itilen d\u00fcnya \u00e7ocuk sarmal\u0131n\u0131n birinci temel nedeni modern Bat\u0131 uygarl\u0131\u011f\u0131 ise ikinci nedeni de bu uygarl\u0131\u011f\u0131n d\u0131\u015f\u0131ndaki k\u00fclt\u00fcr ve medeniyetlerin \u00e7ocukla ilgili iddialar\u0131n\u0131 yitirmi\u015f ya da suskunluk sarmal\u0131 i\u00e7ine girmi\u015f olmalar\u0131d\u0131r. Ya\u015fad\u0131\u011f\u0131m\u0131z d\u00fcnya modern uygarl\u0131\u011f\u0131n ku\u015fatmas\u0131 alt\u0131ndad\u0131r ve Bat\u0131 d\u0131\u015f\u0131 medeniyetler \u00e7ocuk \/ insanla ilgili k\u00fclt\u00fcrel, siyasi ve ekonomik savunma hatt\u0131nda ne bir dil geli\u015ftirebildi ne de \u00e7ocuk anlay\u0131\u015f\u0131 ve alg\u0131lar\u0131n\u0131 g\u00fcncelleyebildiler\u2026 21. Y\u00fczy\u0131lda her medeniyetin \u00f6n\u00fcnde \u00fc\u00e7 a\u015fama bulunuyor: K\u00fclt\u00fcr ve medeniyet de\u011ferleri yan\u0131nda \u00e7ocu\u011fun evrensel gramerinedo\u011fas\u0131na ve evrensel do\u011frulara dayal\u0131 bir dilin geli\u015ftirilmesi. Hayat \u00e7emberi i\u00e7inde \u00e7ocu\u011fu tan\u0131maya ve anlamaya y\u00f6nelik yeni kuram ve modellerin olu\u015fturulmas\u0131. Kendi k\u00fclt\u00fcr\/medeniyeti yan\u0131nda b\u00fct\u00fcn insanl\u0131\u011f\u0131n sorunlar\u0131n\u0131 \u00e7\u00f6zmeye y\u00f6nelik d\u00fc\u015f\u00fcnce be uygulama \u00f6rneklerinin insanl\u0131\u011fa sunulmas\u0131. \u00c7ocuk ve Hayat \u00c7emberi, insanl\u0131\u011f\u0131n kar\u015f\u0131 kar\u015f\u0131ya oldu\u011fu b\u00fcy\u00fck kriz kar\u015f\u0131s\u0131nda b\u00fct\u00fcn k\u00fclt\u00fcr ve medeniyetlerin diyalog h\u00e2linde, aile ve \u00e7ocu\u011fu merkeze alan \u00e7ok boyutlu savunma hatt\u0131 kuramlar\u0131n\u0131 \u00f6neriyor. \u00c7ocuk ve medeniyet d\u00fc\u015f\u00fcncesi, \u00e7ocuk ve k\u00fclt\u00fcr, de\u011fi\u015fen aile, \u00e7ocuk ve \u00e7ocukluk, \u00e7ocuk yoksullu\u011fu, \u00e7ocuk ve anayasa, zek\u00e2 ve yetenek e\u011fitimi, okuma k\u00fclt\u00fcr\u00fc ile \u00e7ocuk ve medyan\u0131n \u00e7a\u011f\u0131m\u0131zdaki bile\u015fenlerinin ve g\u00f6r\u00fcn\u00fcmlerinin yorumland\u0131\u011f\u0131 bu kitap, T\u00fcrkiye ve d\u00fcnya i\u00e7in yeni bir ba\u015flang\u0131ca y\u00f6nelecekleri \u00e7ocuk \u00f6devlerine \u00e7a\u011f\u0131r\u0131yor.<\/p>\n","protected":false},"excerpt":{"rendered":"<p>\u00c7ocuk \/ insanla ilgili en \u00e7ok c\u00fcmlenin kuruldu\u011fu son d\u00f6rt y\u00fczy\u0131la ra\u011fmen \u00e7ocuklu\u011fun sorunlar\u0131 \u00e7\u00f6z\u00fclememi\u015ftir. \u00c7\u00f6z\u00fcms\u00fczl\u00fc\u011fe itilen d\u00fcnya \u00e7ocuk sarmal\u0131n\u0131n birinci temel nedeni modern Bat\u0131 uygarl\u0131\u011f\u0131<span class=\"excerpt-hellip\"> [\u2026]<\/span><\/p>\n","protected":false},"featured_media":0,"template":"","meta":{"_monsterinsights_skip_tracking":false,"_monsterinsights_sitenote_active":false,"_monsterinsights_sitenote_note":"","_monsterinsights_sitenote_category":0},"product_brand":[],"product_cat":[26509,13365],"product_tag":[],"class_list":{"0":"post-721759","1":"product","2":"type-product","3":"status-publish","5":"product_cat-cocuk-gelisimi","6":"product_cat-saglik","7":"pa_cilt-ciltsiz","8":"pa_tur-kitap","9":"pa_yayinevi-ucan-at","10":"pa_yazar-mustafa-ruhi-sirin","12":"first","13":"instock","14":"sale","15":"shipping-taxable","16":"purchasable","17":"product-type-simple"},"_links":{"self":[{"href":"https:\/\/roveyayinevi.com.tr\/index.php\/wp-json\/wp\/v2\/product\/721759","targetHints":{"allow":["GET"]}}],"collection":[{"href":"https:\/\/roveyayinevi.com.tr\/index.php\/wp-json\/wp\/v2\/product"}],"about":[{"href":"https:\/\/roveyayinevi.com.tr\/index.php\/wp-json\/wp\/v2\/types\/product"}],"wp:attachment":[{"href":"https:\/\/roveyayinevi.com.tr\/index.php\/wp-json\/wp\/v2\/media?parent=721759"}],"wp:term":[{"taxonomy":"product_brand","embeddable":true,"href":"https:\/\/roveyayinevi.com.tr\/index.php\/wp-json\/wp\/v2\/product_brand?post=721759"},{"taxonomy":"product_cat","embeddable":true,"href":"https:\/\/roveyayinevi.com.tr\/index.php\/wp-json\/wp\/v2\/product_cat?post=721759"},{"taxonomy":"product_tag","embeddable":true,"href":"https:\/\/roveyayinevi.com.tr\/index.php\/wp-json\/wp\/v2\/product_tag?post=721759"}],"curies":[{"name":"wp","href":"https:\/\/api.w.org\/{rel}","templated":true}]}}