{"id":721755,"date":"2025-08-27T18:54:28","date_gmt":"2025-08-27T15:54:28","guid":{"rendered":"https:\/\/roveyayinevi.com.tr\/index.php\/urun\/bizim-mahallenin-cocuklari\/"},"modified":"2026-04-03T02:36:03","modified_gmt":"2026-04-02T23:36:03","slug":"bizim-mahallenin-cocuklari","status":"publish","type":"product","link":"https:\/\/roveyayinevi.com.tr\/index.php\/urun\/bizim-mahallenin-cocuklari\/","title":{"rendered":"Bizim Mahallenin \u00c7ocuklar\u0131"},"content":{"rendered":"<p>&#8220;Dede bir tahta sand\u0131\u011f\u0131 iskemle yap\u0131p onun \u00fcst\u00fcnde otururdu. \u00c7ocuk oyunlar\u0131n\u0131n zaman\u0131 vard\u0131. \u0130lkbaharda u\u00e7urtmadan ba\u015flay\u0131p topaca kadar s\u0131ralan\u0131rd\u0131. Seksek oyunu her zaman oynan\u0131rd\u0131. Kuru havalarda \u00e7ember \u00e7evrilir, topa\u00e7 kam\u00e7\u0131lan\u0131r, kaptan ve z\u0131pz\u0131p oynan\u0131rd\u0131. Selim dede \u00e7ocuklar\u0131n \u015fik\u00e2yetlerini dinler, onlara hakemlik eder, s\u00f6z\u00fcn\u00fc hepsi do\u011fru kabul ederdi. Kavga edip dar\u0131lanlar\u0131 dedenin bir i\u015fareti bar\u0131\u015ft\u0131r\u0131rd\u0131.&#8221; Kemalettin Tu\u011fcu Bizim Mahallenin \u00c7ocuklar\u0131 kitab\u0131nda; dayan\u0131\u015fman\u0131n, mahalle k\u00fclt\u00fcr\u00fcn\u00fcn, birbirine g\u00fcvenmenin \u00e7ocuklar\u0131n geli\u015fimindeki \u00f6nemine dikkat \u00e7ekiyor ve gen\u00e7 ya\u015fl\u0131 demeden herkesin sorumluluklar\u0131n\u0131n oldu\u011funu vurguluyor. Her kitab\u0131n arkas\u0131ndaki s\u00f6zl\u00fck ile yazar\u0131n kurdu\u011fu d\u00fcnyay\u0131 bozmadan okurlara sunuyoruz. <\/p>\n","protected":false},"excerpt":{"rendered":"<p>&#8220;Dede bir tahta sand\u0131\u011f\u0131 iskemle yap\u0131p onun \u00fcst\u00fcnde otururdu. \u00c7ocuk oyunlar\u0131n\u0131n zaman\u0131 vard\u0131. \u0130lkbaharda u\u00e7urtmadan ba\u015flay\u0131p topaca kadar s\u0131ralan\u0131rd\u0131. Seksek oyunu her zaman oynan\u0131rd\u0131. Kuru havalarda<span class=\"excerpt-hellip\"> [\u2026]<\/span><\/p>\n","protected":false},"featured_media":0,"template":"","meta":{"_monsterinsights_skip_tracking":false,"_monsterinsights_sitenote_active":false,"_monsterinsights_sitenote_note":"","_monsterinsights_sitenote_category":0},"product_brand":[],"product_cat":[12274,12284],"product_tag":[],"class_list":{"0":"post-721755","1":"product","2":"type-product","3":"status-publish","5":"product_cat-cocuk-ve-genclik-kitaplari","6":"product_cat-hikayeler","7":"pa_cilt-ciltsiz","8":"pa_tur-kitap","9":"pa_yayinevi-ucan-at","10":"pa_yazar-kemalettin-tugcu","12":"first","13":"instock","14":"sale","15":"shipping-taxable","16":"purchasable","17":"product-type-simple"},"_links":{"self":[{"href":"https:\/\/roveyayinevi.com.tr\/index.php\/wp-json\/wp\/v2\/product\/721755","targetHints":{"allow":["GET"]}}],"collection":[{"href":"https:\/\/roveyayinevi.com.tr\/index.php\/wp-json\/wp\/v2\/product"}],"about":[{"href":"https:\/\/roveyayinevi.com.tr\/index.php\/wp-json\/wp\/v2\/types\/product"}],"wp:attachment":[{"href":"https:\/\/roveyayinevi.com.tr\/index.php\/wp-json\/wp\/v2\/media?parent=721755"}],"wp:term":[{"taxonomy":"product_brand","embeddable":true,"href":"https:\/\/roveyayinevi.com.tr\/index.php\/wp-json\/wp\/v2\/product_brand?post=721755"},{"taxonomy":"product_cat","embeddable":true,"href":"https:\/\/roveyayinevi.com.tr\/index.php\/wp-json\/wp\/v2\/product_cat?post=721755"},{"taxonomy":"product_tag","embeddable":true,"href":"https:\/\/roveyayinevi.com.tr\/index.php\/wp-json\/wp\/v2\/product_tag?post=721755"}],"curies":[{"name":"wp","href":"https:\/\/api.w.org\/{rel}","templated":true}]}}