{"id":721753,"date":"2025-08-27T18:54:27","date_gmt":"2025-08-27T15:54:27","guid":{"rendered":"https:\/\/roveyayinevi.com.tr\/index.php\/urun\/cicekci-amca\/"},"modified":"2026-04-16T02:29:45","modified_gmt":"2026-04-15T23:29:45","slug":"cicekci-amca","status":"publish","type":"product","link":"https:\/\/roveyayinevi.com.tr\/index.php\/urun\/cicekci-amca\/","title":{"rendered":"\u00c7i\u00e7ek\u00e7i Amca"},"content":{"rendered":"<p>\u201c\u00d6\u011fle yeme\u011finden sonra Hamdi amca bayram ziyaretini iade etmek i\u00e7in bize geldi. Onu sevin\u00e7le kar\u015f\u0131lad\u0131k. Ancak babam gelir diye de huzursuz olduk. Hamdi amca bize bir kutu badem ezmesi getirmi\u015fti. Annem gidip ona kahve pi\u015firdi. M\u00fcmk\u00fcn oldu\u011fu kadar ikramda bulunduk. O da fazla oturmad\u0131. \u0130kindi ezan\u0131 duyulurken kalkt\u0131.\u201d Kemalettin Tu\u011fcu \u00c7i\u00e7ek\u00e7i Amca kitab\u0131nda; Do\u011fu ve Bat\u0131 k\u00fclt\u00fcr\u00fcn\u00fcn farkl\u0131l\u0131\u011f\u0131n\u0131, ailelere etkisini, insanlar\u0131n kendi k\u00fclt\u00fcr\u00fcne sahip \u00e7\u0131kmas\u0131n\u0131n \u00f6nemini anlat\u0131yor. Her kitab\u0131n arkas\u0131ndaki s\u00f6zl\u00fck ile yazar\u0131n kurdu\u011fu d\u00fcnyay\u0131 bozmadan okurlara sunuyoruz. <\/p>\n","protected":false},"excerpt":{"rendered":"<p>\u201c\u00d6\u011fle yeme\u011finden sonra Hamdi amca bayram ziyaretini iade etmek i\u00e7in bize geldi. Onu sevin\u00e7le kar\u015f\u0131lad\u0131k. Ancak babam gelir diye de huzursuz olduk. Hamdi amca bize bir<span class=\"excerpt-hellip\"> [\u2026]<\/span><\/p>\n","protected":false},"featured_media":0,"template":"","meta":{"_monsterinsights_skip_tracking":false,"_monsterinsights_sitenote_active":false,"_monsterinsights_sitenote_note":"","_monsterinsights_sitenote_category":0},"product_brand":[],"product_cat":[12274,12284],"product_tag":[],"class_list":{"0":"post-721753","1":"product","2":"type-product","3":"status-publish","5":"product_cat-cocuk-ve-genclik-kitaplari","6":"product_cat-hikayeler","7":"pa_cilt-ciltsiz","8":"pa_tur-kitap","9":"pa_yayinevi-ucan-at","10":"pa_yazar-kemalettin-tugcu","12":"first","13":"instock","14":"sale","15":"shipping-taxable","16":"purchasable","17":"product-type-simple"},"_links":{"self":[{"href":"https:\/\/roveyayinevi.com.tr\/index.php\/wp-json\/wp\/v2\/product\/721753","targetHints":{"allow":["GET"]}}],"collection":[{"href":"https:\/\/roveyayinevi.com.tr\/index.php\/wp-json\/wp\/v2\/product"}],"about":[{"href":"https:\/\/roveyayinevi.com.tr\/index.php\/wp-json\/wp\/v2\/types\/product"}],"wp:attachment":[{"href":"https:\/\/roveyayinevi.com.tr\/index.php\/wp-json\/wp\/v2\/media?parent=721753"}],"wp:term":[{"taxonomy":"product_brand","embeddable":true,"href":"https:\/\/roveyayinevi.com.tr\/index.php\/wp-json\/wp\/v2\/product_brand?post=721753"},{"taxonomy":"product_cat","embeddable":true,"href":"https:\/\/roveyayinevi.com.tr\/index.php\/wp-json\/wp\/v2\/product_cat?post=721753"},{"taxonomy":"product_tag","embeddable":true,"href":"https:\/\/roveyayinevi.com.tr\/index.php\/wp-json\/wp\/v2\/product_tag?post=721753"}],"curies":[{"name":"wp","href":"https:\/\/api.w.org\/{rel}","templated":true}]}}