{"id":721750,"date":"2025-08-27T18:54:24","date_gmt":"2025-08-27T15:54:24","guid":{"rendered":"https:\/\/roveyayinevi.com.tr\/index.php\/urun\/aynasiz-ev\/"},"modified":"2026-04-16T02:29:45","modified_gmt":"2026-04-15T23:29:45","slug":"aynasiz-ev","status":"publish","type":"product","link":"https:\/\/roveyayinevi.com.tr\/index.php\/urun\/aynasiz-ev\/","title":{"rendered":"Aynas\u0131z Ev"},"content":{"rendered":"<p>Thomasine g\u00fcnlerini b\u00fcy\u00fck b\u00fcy\u00fck halas\u0131n\u0131n tozlu, karanl\u0131k evinde babas\u0131, halas\u0131, amcas\u0131 ve kuzenleriyle ge\u00e7irmektedir. Halalar\u0131 \u00f6l\u00fcm d\u00f6\u015fe\u011findeyken, babas\u0131n\u0131n karde\u015fleri evin ka\u00e7 para etti\u011fi konusunda didi\u015fmeye \u00e7oktan ba\u015flam\u0131\u015flard\u0131r. Thomasine\u2019in babas\u0131 ise tamamen i\u00e7 d\u00fcnyas\u0131nda ya\u015famaktad\u0131r.   Derken bir g\u00fcn, Thomasine\u2019in en k\u00fc\u00e7\u00fck kuzeni Signe bir ke\u015fifte bulunur: Evdeki b\u00fct\u00fcn kay\u0131p aynalar bir gard\u0131robun i\u00e7indedir. Aynalar\u0131n i\u00e7inden bamba\u015fka bir d\u00fcnyaya ge\u00e7i\u015f yap\u0131l\u0131r; buras\u0131 en \u00e7ok istedi\u011finiz \u015feyi de\u011filse de en \u00e7ok ihtiyac\u0131n\u0131z olan\u0131 bulaca\u011f\u0131n\u0131z bir d\u00fcnyad\u0131r.   Aynas\u0131z Ev sevginin g\u00fcc\u00fc, insan\u0131n kay\u0131plarla m\u00fccadelesi ve b\u00fcy\u00fcmek \u00fczerine unutulmaz bir aile hik\u00e2yesi. <\/p>\n","protected":false},"excerpt":{"rendered":"<p>Thomasine g\u00fcnlerini b\u00fcy\u00fck b\u00fcy\u00fck halas\u0131n\u0131n tozlu, karanl\u0131k evinde babas\u0131, halas\u0131, amcas\u0131 ve kuzenleriyle ge\u00e7irmektedir. Halalar\u0131 \u00f6l\u00fcm d\u00f6\u015fe\u011findeyken, babas\u0131n\u0131n karde\u015fleri evin ka\u00e7 para etti\u011fi konusunda didi\u015fmeye \u00e7oktan<span class=\"excerpt-hellip\"> [\u2026]<\/span><\/p>\n","protected":false},"featured_media":0,"template":"","meta":{"_monsterinsights_skip_tracking":false,"_monsterinsights_sitenote_active":false,"_monsterinsights_sitenote_note":"","_monsterinsights_sitenote_category":0},"product_brand":[],"product_cat":[12274,12284],"product_tag":[],"class_list":{"0":"post-721750","1":"product","2":"type-product","3":"status-publish","5":"product_cat-cocuk-ve-genclik-kitaplari","6":"product_cat-hikayeler","7":"pa_cilt-ciltsiz","8":"pa_tur-kitap","9":"pa_yayinevi-can-cocuk-yayinlari","10":"pa_yazar-marten-sanden","12":"first","13":"instock","14":"sale","15":"shipping-taxable","16":"purchasable","17":"product-type-simple"},"_links":{"self":[{"href":"https:\/\/roveyayinevi.com.tr\/index.php\/wp-json\/wp\/v2\/product\/721750","targetHints":{"allow":["GET"]}}],"collection":[{"href":"https:\/\/roveyayinevi.com.tr\/index.php\/wp-json\/wp\/v2\/product"}],"about":[{"href":"https:\/\/roveyayinevi.com.tr\/index.php\/wp-json\/wp\/v2\/types\/product"}],"wp:attachment":[{"href":"https:\/\/roveyayinevi.com.tr\/index.php\/wp-json\/wp\/v2\/media?parent=721750"}],"wp:term":[{"taxonomy":"product_brand","embeddable":true,"href":"https:\/\/roveyayinevi.com.tr\/index.php\/wp-json\/wp\/v2\/product_brand?post=721750"},{"taxonomy":"product_cat","embeddable":true,"href":"https:\/\/roveyayinevi.com.tr\/index.php\/wp-json\/wp\/v2\/product_cat?post=721750"},{"taxonomy":"product_tag","embeddable":true,"href":"https:\/\/roveyayinevi.com.tr\/index.php\/wp-json\/wp\/v2\/product_tag?post=721750"}],"curies":[{"name":"wp","href":"https:\/\/api.w.org\/{rel}","templated":true}]}}