{"id":721749,"date":"2025-08-27T18:54:23","date_gmt":"2025-08-27T15:54:23","guid":{"rendered":"https:\/\/roveyayinevi.com.tr\/index.php\/urun\/aska-susamis\/"},"modified":"2026-04-16T02:29:45","modified_gmt":"2026-04-15T23:29:45","slug":"aska-susamis","status":"publish","type":"product","link":"https:\/\/roveyayinevi.com.tr\/index.php\/urun\/aska-susamis\/","title":{"rendered":"A\u015fka Susam\u0131\u015f"},"content":{"rendered":"<p>Aslan, kafesinden \u00e7\u0131kt\u0131\u011f\u0131 anda, eski, vah\u015fi aslan oldu\u011fu zamandakinden daha geni\u015f bir d\u00fcnyaya sahip olur. Hapsedildi\u011fi s\u00fcrede onun i\u00e7in iki d\u00fcnyadan ba\u015fka d\u00fcnya yoktur. Di\u011fer bir deyi\u015fle kafesin i\u00e7indeki d\u00fcnya ile kafesin d\u0131\u015f\u0131ndaki d\u00fcnya. Art\u0131k \u00f6zg\u00fcr kalm\u0131\u015ft\u0131r. K\u00fckrer. \u0130nsanlara sald\u0131rabilir. Onlar\u0131 yiyebilir. Yine de tatmin olamaz, \u00e7\u00fcnk\u00fc ne kafesin i\u00e7inde, ne de kafesin d\u0131\u015f\u0131nda bir \u00fc\u00e7\u00fcnc\u00fc d\u00fcnya yoktur. Etsuko d\u00f6rt duvar aras\u0131nda bir hayat s\u00fcrmektedir. G\u00f6z\u00fc hep d\u0131\u015far\u0131da olmu\u015f kocas\u0131 tifodan \u00f6ld\u00fc\u011f\u00fcnde gen\u00e7 ya\u015fta dul kalan kad\u0131n kendini kay\u0131npederinin evinde bulmu\u015f, ya\u015fl\u0131 adam\u0131n rahats\u0131z edici ilgisine boyun e\u011fmeye mecbur kalm\u0131\u015ft\u0131r. Tek tesellisi, evin hizmet\u00e7isi Saburo\u2019ya olan a\u015fk\u0131d\u0131r. Ancak bu gen\u00e7 adam\u0131n sevgisini kazanmak i\u00e7in yapt\u0131klar\u0131 felaketini haz\u0131rlayacakt\u0131r. Yukio Mi\u015fima\u2019n\u0131n ilk roman\u0131 Bir Maskenin \u0130tiraflar\u0131\u2019ndan sonra yay\u0131mlad\u0131\u011f\u0131 A\u015fka Susam\u0131\u015f, yazar\u0131n hayat\u0131 boyunca kalemine rehberlik etmi\u015f sapk\u0131n ve saplant\u0131l\u0131 arzuyu ve sars\u0131c\u0131 \u015fiddeti sahneye koyan, okuru yakalayan ve b\u0131rakmayan bir eser. \u201cMi\u015fima\u2019n\u0131n romanlar\u0131 \u00e7evresine korkun\u00e7 ve iflah olmaz bir tuhafl\u0131k yayar; sanki sapk\u0131nlar i\u00e7in kurulmu\u015f bir arafta ge\u00e7iyor gibidirler.\u201d  Angela Carter<\/p>\n","protected":false},"excerpt":{"rendered":"<p>Aslan, kafesinden \u00e7\u0131kt\u0131\u011f\u0131 anda, eski, vah\u015fi aslan oldu\u011fu zamandakinden daha geni\u015f bir d\u00fcnyaya sahip olur. Hapsedildi\u011fi s\u00fcrede onun i\u00e7in iki d\u00fcnyadan ba\u015fka d\u00fcnya yoktur. Di\u011fer bir<span class=\"excerpt-hellip\"> [\u2026]<\/span><\/p>\n","protected":false},"featured_media":0,"template":"","meta":{"_monsterinsights_skip_tracking":false,"_monsterinsights_sitenote_active":false,"_monsterinsights_sitenote_note":"","_monsterinsights_sitenote_category":0},"product_brand":[],"product_cat":[13661,12291],"product_tag":[],"class_list":{"0":"post-721749","1":"product","2":"type-product","3":"status-publish","5":"product_cat-diger-ulke-edebiyatlari","6":"product_cat-edebiyat","7":"pa_cilt-ciltsiz","8":"pa_tur-kitap","9":"pa_yayinevi-can-yayinlari","10":"pa_yazar-yukio-misima","12":"first","13":"instock","14":"sale","15":"shipping-taxable","16":"purchasable","17":"product-type-simple"},"_links":{"self":[{"href":"https:\/\/roveyayinevi.com.tr\/index.php\/wp-json\/wp\/v2\/product\/721749","targetHints":{"allow":["GET"]}}],"collection":[{"href":"https:\/\/roveyayinevi.com.tr\/index.php\/wp-json\/wp\/v2\/product"}],"about":[{"href":"https:\/\/roveyayinevi.com.tr\/index.php\/wp-json\/wp\/v2\/types\/product"}],"wp:attachment":[{"href":"https:\/\/roveyayinevi.com.tr\/index.php\/wp-json\/wp\/v2\/media?parent=721749"}],"wp:term":[{"taxonomy":"product_brand","embeddable":true,"href":"https:\/\/roveyayinevi.com.tr\/index.php\/wp-json\/wp\/v2\/product_brand?post=721749"},{"taxonomy":"product_cat","embeddable":true,"href":"https:\/\/roveyayinevi.com.tr\/index.php\/wp-json\/wp\/v2\/product_cat?post=721749"},{"taxonomy":"product_tag","embeddable":true,"href":"https:\/\/roveyayinevi.com.tr\/index.php\/wp-json\/wp\/v2\/product_tag?post=721749"}],"curies":[{"name":"wp","href":"https:\/\/api.w.org\/{rel}","templated":true}]}}