{"id":721748,"date":"2025-08-27T18:54:22","date_gmt":"2025-08-27T15:54:22","guid":{"rendered":"https:\/\/roveyayinevi.com.tr\/index.php\/urun\/golem-ve-cin\/"},"modified":"2026-04-16T02:29:45","modified_gmt":"2026-04-15T23:29:45","slug":"golem-ve-cin","status":"publish","type":"product","link":"https:\/\/roveyayinevi.com.tr\/index.php\/urun\/golem-ve-cin\/","title":{"rendered":"Golem ve Cin"},"content":{"rendered":"<p>SONSUZLU\u011eA UZANAN B\u00dcY\u00dcL\u00dc B\u0130R H\u0130KAYE.   \u015eans eseri kar\u015f\u0131la\u015fan iki mitolojik varl\u0131\u011f\u0131n, Golem ve Cin\u2019in \u00f6yk\u00fcs\u00fc, okuru 19. y\u00fczy\u0131l\u0131n sonlar\u0131ndaki New York \u015fehrinde ba\u015f d\u00f6nd\u00fcr\u00fcc\u00fc bir yolculu\u011fa \u00e7\u0131kar\u0131yor. Havva bir golemdir; karanl\u0131k Kabala b\u00fcy\u00fcleriyle ilgilenen ya\u015fl\u0131 bir adam taraf\u0131ndan, sipari\u015f \u00fczerine kilden yap\u0131lm\u0131\u015ft\u0131r. Golemi sipari\u015f eden sahibi, onu sihirli s\u00f6zc\u00fcklerle uyand\u0131rd\u0131ktan k\u0131sa s\u00fcre sonra, Polonya\u2019dan ABD\u2019ye yapt\u0131klar\u0131 deniz yolculu\u011fu esnas\u0131nda ya\u015fam\u0131n\u0131 yitirir. Gemi New York Liman\u0131\u2019na yana\u015ft\u0131\u011f\u0131nda Havva tek ba\u015f\u0131nad\u0131r. Ahmet ise kadim Suriye \u00e7\u00f6l\u00fcnde ate\u015ften meydana gelmi\u015f bir cindir fakat y\u00fczy\u0131llar \u00f6nce bak\u0131r bir mataran\u0131n i\u00e7ine hapsedilmi\u015ftir. Manhattan\u2019daki bir lehim ustas\u0131 sayesinde, tamamen \u00f6zg\u00fcr olamasa da serbest kal\u0131r. Bile\u011findeki demir pranga sebebiyle, ya\u015fad\u0131\u011f\u0131 s\u00fcrece bu d\u00fcnyaya ba\u011flanm\u0131\u015ft\u0131r. Ahmet ve Havva, herkesten gizlemek zorunda kald\u0131klar\u0131 do\u011fa\u00fcst\u00fc durumlar\u0131 sayesinde can dostu olur. Bir gece ya\u015fanan korkun\u00e7 olay\u0131n sonucunda yollar\u0131 ayr\u0131lan Golem ve Cin, daha sonra ortaya \u00e7\u0131kan ortak d\u00fc\u015fmanlar\u0131 nedeniyle yeniden bir araya gelmek zorunda kal\u0131r. Ne var ki her ikisinin de hayat\u0131 art\u0131k bamba\u015fkad\u0131r. \u00dcstelik tamamen yok olmamak i\u00e7in bir tercih yapmalar\u0131 gerekmektedir. Helene Wecker, son derece ak\u0131c\u0131 ve s\u00fcr\u00fckleyici olan bu ilk roman\u0131nda Orta Do\u011fu k\u00fclt\u00fcr\u00fcn\u00fc, tarihi ve do\u011fa\u00fcst\u00fc unsurlar\u0131 merak uyand\u0131r\u0131c\u0131 bir kurguyla birbirine ba\u011fl\u0131yor. Uluslararas\u0131 \u00e7ok satan listelerine giren; Locus, Nebula ve World Fantasy \u00d6d\u00fcllerine \u201cEn \u0130yi Roman\u201d dal\u0131nda aday g\u00f6sterilen Golem ve Cin, Mythopoeic En \u0130yi Yeti\u015fkin Fantastik Edebiyat \u00d6d\u00fcl\u00fc, Cabell En \u0130yi \u0130lk Roman \u00d6d\u00fcl\u00fc ve Harold U. Ribalow \u00d6d\u00fcl\u00fc\u2019ne lay\u0131k g\u00f6r\u00fclm\u00fc\u015ft\u00fcr.<\/p>\n","protected":false},"excerpt":{"rendered":"<p>SONSUZLU\u011eA UZANAN B\u00dcY\u00dcL\u00dc B\u0130R H\u0130KAYE. \u015eans eseri kar\u015f\u0131la\u015fan iki mitolojik varl\u0131\u011f\u0131n, Golem ve Cin\u2019in \u00f6yk\u00fcs\u00fc, okuru 19. y\u00fczy\u0131l\u0131n sonlar\u0131ndaki New York \u015fehrinde ba\u015f d\u00f6nd\u00fcr\u00fcc\u00fc bir yolculu\u011fa<span class=\"excerpt-hellip\"> [\u2026]<\/span><\/p>\n","protected":false},"featured_media":0,"template":"","meta":{"_monsterinsights_skip_tracking":false,"_monsterinsights_sitenote_active":false,"_monsterinsights_sitenote_note":"","_monsterinsights_sitenote_category":0},"product_brand":[],"product_cat":[12291,12711],"product_tag":[],"class_list":{"0":"post-721748","1":"product","2":"type-product","3":"status-publish","5":"product_cat-edebiyat","6":"product_cat-roman-oyku","7":"pa_cilt-ciltsiz","8":"pa_tur-kitap","9":"pa_yayinevi-panama-yayincilik","10":"pa_yazar-helene-wecker","12":"first","13":"instock","14":"sale","15":"shipping-taxable","16":"purchasable","17":"product-type-simple"},"_links":{"self":[{"href":"https:\/\/roveyayinevi.com.tr\/index.php\/wp-json\/wp\/v2\/product\/721748","targetHints":{"allow":["GET"]}}],"collection":[{"href":"https:\/\/roveyayinevi.com.tr\/index.php\/wp-json\/wp\/v2\/product"}],"about":[{"href":"https:\/\/roveyayinevi.com.tr\/index.php\/wp-json\/wp\/v2\/types\/product"}],"wp:attachment":[{"href":"https:\/\/roveyayinevi.com.tr\/index.php\/wp-json\/wp\/v2\/media?parent=721748"}],"wp:term":[{"taxonomy":"product_brand","embeddable":true,"href":"https:\/\/roveyayinevi.com.tr\/index.php\/wp-json\/wp\/v2\/product_brand?post=721748"},{"taxonomy":"product_cat","embeddable":true,"href":"https:\/\/roveyayinevi.com.tr\/index.php\/wp-json\/wp\/v2\/product_cat?post=721748"},{"taxonomy":"product_tag","embeddable":true,"href":"https:\/\/roveyayinevi.com.tr\/index.php\/wp-json\/wp\/v2\/product_tag?post=721748"}],"curies":[{"name":"wp","href":"https:\/\/api.w.org\/{rel}","templated":true}]}}