{"id":721747,"date":"2025-08-27T18:54:21","date_gmt":"2025-08-27T15:54:21","guid":{"rendered":"https:\/\/roveyayinevi.com.tr\/index.php\/urun\/hayat-her-gun-yeniden-baslar\/"},"modified":"2026-04-16T02:29:45","modified_gmt":"2026-04-15T23:29:45","slug":"hayat-her-gun-yeniden-baslar","status":"publish","type":"product","link":"https:\/\/roveyayinevi.com.tr\/index.php\/urun\/hayat-her-gun-yeniden-baslar\/","title":{"rendered":"Hayat Her G\u00fcn Yeniden Ba\u015flar"},"content":{"rendered":"<p>Sen sadece ge\u00e7mi\u015fini al ve bize gel. Kap\u0131 a\u00e7\u0131k.   Zor zamanlardan ge\u00e7iyorsun. Yar\u0131n karanl\u0131k, g\u00f6remiyorsun. Yine de bu keyifsiz, d\u00fc\u015f\u00fck b\u00fct\u00e7eli g\u00fcnlerde g\u00f6\u011fe uzanan hayaller besliyorsun. Ne g\u00fczel. Hayat zaten b\u00f6yledir, bo\u015f ver. Sen sadece ge\u00e7mi\u015fini al ve bize gel. Kap\u0131 a\u00e7\u0131k. Yere iki minder atar\u0131z, bir de \u00e7ay koyar\u0131z en demlisinden. Hem dolapta \u00e7okomel de var.Olmaz m\u0131? <\/p>\n","protected":false},"excerpt":{"rendered":"<p>Sen sadece ge\u00e7mi\u015fini al ve bize gel. Kap\u0131 a\u00e7\u0131k. Zor zamanlardan ge\u00e7iyorsun. Yar\u0131n karanl\u0131k, g\u00f6remiyorsun. Yine de bu keyifsiz, d\u00fc\u015f\u00fck b\u00fct\u00e7eli g\u00fcnlerde g\u00f6\u011fe uzanan hayaller besliyorsun.<span class=\"excerpt-hellip\"> [\u2026]<\/span><\/p>\n","protected":false},"featured_media":0,"template":"","meta":{"_monsterinsights_skip_tracking":false,"_monsterinsights_sitenote_active":false,"_monsterinsights_sitenote_note":"","_monsterinsights_sitenote_category":0},"product_brand":[],"product_cat":[12777,12291],"product_tag":[],"class_list":{"0":"post-721747","1":"product","2":"type-product","3":"status-publish","5":"product_cat-deneme","6":"product_cat-edebiyat","7":"pa_cilt-ciltsiz","8":"pa_tur-kitap","9":"pa_yayinevi-hayykitap","10":"pa_yazar-osman-ilhan","12":"first","13":"instock","14":"sale","15":"shipping-taxable","16":"purchasable","17":"product-type-simple"},"_links":{"self":[{"href":"https:\/\/roveyayinevi.com.tr\/index.php\/wp-json\/wp\/v2\/product\/721747","targetHints":{"allow":["GET"]}}],"collection":[{"href":"https:\/\/roveyayinevi.com.tr\/index.php\/wp-json\/wp\/v2\/product"}],"about":[{"href":"https:\/\/roveyayinevi.com.tr\/index.php\/wp-json\/wp\/v2\/types\/product"}],"wp:attachment":[{"href":"https:\/\/roveyayinevi.com.tr\/index.php\/wp-json\/wp\/v2\/media?parent=721747"}],"wp:term":[{"taxonomy":"product_brand","embeddable":true,"href":"https:\/\/roveyayinevi.com.tr\/index.php\/wp-json\/wp\/v2\/product_brand?post=721747"},{"taxonomy":"product_cat","embeddable":true,"href":"https:\/\/roveyayinevi.com.tr\/index.php\/wp-json\/wp\/v2\/product_cat?post=721747"},{"taxonomy":"product_tag","embeddable":true,"href":"https:\/\/roveyayinevi.com.tr\/index.php\/wp-json\/wp\/v2\/product_tag?post=721747"}],"curies":[{"name":"wp","href":"https:\/\/api.w.org\/{rel}","templated":true}]}}