{"id":721744,"date":"2025-08-27T18:54:19","date_gmt":"2025-08-27T15:54:19","guid":{"rendered":"https:\/\/roveyayinevi.com.tr\/index.php\/urun\/yildizin-degerini-belirleyen-gece-degil-kendisidir\/"},"modified":"2026-04-16T02:29:44","modified_gmt":"2026-04-15T23:29:44","slug":"yildizin-degerini-belirleyen-gece-degil-kendisidir","status":"publish","type":"product","link":"https:\/\/roveyayinevi.com.tr\/index.php\/urun\/yildizin-degerini-belirleyen-gece-degil-kendisidir\/","title":{"rendered":"Y\u0131ld\u0131z\u0131n Deg\u0306erini Belirleyen Gece Deg\u0306il Kendisidir"},"content":{"rendered":"<p>\u201cBabam gitti, bir daha geri gelmemek \u00fczere\u201d dedi Madeleine, y\u00fcz\u00fcn\u00fc tekrar bana d\u00f6nerek konu\u015fmas\u0131n\u0131 s\u00fcrd\u00fcrd\u00fc: \u201cO andan sonra, kendimi gecesi olmayan bir d\u00fcnyada y\u0131ld\u0131z gibi hissediyordum. Ama annem bir g\u00fcn beni kar\u015f\u0131s\u0131na al\u0131p, \u2018Sevgili yavrum, y\u0131ld\u0131z\u0131n de\u011ferini belirleyen \u015fey, gece de\u011fildir, kendisidir. Hi\u00e7bir zaman gece olmasa da o her zaman parlar, de\u011ferini bilen onu g\u00fcnd\u00fcz de g\u00f6r\u00fcr\u2019 dedi. \u2018Ya kimse g\u00f6remezse, o zaman \u00e7ok \u00fcz\u00fcl\u00fcr\u00fcm. Oysa ben \u0131\u015f\u0131\u011f\u0131m\u0131 sonsuza dek yaymay\u0131 isterdim\u2019 dedim.\u201d Annesinin cevab\u0131n\u0131 s\u00f6ylerken, g\u00f6zleri hi\u00e7 s\u00f6nmeyecek bir umutla parl\u0131yordu: \u201c\u00dcz\u00fclme, sen parlak bir y\u0131ld\u0131zs\u0131n, insanlar g\u00f6remiyorsa bu senin parlak olmad\u0131\u011f\u0131n anlam\u0131na gelmez.\u201d   Her insan i\u00e7inde bir kuyu ta\u015f\u0131r. Kimisi bir k\u00e2\u015fif ruhuyla kuyunun i\u00e7inde ne oldu\u011funu arar durur ya\u015fam\u0131 boyunca. T\u00fcm aray\u0131\u015flar, kusurlar\u0131, yaralar\u0131, ac\u0131lar\u0131, h\u00fcz\u00fcnleri, ya\u015fam\u0131n bir par\u00e7as\u0131 kabul ederek kendini bulma gayretidir. Kimisi ise \u00e7aresiz bir \u015fekilde en dipte kurtar\u0131lmay\u0131 bekler, kuyunun i\u00e7inde ne oldu\u011funu bilmeden. Ama neticesinde herkes kendi kuyusundan bakar g\u00f6ky\u00fcz\u00fcne. Adem Turan\u2019\u0131n kaleme ald\u0131\u011f\u0131 bu kitap, kuyunuza \u0131\u015f\u0131k tutan say\u0131s\u0131z y\u0131ld\u0131zlardan birini sizin i\u00e7in indiriyor yery\u00fcz\u00fcne&#8230; <\/p>\n","protected":false},"excerpt":{"rendered":"<p>\u201cBabam gitti, bir daha geri gelmemek \u00fczere\u201d dedi Madeleine, y\u00fcz\u00fcn\u00fc tekrar bana d\u00f6nerek konu\u015fmas\u0131n\u0131 s\u00fcrd\u00fcrd\u00fc: \u201cO andan sonra, kendimi gecesi olmayan bir d\u00fcnyada y\u0131ld\u0131z gibi hissediyordum.<span class=\"excerpt-hellip\"> [\u2026]<\/span><\/p>\n","protected":false},"featured_media":0,"template":"","meta":{"_monsterinsights_skip_tracking":false,"_monsterinsights_sitenote_active":false,"_monsterinsights_sitenote_note":"","_monsterinsights_sitenote_category":0},"product_brand":[],"product_cat":[12777,12291],"product_tag":[],"class_list":{"0":"post-721744","1":"product","2":"type-product","3":"status-publish","5":"product_cat-deneme","6":"product_cat-edebiyat","7":"pa_cilt-ciltsiz","8":"pa_tur-kitap","9":"pa_yayinevi-destek-yayinlari","10":"pa_yazar-adem-turan","12":"first","13":"instock","14":"sale","15":"shipping-taxable","16":"purchasable","17":"product-type-simple"},"_links":{"self":[{"href":"https:\/\/roveyayinevi.com.tr\/index.php\/wp-json\/wp\/v2\/product\/721744","targetHints":{"allow":["GET"]}}],"collection":[{"href":"https:\/\/roveyayinevi.com.tr\/index.php\/wp-json\/wp\/v2\/product"}],"about":[{"href":"https:\/\/roveyayinevi.com.tr\/index.php\/wp-json\/wp\/v2\/types\/product"}],"wp:attachment":[{"href":"https:\/\/roveyayinevi.com.tr\/index.php\/wp-json\/wp\/v2\/media?parent=721744"}],"wp:term":[{"taxonomy":"product_brand","embeddable":true,"href":"https:\/\/roveyayinevi.com.tr\/index.php\/wp-json\/wp\/v2\/product_brand?post=721744"},{"taxonomy":"product_cat","embeddable":true,"href":"https:\/\/roveyayinevi.com.tr\/index.php\/wp-json\/wp\/v2\/product_cat?post=721744"},{"taxonomy":"product_tag","embeddable":true,"href":"https:\/\/roveyayinevi.com.tr\/index.php\/wp-json\/wp\/v2\/product_tag?post=721744"}],"curies":[{"name":"wp","href":"https:\/\/api.w.org\/{rel}","templated":true}]}}