{"id":721743,"date":"2025-08-27T18:54:18","date_gmt":"2025-08-27T15:54:18","guid":{"rendered":"https:\/\/roveyayinevi.com.tr\/index.php\/urun\/bana-gulucuk-yaz-doktor\/"},"modified":"2026-04-08T02:37:32","modified_gmt":"2026-04-07T23:37:32","slug":"bana-gulucuk-yaz-doktor","status":"publish","type":"product","link":"https:\/\/roveyayinevi.com.tr\/index.php\/urun\/bana-gulucuk-yaz-doktor\/","title":{"rendered":"Bana G\u00fcl\u00fcc\u00fck Yaz Doktor"},"content":{"rendered":"<p>S\u00fckutumu bozdursam Ka\u00e7 para verirler anne? Be\u015f, On, Yirmi? Bir nefes al\u0131r m\u0131y\u0131m mesela, Bir uyku gelir mi?<\/p>\n","protected":false},"excerpt":{"rendered":"<p>S\u00fckutumu bozdursam Ka\u00e7 para verirler anne? Be\u015f, On, Yirmi? Bir nefes al\u0131r m\u0131y\u0131m mesela, Bir uyku gelir mi?<\/p>\n","protected":false},"featured_media":0,"template":"","meta":{"_monsterinsights_skip_tracking":false,"_monsterinsights_sitenote_active":false,"_monsterinsights_sitenote_note":"","_monsterinsights_sitenote_category":0},"product_brand":[],"product_cat":[12291,12509],"product_tag":[],"class_list":{"0":"post-721743","1":"product","2":"type-product","3":"status-publish","5":"product_cat-edebiyat","6":"product_cat-siir","7":"pa_cilt-ciltsiz","8":"pa_tur-kitap","9":"pa_yayinevi-lirik-yayincilik","10":"pa_yazar-mahmut-turan","12":"first","13":"instock","14":"sale","15":"shipping-taxable","16":"purchasable","17":"product-type-simple"},"_links":{"self":[{"href":"https:\/\/roveyayinevi.com.tr\/index.php\/wp-json\/wp\/v2\/product\/721743","targetHints":{"allow":["GET"]}}],"collection":[{"href":"https:\/\/roveyayinevi.com.tr\/index.php\/wp-json\/wp\/v2\/product"}],"about":[{"href":"https:\/\/roveyayinevi.com.tr\/index.php\/wp-json\/wp\/v2\/types\/product"}],"wp:attachment":[{"href":"https:\/\/roveyayinevi.com.tr\/index.php\/wp-json\/wp\/v2\/media?parent=721743"}],"wp:term":[{"taxonomy":"product_brand","embeddable":true,"href":"https:\/\/roveyayinevi.com.tr\/index.php\/wp-json\/wp\/v2\/product_brand?post=721743"},{"taxonomy":"product_cat","embeddable":true,"href":"https:\/\/roveyayinevi.com.tr\/index.php\/wp-json\/wp\/v2\/product_cat?post=721743"},{"taxonomy":"product_tag","embeddable":true,"href":"https:\/\/roveyayinevi.com.tr\/index.php\/wp-json\/wp\/v2\/product_tag?post=721743"}],"curies":[{"name":"wp","href":"https:\/\/api.w.org\/{rel}","templated":true}]}}