{"id":721736,"date":"2025-08-27T18:54:13","date_gmt":"2025-08-27T15:54:13","guid":{"rendered":"https:\/\/roveyayinevi.com.tr\/index.php\/urun\/meteroloji\/"},"modified":"2026-02-03T02:44:00","modified_gmt":"2026-02-02T23:44:00","slug":"meteroloji","status":"publish","type":"product","link":"https:\/\/roveyayinevi.com.tr\/index.php\/urun\/meteroloji\/","title":{"rendered":"Meteroloji"},"content":{"rendered":"<p>Meteoroloji hava ve iklimleri ara\u015ft\u0131ran bilim dal\u0131d\u0131r ve \u2018havada as\u0131l\u0131\u2019 anlam\u0131na gelen \u2018meteoros\u2019 s\u00f6zc\u00fc\u011f\u00fcnden gelmektedir. K\u00fc\u00e7\u00fck hava bilimciler bu kitaptaki sade a\u00e7\u0131klamalar\u0131 okuyup g\u00fczel \u00e7izimlerle renklendirilmi\u015f etkinlikleri yaparken, farkl\u0131 iklimler konusunda bir\u00e7ok \u015fey \u00f6\u011frenecekler. STEM alanlar\u0131na derin bir tutku geli\u015ftirmek i\u00e7in en uygun ba\u015flang\u0131\u00e7\u2026 <\/p>\n","protected":false},"excerpt":{"rendered":"<p>Meteoroloji hava ve iklimleri ara\u015ft\u0131ran bilim dal\u0131d\u0131r ve \u2018havada as\u0131l\u0131\u2019 anlam\u0131na gelen \u2018meteoros\u2019 s\u00f6zc\u00fc\u011f\u00fcnden gelmektedir. K\u00fc\u00e7\u00fck hava bilimciler bu kitaptaki sade a\u00e7\u0131klamalar\u0131 okuyup g\u00fczel \u00e7izimlerle renklendirilmi\u015f<span class=\"excerpt-hellip\"> [\u2026]<\/span><\/p>\n","protected":false},"featured_media":0,"template":"","meta":{"_monsterinsights_skip_tracking":false,"_monsterinsights_sitenote_active":false,"_monsterinsights_sitenote_note":"","_monsterinsights_sitenote_category":0},"product_brand":[],"product_cat":[13829,12274],"product_tag":[],"class_list":{"0":"post-721736","1":"product","2":"type-product","3":"status-publish","5":"product_cat-bilimsel-kitaplar","6":"product_cat-cocuk-ve-genclik-kitaplari","7":"pa_cilt-ciltsiz","8":"pa_tur-kitap","9":"pa_yayinevi-is-bankasi-kultur-yayinlari","10":"pa_yazar-jenny-jacoby","12":"first","13":"instock","14":"sale","15":"shipping-taxable","16":"purchasable","17":"product-type-simple"},"_links":{"self":[{"href":"https:\/\/roveyayinevi.com.tr\/index.php\/wp-json\/wp\/v2\/product\/721736","targetHints":{"allow":["GET"]}}],"collection":[{"href":"https:\/\/roveyayinevi.com.tr\/index.php\/wp-json\/wp\/v2\/product"}],"about":[{"href":"https:\/\/roveyayinevi.com.tr\/index.php\/wp-json\/wp\/v2\/types\/product"}],"wp:attachment":[{"href":"https:\/\/roveyayinevi.com.tr\/index.php\/wp-json\/wp\/v2\/media?parent=721736"}],"wp:term":[{"taxonomy":"product_brand","embeddable":true,"href":"https:\/\/roveyayinevi.com.tr\/index.php\/wp-json\/wp\/v2\/product_brand?post=721736"},{"taxonomy":"product_cat","embeddable":true,"href":"https:\/\/roveyayinevi.com.tr\/index.php\/wp-json\/wp\/v2\/product_cat?post=721736"},{"taxonomy":"product_tag","embeddable":true,"href":"https:\/\/roveyayinevi.com.tr\/index.php\/wp-json\/wp\/v2\/product_tag?post=721736"}],"curies":[{"name":"wp","href":"https:\/\/api.w.org\/{rel}","templated":true}]}}