{"id":721734,"date":"2025-08-27T18:54:11","date_gmt":"2025-08-27T15:54:11","guid":{"rendered":"https:\/\/roveyayinevi.com.tr\/index.php\/urun\/kucuk-ayi-doganin-essiz-hikayeleri-3\/"},"modified":"2026-04-16T02:29:44","modified_gmt":"2026-04-15T23:29:44","slug":"kucuk-ayi-doganin-essiz-hikayeleri-3","status":"publish","type":"product","link":"https:\/\/roveyayinevi.com.tr\/index.php\/urun\/kucuk-ayi-doganin-essiz-hikayeleri-3\/","title":{"rendered":"K\u00fc\u00e7\u00fck Ay\u0131 Do\u011fan\u0131n E\u015fsiz Hikayeleri 3"},"content":{"rendered":"<p>Bir ay\u0131 yavrusunun hayat\u0131n\u0131n ilk y\u0131l\u0131 nas\u0131l ge\u00e7er, hi\u00e7 merak ettiniz mi? \u00d6yleyse k\u00fc\u00e7\u00fck ay\u0131yla tan\u0131\u015fmal\u0131s\u0131n\u0131z! <\/p>\n","protected":false},"excerpt":{"rendered":"<p>Bir ay\u0131 yavrusunun hayat\u0131n\u0131n ilk y\u0131l\u0131 nas\u0131l ge\u00e7er, hi\u00e7 merak ettiniz mi? \u00d6yleyse k\u00fc\u00e7\u00fck ay\u0131yla tan\u0131\u015fmal\u0131s\u0131n\u0131z!<\/p>\n","protected":false},"featured_media":0,"template":"","meta":{"_monsterinsights_skip_tracking":false,"_monsterinsights_sitenote_active":false,"_monsterinsights_sitenote_note":"","_monsterinsights_sitenote_category":0},"product_brand":[],"product_cat":[12913,12274],"product_tag":[],"class_list":{"0":"post-721734","1":"product","2":"type-product","3":"status-publish","5":"product_cat-3-6-yas-kitaplari","6":"product_cat-cocuk-ve-genclik-kitaplari","7":"pa_cilt-ciltsiz","8":"pa_tur-kitap","9":"pa_yayinevi-is-bankasi-kultur-yayinlari","10":"pa_yazar-suzanne-fossey","12":"first","13":"instock","14":"sale","15":"shipping-taxable","16":"purchasable","17":"product-type-simple"},"_links":{"self":[{"href":"https:\/\/roveyayinevi.com.tr\/index.php\/wp-json\/wp\/v2\/product\/721734","targetHints":{"allow":["GET"]}}],"collection":[{"href":"https:\/\/roveyayinevi.com.tr\/index.php\/wp-json\/wp\/v2\/product"}],"about":[{"href":"https:\/\/roveyayinevi.com.tr\/index.php\/wp-json\/wp\/v2\/types\/product"}],"wp:attachment":[{"href":"https:\/\/roveyayinevi.com.tr\/index.php\/wp-json\/wp\/v2\/media?parent=721734"}],"wp:term":[{"taxonomy":"product_brand","embeddable":true,"href":"https:\/\/roveyayinevi.com.tr\/index.php\/wp-json\/wp\/v2\/product_brand?post=721734"},{"taxonomy":"product_cat","embeddable":true,"href":"https:\/\/roveyayinevi.com.tr\/index.php\/wp-json\/wp\/v2\/product_cat?post=721734"},{"taxonomy":"product_tag","embeddable":true,"href":"https:\/\/roveyayinevi.com.tr\/index.php\/wp-json\/wp\/v2\/product_tag?post=721734"}],"curies":[{"name":"wp","href":"https:\/\/api.w.org\/{rel}","templated":true}]}}