{"id":721731,"date":"2025-08-27T18:54:09","date_gmt":"2025-08-27T15:54:09","guid":{"rendered":"https:\/\/roveyayinevi.com.tr\/index.php\/urun\/minik-parmaklar-dikkat-alistirmalari\/"},"modified":"2026-04-16T02:29:44","modified_gmt":"2026-04-15T23:29:44","slug":"minik-parmaklar-dikkat-alistirmalari","status":"publish","type":"product","link":"https:\/\/roveyayinevi.com.tr\/index.php\/urun\/minik-parmaklar-dikkat-alistirmalari\/","title":{"rendered":"Minik Parmaklar Dikkat Al\u0131\u015ft\u0131rmalar\u0131"},"content":{"rendered":"<p>-Konsantrasyon -\u0130nce motor becerilerinin geli\u015fimi -El-g\u00f6z koordinasyonu -\u00c7ocuklar e\u011flenerek \u00f6\u011frensin Minik Parmaklar Dikkat Al\u0131\u015ft\u0131rmalar\u0131, \u00e7ocuklar\u0131n konsantrasyon yeteneklerini geli\u015ftirmeyi ama\u00e7layan bir etkinlik kitab\u0131d\u0131r. \u00c7ocuklar dikkatlerini vererek al\u0131\u015ft\u0131rmalar\u0131 yaparken ince motor kaslar\u0131 da \u00e7al\u0131\u015facak ve zengin g\u00f6rseller e\u015fli\u011finde e\u011flenecekler. <\/p>\n","protected":false},"excerpt":{"rendered":"<p>-Konsantrasyon -\u0130nce motor becerilerinin geli\u015fimi -El-g\u00f6z koordinasyonu -\u00c7ocuklar e\u011flenerek \u00f6\u011frensin Minik Parmaklar Dikkat Al\u0131\u015ft\u0131rmalar\u0131, \u00e7ocuklar\u0131n konsantrasyon yeteneklerini geli\u015ftirmeyi ama\u00e7layan bir etkinlik kitab\u0131d\u0131r. \u00c7ocuklar dikkatlerini vererek al\u0131\u015ft\u0131rmalar\u0131<span class=\"excerpt-hellip\"> [\u2026]<\/span><\/p>\n","protected":false},"featured_media":0,"template":"","meta":{"_monsterinsights_skip_tracking":false,"_monsterinsights_sitenote_active":false,"_monsterinsights_sitenote_note":"","_monsterinsights_sitenote_category":0},"product_brand":[],"product_cat":[12913,12274],"product_tag":[],"class_list":{"0":"post-721731","1":"product","2":"type-product","3":"status-publish","5":"product_cat-3-6-yas-kitaplari","6":"product_cat-cocuk-ve-genclik-kitaplari","7":"pa_cilt-ciltsiz","8":"pa_tur-kitap","9":"pa_yayinevi-is-bankasi-kultur-yayinlari","10":"pa_yazar-angela-wiesner","12":"first","13":"instock","14":"sale","15":"shipping-taxable","16":"purchasable","17":"product-type-simple"},"_links":{"self":[{"href":"https:\/\/roveyayinevi.com.tr\/index.php\/wp-json\/wp\/v2\/product\/721731","targetHints":{"allow":["GET"]}}],"collection":[{"href":"https:\/\/roveyayinevi.com.tr\/index.php\/wp-json\/wp\/v2\/product"}],"about":[{"href":"https:\/\/roveyayinevi.com.tr\/index.php\/wp-json\/wp\/v2\/types\/product"}],"wp:attachment":[{"href":"https:\/\/roveyayinevi.com.tr\/index.php\/wp-json\/wp\/v2\/media?parent=721731"}],"wp:term":[{"taxonomy":"product_brand","embeddable":true,"href":"https:\/\/roveyayinevi.com.tr\/index.php\/wp-json\/wp\/v2\/product_brand?post=721731"},{"taxonomy":"product_cat","embeddable":true,"href":"https:\/\/roveyayinevi.com.tr\/index.php\/wp-json\/wp\/v2\/product_cat?post=721731"},{"taxonomy":"product_tag","embeddable":true,"href":"https:\/\/roveyayinevi.com.tr\/index.php\/wp-json\/wp\/v2\/product_tag?post=721731"}],"curies":[{"name":"wp","href":"https:\/\/api.w.org\/{rel}","templated":true}]}}